{"id":129,"date":"2018-02-22T23:27:47","date_gmt":"2018-02-22T22:27:47","guid":{"rendered":"http:\/\/auratoria.com\/?page_id=129"},"modified":"2025-03-16T13:36:49","modified_gmt":"2025-03-16T12:36:49","slug":"nos-partenaires","status":"publish","type":"page","link":"https:\/\/auratoria.com\/fr\/qui-sommes-nous\/nos-partenaires\/","title":{"rendered":"Nos partenaires"},"content":{"rendered":"<div class=\"bt_bb_wrapper\"><h1><img decoding=\"async\" loading=\"lazy\" class=\"alignnone size-medium wp-image-786\" src=\"http:\/\/auratoria.com\/wp-content\/uploads\/2018\/11\/ligne_rouge_haut-1-300x11.jpg\" alt=\"\" width=\"300\" height=\"11\" srcset=\"https:\/\/auratoria.com\/wp-content\/uploads\/2018\/11\/ligne_rouge_haut-1-300x11.jpg 300w, https:\/\/auratoria.com\/wp-content\/uploads\/2018\/11\/ligne_rouge_haut-1.jpg 400w\" sizes=\"(max-width: 300px) 100vw, 300px\" \/><br \/>\nNos partenaires<br \/>\n<img decoding=\"async\" loading=\"lazy\" class=\"size-medium wp-image-787 alignright\" src=\"http:\/\/auratoria.com\/wp-content\/uploads\/2018\/11\/ligne_rouge_bas-1-300x11.jpg\" alt=\"\" width=\"300\" height=\"11\" srcset=\"https:\/\/auratoria.com\/wp-content\/uploads\/2018\/11\/ligne_rouge_bas-1-300x11.jpg 300w, https:\/\/auratoria.com\/wp-content\/uploads\/2018\/11\/ligne_rouge_bas-1.jpg 400w\" sizes=\"(max-width: 300px) 100vw, 300px\" \/><\/h1>\n<p>&nbsp;<\/p>\n<p>Pour faire face aux changements, \u00e0 l&rsquo;acc\u00e9l\u00e9ration digitale&#8230; vous cherchez \u00e0 <strong>rester comp\u00e9titifs, agiles et innovants<\/strong> ? A <strong>faire \u00e9merger les potentiels<\/strong> au sein de votre organisation ? A les <strong>consolider,<\/strong> les <strong>fid\u00e9liser<\/strong> et d\u00e9velopper votre <strong>marque employeur<\/strong> pour attirer les meilleurs talents ? A <strong>lib\u00e9rer les \u00e9nergies et la cr\u00e9ativit\u00e9<\/strong> ? A <strong>assurer un environnement de travail positif<\/strong> ?<br \/>\nA <strong>d\u00e9velopper une image attractive<\/strong> pour vos clients ?<\/p>\n<p>Pour vous accompagner dans ces enjeux et vous proposer la <strong>combinaison de comp\u00e9tences adapt\u00e9e \u00e0 vos besoins<\/strong>, nous travaillons avec des <strong>partenaires de confiance<\/strong>, avec lesquels nous partageons des <strong>valeurs fortes<\/strong>.<\/p>\n<p>Sp\u00e9cialistes en executive coaching, coaching de managers, d&rsquo;\u00e9quipes, d&rsquo;individus, d&rsquo;organisation, sophrologie, pr\u00e9paration mentale, qualit\u00e9 de vie au travail, mise en sc\u00e8ne, \u00e9criture narrative et storytelling, jeu d&rsquo;acteur, intelligence \u00e9motionnelle et relationnelle, culture hackers, langues et cultures anglo-saxonnes, environnement international, interculturel, facilitation, design thinking, agilit\u00e9, intrapreneuriat et innovation, communication digitale, e-r\u00e9putation, strat\u00e9gie et identit\u00e9 de marque, \u00e9ducation\u2026<\/p>\n<p>Le champ des possibles, la dynamisation des performances et le renouveau des \u00e9nergies s&rsquo;ouvrent, gr\u00e2ce \u00e0 des <strong>talents de haut niveau<\/strong>.<\/p>\n<p><img decoding=\"async\" loading=\"lazy\" class=\"aligncenter wp-image-3409\" src=\"https:\/\/auratoria.com\/wp-content\/uploads\/2024\/05\/logo-LeadTeam-300x300.png\" alt=\"Logo Lead&#038;Team\" width=\"200\" height=\"200\" srcset=\"https:\/\/auratoria.com\/wp-content\/uploads\/2024\/05\/logo-LeadTeam-300x300.png 300w, https:\/\/auratoria.com\/wp-content\/uploads\/2024\/05\/logo-LeadTeam-150x150.png 150w, https:\/\/auratoria.com\/wp-content\/uploads\/2024\/05\/logo-LeadTeam-100x100.png 100w, https:\/\/auratoria.com\/wp-content\/uploads\/2024\/05\/logo-LeadTeam.png 360w\" sizes=\"(max-width: 200px) 100vw, 200px\" \/><\/p>\n<p style=\"text-align: center;\"><img decoding=\"async\" loading=\"lazy\" class=\"aligncenter wp-image-2539\" src=\"https:\/\/auratoria.com\/wp-content\/uploads\/2022\/06\/Logo_AS-CO.png\" alt=\"logo ASCO\" width=\"200\" height=\"120\" \/><\/p>\n<p style=\"text-align: center;\"><img decoding=\"async\" loading=\"lazy\" class=\"aligncenter wp-image-1612\" src=\"https:\/\/auratoria.com\/wp-content\/uploads\/2020\/08\/LOGO_MENTALFUZE.png\" alt=\"\" width=\"200\" height=\"106\" srcset=\"https:\/\/auratoria.com\/wp-content\/uploads\/2020\/08\/LOGO_MENTALFUZE.png 1655w, https:\/\/auratoria.com\/wp-content\/uploads\/2020\/08\/LOGO_MENTALFUZE-300x159.png 300w, https:\/\/auratoria.com\/wp-content\/uploads\/2020\/08\/LOGO_MENTALFUZE-768x408.png 768w, https:\/\/auratoria.com\/wp-content\/uploads\/2020\/08\/LOGO_MENTALFUZE-1024x544.png 1024w\" sizes=\"(max-width: 200px) 100vw, 200px\" \/><\/p>\n<p><img decoding=\"async\" loading=\"lazy\" class=\"aligncenter wp-image-1553 size-full\" src=\"https:\/\/auratoria.com\/wp-content\/uploads\/2020\/06\/Logo_Antalpi-e1592301211672.jpg\" alt=\"\" width=\"200\" height=\"67\" \/><img decoding=\"async\" loading=\"lazy\" class=\"aligncenter wp-image-1548 size-full\" src=\"https:\/\/auratoria.com\/wp-content\/uploads\/2020\/06\/Logo_Winner_Inc-e1592300875879.png\" alt=\"\" width=\"200\" height=\"200\" \/><\/p>\n<p><img decoding=\"async\" loading=\"lazy\" class=\"aligncenter wp-image-342 size-full\" src=\"https:\/\/auratoria.com\/wp-content\/uploads\/2018\/04\/logo-Talent-Focus.png\" alt=\"Logo Talent Focus\" width=\"200\" height=\"111\" \/><\/p>\n<p><img decoding=\"async\" loading=\"lazy\" class=\"aligncenter wp-image-2228\" src=\"https:\/\/auratoria.com\/wp-content\/uploads\/2021\/06\/logo_CEGOS.png\" alt=\"\" width=\"200\" height=\"200\" srcset=\"https:\/\/auratoria.com\/wp-content\/uploads\/2021\/06\/logo_CEGOS.png 212w, https:\/\/auratoria.com\/wp-content\/uploads\/2021\/06\/logo_CEGOS-150x150.png 150w, https:\/\/auratoria.com\/wp-content\/uploads\/2021\/06\/logo_CEGOS-100x100.png 100w\" sizes=\"(max-width: 200px) 100vw, 200px\" \/><\/p>\n<p><img decoding=\"async\" loading=\"lazy\" class=\"aligncenter wp-image-2674\" src=\"https:\/\/auratoria.com\/wp-content\/uploads\/2023\/02\/Crepuscule_logo.png\" alt=\"\" width=\"200\" height=\"200\" srcset=\"https:\/\/auratoria.com\/wp-content\/uploads\/2023\/02\/Crepuscule_logo.png 234w, https:\/\/auratoria.com\/wp-content\/uploads\/2023\/02\/Crepuscule_logo-150x150.png 150w, https:\/\/auratoria.com\/wp-content\/uploads\/2023\/02\/Crepuscule_logo-100x100.png 100w\" sizes=\"(max-width: 200px) 100vw, 200px\" \/><\/p>\n<p>&nbsp;<\/p>\n<p>&nbsp;<\/p>\n<\/div>","protected":false},"excerpt":{"rendered":"<p>Nos partenaires &nbsp; Pour faire face aux changements, \u00e0 l&rsquo;acc\u00e9l\u00e9ration digitale&#8230; vous cherchez \u00e0 rester comp\u00e9titifs, agiles et innovants ? A faire \u00e9merger les potentiels au sein de votre organisation ? A les consolider, les fid\u00e9liser et d\u00e9velopper votre marque employeur pour attirer les meilleurs talents ? A lib\u00e9rer les \u00e9nergies et la cr\u00e9ativit\u00e9 ? &hellip; <\/p>\n<p class=\"link-more\"><a href=\"https:\/\/auratoria.com\/fr\/qui-sommes-nous\/nos-partenaires\/\" class=\"more-link\">Continuer la lecture<span class=\"screen-reader-text\"> de &laquo;&nbsp;Nos partenaires&nbsp;&raquo;<\/span><\/a><\/p>\n","protected":false},"author":1,"featured_media":0,"parent":143,"menu_order":1,"comment_status":"closed","ping_status":"closed","template":"","meta":{"footnotes":""},"_links":{"self":[{"href":"https:\/\/auratoria.com\/fr\/wp-json\/wp\/v2\/pages\/129"}],"collection":[{"href":"https:\/\/auratoria.com\/fr\/wp-json\/wp\/v2\/pages"}],"about":[{"href":"https:\/\/auratoria.com\/fr\/wp-json\/wp\/v2\/types\/page"}],"author":[{"embeddable":true,"href":"https:\/\/auratoria.com\/fr\/wp-json\/wp\/v2\/users\/1"}],"replies":[{"embeddable":true,"href":"https:\/\/auratoria.com\/fr\/wp-json\/wp\/v2\/comments?post=129"}],"version-history":[{"count":64,"href":"https:\/\/auratoria.com\/fr\/wp-json\/wp\/v2\/pages\/129\/revisions"}],"predecessor-version":[{"id":3657,"href":"https:\/\/auratoria.com\/fr\/wp-json\/wp\/v2\/pages\/129\/revisions\/3657"}],"up":[{"embeddable":true,"href":"https:\/\/auratoria.com\/fr\/wp-json\/wp\/v2\/pages\/143"}],"wp:attachment":[{"href":"https:\/\/auratoria.com\/fr\/wp-json\/wp\/v2\/media?parent=129"}],"curies":[{"name":"wp","href":"https:\/\/api.w.org\/{rel}","templated":true}]}}