{"id":143,"date":"2018-02-22T23:52:26","date_gmt":"2018-02-22T22:52:26","guid":{"rendered":"http:\/\/auratoria.com\/?page_id=143"},"modified":"2025-01-05T15:30:09","modified_gmt":"2025-01-05T14:30:09","slug":"qui-sommes-nous","status":"publish","type":"page","link":"https:\/\/auratoria.com\/fr\/","title":{"rendered":"Pr\u00e9sentation"},"content":{"rendered":"<div class=\"bt_bb_wrapper\"><h1><img decoding=\"async\" loading=\"lazy\" class=\"alignnone size-medium wp-image-786\" src=\"http:\/\/auratoria.com\/wp-content\/uploads\/2018\/11\/ligne_rouge_haut-1-300x11.jpg\" alt=\"\" width=\"300\" height=\"11\" srcset=\"https:\/\/auratoria.com\/wp-content\/uploads\/2018\/11\/ligne_rouge_haut-1-300x11.jpg 300w, https:\/\/auratoria.com\/wp-content\/uploads\/2018\/11\/ligne_rouge_haut-1.jpg 400w\" sizes=\"(max-width: 300px) 100vw, 300px\" \/><br \/>\nQui sommes-nous ?<br \/>\n<img decoding=\"async\" loading=\"lazy\" class=\"size-medium wp-image-787 alignright\" src=\"http:\/\/auratoria.com\/wp-content\/uploads\/2018\/11\/ligne_rouge_bas-1-300x11.jpg\" alt=\"\" width=\"300\" height=\"11\" srcset=\"https:\/\/auratoria.com\/wp-content\/uploads\/2018\/11\/ligne_rouge_bas-1-300x11.jpg 300w, https:\/\/auratoria.com\/wp-content\/uploads\/2018\/11\/ligne_rouge_bas-1.jpg 400w\" sizes=\"(max-width: 300px) 100vw, 300px\" \/><\/h1>\n<p>&nbsp;<\/p>\n<p><img decoding=\"async\" loading=\"lazy\" class=\"alignleft size-thumbnail wp-image-643\" src=\"https:\/\/auratoria.com\/wp-content\/uploads\/2018\/09\/logo_auratoria_base_favicon_HD-150x150.jpg\" alt=\"\" width=\"150\" height=\"150\" srcset=\"https:\/\/auratoria.com\/wp-content\/uploads\/2018\/09\/logo_auratoria_base_favicon_HD-150x150.jpg 150w, https:\/\/auratoria.com\/wp-content\/uploads\/2018\/09\/logo_auratoria_base_favicon_HD-300x300.jpg 300w, https:\/\/auratoria.com\/wp-content\/uploads\/2018\/09\/logo_auratoria_base_favicon_HD-100x100.jpg 100w, https:\/\/auratoria.com\/wp-content\/uploads\/2018\/09\/logo_auratoria_base_favicon_HD.jpg 595w\" sizes=\"(max-width: 150px) 100vw, 150px\" \/><\/p>\n<p>AURATORIA est un cabinet <span style=\"font-size: 1rem;\">qui aide les <strong>dirigeants<\/strong>, les <strong>managers<\/strong>, les <strong>\u00e9quipes<\/strong> et les <strong>organisations<\/strong> \u00e0<strong> lib\u00e9rer et f\u00e9d\u00e9rer les \u00e9nergies<\/strong> par la parole, la m\u00e9thode et l\u2019exp\u00e9rimentation.<\/span><\/p>\n<p>Nous sommes <strong>artisans de votre performance individuelle, collective et communicationnelle<\/strong>,<strong>\u00a0<\/strong>\u00e0 travers ce qu\u2019elle a de fondamental et d\u2019essentiel : la <strong>congruence<\/strong>, via une parole vivante, incarn\u00e9e dans l\u2019action, align\u00e9e sur des valeurs partag\u00e9es.<\/p>\n<ul>\n<li><strong>Nos services sur-mesure :<\/strong> \u00a0<a href=\"https:\/\/auratoria.com\/coaching-professionnel-individuel-et-collectif\/\" target=\"_blank\" rel=\"noopener\">coaching professionnel individuel ou collectif<\/a> par des coachs professionnels certifi\u00e9s, <a href=\"https:\/\/auratoria.com\/prestations-animation-evenements-et-conseil\/\" target=\"_blank\" rel=\"noopener\">s\u00e9minaires et ateliers,<\/a> <a href=\"https:\/\/auratoria.com\/formations-intraentreprise-sur-mesure\/\" target=\"_blank\" rel=\"noopener\">formations intra-entreprise<\/a>,<\/li>\n<li><strong>Notre credo :<\/strong> la communication la plus efficace implique l\u2019humain dans son entier.<strong><strong style=\"font-size: 1rem;\"><strong><i><em><img decoding=\"async\" loading=\"lazy\" class=\"wp-image-2122 size-thumbnail alignright\" src=\"https:\/\/auratoria.com\/wp-content\/uploads\/2021\/04\/pexels-cottonbro-4676443-carre-mug-anglais-150x150.jpg\" alt=\"\" width=\"150\" height=\"150\" srcset=\"https:\/\/auratoria.com\/wp-content\/uploads\/2021\/04\/pexels-cottonbro-4676443-carre-mug-anglais-150x150.jpg 150w, https:\/\/auratoria.com\/wp-content\/uploads\/2021\/04\/pexels-cottonbro-4676443-carre-mug-anglais-300x300.jpg 300w, https:\/\/auratoria.com\/wp-content\/uploads\/2021\/04\/pexels-cottonbro-4676443-carre-mug-anglais-768x769.jpg 768w, https:\/\/auratoria.com\/wp-content\/uploads\/2021\/04\/pexels-cottonbro-4676443-carre-mug-anglais-1024x1024.jpg 1024w, https:\/\/auratoria.com\/wp-content\/uploads\/2021\/04\/pexels-cottonbro-4676443-carre-mug-anglais-100x100.jpg 100w, https:\/\/auratoria.com\/wp-content\/uploads\/2021\/04\/pexels-cottonbro-4676443-carre-mug-anglais.jpg 1162w\" sizes=\"(max-width: 150px) 100vw, 150px\" \/><\/em><\/i><\/strong><\/strong><\/strong><\/li>\n<li><strong>Nos atouts :<\/strong>\n<ul>\n<li>interventions en <strong style=\"font-size: 1rem;\">anglai<\/strong><strong style=\"font-size: 1rem;\">s ou en fran\u00e7ais<\/strong><span style=\"font-size: 1rem;\">, en phase avec vos\u00a0 environnements internationaux et multiculturels,<\/span><\/li>\n<li>une \u00e9coute et une exp\u00e9rience tout-terrain qui nous permettent une adaptation rapide,<\/li>\n<li>l\u2019exp\u00e9rience des responsabilit\u00e9s en entreprise,<\/li>\n<li>une alliance d\u2019exigence et de bienveillance,<\/li>\n<li>une m\u00e9thode \u00e9prouv\u00e9e,<\/li>\n<li>des intervenants exp\u00e9riment\u00e9s,<\/li>\n<li>et une bonne dose d\u2019humour, de d\u00e9calage et de ludo-p\u00e9dagogie !<\/li>\n<\/ul>\n<\/li>\n<\/ul>\n<p style=\"text-align: center;\"><span style=\"color: #993300;\"><strong>Haut niveau d\u2019exigence professionnelle, bienveillance, esprit de convivialit\u00e9,<br \/>\ndynamisation, mise en pratique et en action sont au rendez-vous<\/strong><\/span><\/p>\n<p style=\"text-align: center;\"><a href=\"https:\/\/auratoria.com\/nos-references\/ils-disent-de-nous\/\" target=\"_blank\" rel=\"noopener\">Nos clients et participants vous parlent de leur exp\u00e9rience avec AURATORIA<\/a><\/p>\n<\/div>","protected":false},"excerpt":{"rendered":"<p>Qui sommes-nous ? &nbsp; AURATORIA est un cabinet qui aide les dirigeants, les managers, les \u00e9quipes et les organisations \u00e0 lib\u00e9rer et f\u00e9d\u00e9rer les \u00e9nergies par la parole, la m\u00e9thode et l\u2019exp\u00e9rimentation. Nous sommes artisans de votre performance individuelle, collective et communicationnelle,\u00a0\u00e0 travers ce qu\u2019elle a de fondamental et d\u2019essentiel : la congruence, via une &hellip; <\/p>\n<p class=\"link-more\"><a href=\"https:\/\/auratoria.com\/fr\/\" class=\"more-link\">Continuer la lecture<span class=\"screen-reader-text\"> de &laquo;&nbsp;Pr\u00e9sentation&nbsp;&raquo;<\/span><\/a><\/p>\n","protected":false},"author":1,"featured_media":0,"parent":0,"menu_order":1,"comment_status":"closed","ping_status":"closed","template":"","meta":{"footnotes":""},"_links":{"self":[{"href":"https:\/\/auratoria.com\/fr\/wp-json\/wp\/v2\/pages\/143"}],"collection":[{"href":"https:\/\/auratoria.com\/fr\/wp-json\/wp\/v2\/pages"}],"about":[{"href":"https:\/\/auratoria.com\/fr\/wp-json\/wp\/v2\/types\/page"}],"author":[{"embeddable":true,"href":"https:\/\/auratoria.com\/fr\/wp-json\/wp\/v2\/users\/1"}],"replies":[{"embeddable":true,"href":"https:\/\/auratoria.com\/fr\/wp-json\/wp\/v2\/comments?post=143"}],"version-history":[{"count":164,"href":"https:\/\/auratoria.com\/fr\/wp-json\/wp\/v2\/pages\/143\/revisions"}],"predecessor-version":[{"id":3606,"href":"https:\/\/auratoria.com\/fr\/wp-json\/wp\/v2\/pages\/143\/revisions\/3606"}],"wp:attachment":[{"href":"https:\/\/auratoria.com\/fr\/wp-json\/wp\/v2\/media?parent=143"}],"curies":[{"name":"wp","href":"https:\/\/api.w.org\/{rel}","templated":true}]}}