{"id":1921,"date":"2021-03-07T11:02:40","date_gmt":"2021-03-07T10:02:40","guid":{"rendered":"https:\/\/auratoria.com\/?page_id=1921"},"modified":"2024-02-02T18:26:59","modified_gmt":"2024-02-02T17:26:59","slug":"female-voice-empowerment-coaching-vocal-au-feminin","status":"publish","type":"page","link":"https:\/\/auratoria.com\/fr\/female-voice-empowerment-coaching-vocal-au-feminin\/","title":{"rendered":"Female Voice Empowerment"},"content":{"rendered":"<div class=\"bt_bb_wrapper\"><h1><img decoding=\"async\" loading=\"lazy\" class=\"alignnone size-medium wp-image-786\" src=\"http:\/\/auratoria.com\/wp-content\/uploads\/2018\/11\/ligne_rouge_haut-1-300x11.jpg\" alt=\"\" width=\"300\" height=\"11\" srcset=\"https:\/\/auratoria.com\/wp-content\/uploads\/2018\/11\/ligne_rouge_haut-1-300x11.jpg 300w, https:\/\/auratoria.com\/wp-content\/uploads\/2018\/11\/ligne_rouge_haut-1.jpg 400w\" sizes=\"(max-width: 300px) 100vw, 300px\" \/><br \/>\nFemale Voice Empowerment : le coaching vocal au f\u00e9minin par AURATORIA\u00ae<img decoding=\"async\" loading=\"lazy\" class=\"size-medium wp-image-787 alignright\" src=\"http:\/\/auratoria.com\/wp-content\/uploads\/2018\/11\/ligne_rouge_bas-1-300x11.jpg\" alt=\"\" width=\"300\" height=\"11\" srcset=\"https:\/\/auratoria.com\/wp-content\/uploads\/2018\/11\/ligne_rouge_bas-1-300x11.jpg 300w, https:\/\/auratoria.com\/wp-content\/uploads\/2018\/11\/ligne_rouge_bas-1.jpg 400w\" sizes=\"(max-width: 300px) 100vw, 300px\" \/><\/h1>\n<h2><img decoding=\"async\" loading=\"lazy\" class=\"wp-image-348 size-medium alignright\" style=\"color: #333333; font-size: 1rem;\" src=\"https:\/\/auratoria.com\/wp-content\/uploads\/2018\/04\/Coaching_Auratoria_AdobeStock_104820474_low_res-300x187.jpeg\" alt=\"Coaching Auratoria Female Voice Empowerment\" width=\"300\" height=\"187\" \/>Voix et leadership<\/h2>\n<p>Chez AURATORIA, nous avons la conviction que <strong>les voix f\u00e9minines doivent se faire plus et mieux entendre<\/strong> pour <strong>favoriser l&rsquo;\u00e9mergence du leadership f\u00e9minin<\/strong> et d&rsquo;une r\u00e9elle parit\u00e9, dans l&rsquo;entreprise\u00a0comme dans les m\u00e9dia.<\/p>\n<p><strong><img decoding=\"async\" loading=\"lazy\" class=\"alignleft wp-image-2091 size-thumbnail\" src=\"https:\/\/auratoria.com\/wp-content\/uploads\/2021\/04\/maria-krisanova-oxVxFGoweWM-unsplash_Photo-by-Maria-Krisanova-on-Unsplash-150x150.jpg\" alt=\"\" width=\"150\" height=\"150\" srcset=\"https:\/\/auratoria.com\/wp-content\/uploads\/2021\/04\/maria-krisanova-oxVxFGoweWM-unsplash_Photo-by-Maria-Krisanova-on-Unsplash-150x150.jpg 150w, https:\/\/auratoria.com\/wp-content\/uploads\/2021\/04\/maria-krisanova-oxVxFGoweWM-unsplash_Photo-by-Maria-Krisanova-on-Unsplash-100x100.jpg 100w\" sizes=\"(max-width: 150px) 100vw, 150px\" \/>Trois facteurs jouent un r\u00f4le pr\u00e9pond\u00e9rant dans le manque de prise de parole des femmes :<\/strong><\/p>\n<ol>\n<li>L&rsquo;espace public est pr\u00e9empt\u00e9 culturellement par les hommes : ils sont encore majoritairement \u00e9duqu\u00e9s \u00e0 prendre plus de place et \u00e0 saisir les opportunit\u00e9s. Mansplaining, bropropriation et autres manterruption en sont des sympt\u00f4mes, de m\u00eame qu&rsquo;une mise en avant plus r\u00e9guli\u00e8re.<\/li>\n<li>Les femmes int\u00e8grent de nombreux diktats sociaux qui limitent leur pr\u00e9sence\u00a0 sociale et physique, outre le trop fameux \u00ab\u00a0sois belle et tais-toi\u00a0\u00bb dont elles commencent &#8211; heureusement ! &#8211; \u00e0 se lib\u00e9rer.<\/li>\n<li>Les voix f\u00e9minines ont souvent une port\u00e9e plus faible, appuy\u00e9es sur plus d&rsquo;aigus et un souffle moins d\u00e9velopp\u00e9.<\/li>\n<\/ol>\n<h2 style=\"padding-top: 0px;\">Transformer votre voix en alli\u00e9e puissante<\/h2>\n<h2 style=\"padding-top: 0px;\"><img decoding=\"async\" loading=\"lazy\" class=\"alignright wp-image-1936 size-medium\" src=\"https:\/\/auratoria.com\/wp-content\/uploads\/2021\/03\/miguel-bruna-TzVN0xQhWaQ-unsplash_Photo-by-Miguel-Bruna-on-Unsplash-240x300.jpg\" alt=\"\" width=\"240\" height=\"300\" srcset=\"https:\/\/auratoria.com\/wp-content\/uploads\/2021\/03\/miguel-bruna-TzVN0xQhWaQ-unsplash_Photo-by-Miguel-Bruna-on-Unsplash-240x300.jpg 240w, https:\/\/auratoria.com\/wp-content\/uploads\/2021\/03\/miguel-bruna-TzVN0xQhWaQ-unsplash_Photo-by-Miguel-Bruna-on-Unsplash-768x960.jpg 768w, https:\/\/auratoria.com\/wp-content\/uploads\/2021\/03\/miguel-bruna-TzVN0xQhWaQ-unsplash_Photo-by-Miguel-Bruna-on-Unsplash-819x1024.jpg 819w\" sizes=\"(max-width: 240px) 100vw, 240px\" \/><\/h2>\n<p><b>En pr\u00e9sence, <\/b>votre voix assure seule <b>pr\u00e8s de la moiti\u00e9 de votre impact <\/b>: votre communication vocale, ou paraverbale, prend le pas sur vos mots eux-m\u00eames, votre communication verbale.<\/p>\n<p><b>A distance<\/b>, votre voix peut \u00e0 elle seule r\u00e9aliser jusqu\u2019\u00e0 <b>90% de votre impact.<\/b> Les signaux non-verbaux sont bien plus faibles en visioconf\u00e9rence, voire totalement absents au t\u00e9l\u00e9phone ou en \u00e9cran noir : c\u2019est votre voix qui y fera la diff\u00e9rence et signera vos r\u00e9sultats.<\/p>\n<p><strong>Vous faire entendre, vous faire comprendre, capter et maintenir l&rsquo;attention :<\/strong> ce sont les 3 missions de votre voix en environnement professionnel.<\/p>\n<p>Ces 3 missions se retrouvent dans votre vie personnelle.<\/p>\n<p>Vous sentez &#8211; ou votre entourage vous renvoie &#8211; que <strong>votre voix ne traduit pas votre identit\u00e9<\/strong> ? Qu&rsquo;elle vous <strong>fait d\u00e9faut aux moments cruciaux<\/strong> ? Que vos messages ne sont <strong>pas entendus<\/strong> ?<\/p>\n<p><a href=\"https:\/\/auratoria.com\/prise-de-parole-en-public\/methode_ancrage_partage\/picto_parole_auratoria\/\" rel=\"attachment wp-att-1128\"><img decoding=\"async\" loading=\"lazy\" class=\"alignleft size-full wp-image-1128\" src=\"https:\/\/auratoria.com\/wp-content\/uploads\/2020\/01\/Picto_Parole_AURATORIA.png\" alt=\"Picto_Parole_AURATORIA\" width=\"161\" height=\"161\" srcset=\"https:\/\/auratoria.com\/wp-content\/uploads\/2020\/01\/Picto_Parole_AURATORIA.png 161w, https:\/\/auratoria.com\/wp-content\/uploads\/2020\/01\/Picto_Parole_AURATORIA-150x150.png 150w, https:\/\/auratoria.com\/wp-content\/uploads\/2020\/01\/Picto_Parole_AURATORIA-100x100.png 100w\" sizes=\"(max-width: 161px) 100vw, 161px\" \/><\/a><strong>Female Voice Empowerment<\/strong>, c&rsquo;est un coaching vocal qui vous apportera les techniques efficaces issues de plus de <strong>25 ans de la sc\u00e8ne, de la voix parl\u00e9e et chant\u00e9e<\/strong>\u00a0et des\u00a0<strong>accompagnements professionnels<\/strong> que nous r\u00e9alisons chez AURATORIA avec notre <a href=\"https:\/\/auratoria.com\/prise-de-parole-en-public\/methode_ancrage_partage\/\">m\u00e9thode <strong>Ancrage&#038;Partage\u00ae <\/strong><\/a>.<\/p>\n<p>Avec ce coaching, vous apprendrez \u00e0 d\u00e9bloquer votre souffle et votre voix, vous la r\u00e9approprier, l&rsquo;enrichir et la nuancer, et la faire r\u00e9sonner sans fatigue, afin de lui faire mener ses 3 missions au service de vos messages, et, selon vos objectifs, <strong>prendre confiance en vous<\/strong>, <b>influencer<\/b>, <b>s\u00e9duire<\/b>, <b>convaincre<\/b>, inspirer <b>confiance<\/b>, <b>captiver<\/b> interlocuteurs ou auditoires.<\/p>\n<p><a href=\"https:\/\/auratoria.com\/2021\/03\/08\/coaching-vocal-female-voice-empowerment-mars-2021\/go_black-microphone-1840320-photo-by-teemu-r-from-pexels-rect-2\/\" rel=\"attachment wp-att-1942\"><img decoding=\"async\" loading=\"lazy\" class=\"wp-image-1942 size-large aligncenter\" src=\"https:\/\/auratoria.com\/wp-content\/uploads\/2021\/03\/Go_black-microphone-1840320-Photo-by-Teemu-R-from-Pexels-rect-1024x588.jpg\" alt=\"\" width=\"525\" height=\"301\" srcset=\"https:\/\/auratoria.com\/wp-content\/uploads\/2021\/03\/Go_black-microphone-1840320-Photo-by-Teemu-R-from-Pexels-rect-1024x588.jpg 1024w, https:\/\/auratoria.com\/wp-content\/uploads\/2021\/03\/Go_black-microphone-1840320-Photo-by-Teemu-R-from-Pexels-rect-300x172.jpg 300w, https:\/\/auratoria.com\/wp-content\/uploads\/2021\/03\/Go_black-microphone-1840320-Photo-by-Teemu-R-from-Pexels-rect-768x441.jpg 768w\" sizes=\"(max-width: 525px) 100vw, 525px\" \/><\/a><\/p>\n<h2>Comment se d\u00e9roule ce coaching vocal ?<\/h2>\n<p><img decoding=\"async\" loading=\"lazy\" class=\"wp-image-1944 size-thumbnail alignright\" src=\"https:\/\/auratoria.com\/wp-content\/uploads\/2021\/03\/Photo-by-Stas-Knop-from-Pexels_rentree_AURATORIA-150x150.jpg\" alt=\"\" width=\"150\" height=\"150\" srcset=\"https:\/\/auratoria.com\/wp-content\/uploads\/2021\/03\/Photo-by-Stas-Knop-from-Pexels_rentree_AURATORIA-150x150.jpg 150w, https:\/\/auratoria.com\/wp-content\/uploads\/2021\/03\/Photo-by-Stas-Knop-from-Pexels_rentree_AURATORIA-100x100.jpg 100w\" sizes=\"(max-width: 150px) 100vw, 150px\" \/><\/p>\n<p>8h de coaching individuel avec une <a href=\"https:\/\/auratoria.com\/prise-de-parole-en-public\/qui-sommes-nous\/\">coach experte de la communication, de la voix et de la sc\u00e8ne<\/a>, \u00e0 distance en visioconf\u00e9rence s\u00e9curis\u00e9e.<\/p>\n<p>Selon votre choix, les s\u00e9ances se d\u00e9roulent en <strong>fran\u00e7ais<\/strong> ou en <strong>anglais.<\/strong><\/p>\n<ol>\n<li><b><span style=\"color: #ba2f3b;\">Diagnostic Personnalis\u00e9 Initial :<\/span>\u00a0<\/b><span style=\"font-size: 1rem;\">entretien<\/span><span style=\"font-size: 1rem;\"> Coach-Coach\u00e9e d\u20191h, incluant d\u00e9finition de vos besoins, vos Objectifs et vos Indicateurs de r\u00e9sultat personnels.<\/span><\/li>\n<li><span style=\"color: #ba2f3b;\"><b style=\"font-size: 1rem;\">Signature d&rsquo;une Convention de Coaching<\/b><\/span><span style=\"font-size: 1rem;\"><span style=\"color: #ba2f3b;\"><strong> Bipartite<\/strong><\/span> incluant ces \u00e9l\u00e9ments, qui sera le guide de votre accompagnement en coaching.<br \/>\nEn entreprise, Convention cadre avec l&rsquo;entreprise et engagement Bipartite, ou Tripartite avec le Manager.<\/span><\/li>\n<li><b><span style=\"color: #ba2f3b;\">Trois s\u00e9ances de Mise En \u0152uvre de 2h<\/span><\/b>, enti\u00e8rement<b> personnalis\u00e9es <\/b>et en<b> face-\u00e0-face<\/b> (coaching) ou en<b> visioconf\u00e9rence <\/b>(e-coaching)\n<ul>\n<li>Travail actif en profondeur avec votre coach pour vous approprier les questionnements, outils et techniques n\u00e9cessaires \u00e0 l\u2019atteinte de vos objectifs et les mettre en pratique<\/li>\n<li>Exercices ou d\u00e9fis personnalis\u00e9s \u00e0 mettre en \u0153uvre entre chaque s\u00e9ance pour vous mettre en situation<\/li>\n<li>S\u00e9ances espac\u00e9es de 1 \u00e0 3 semaines maximum pour cr\u00e9er votre dynamique, selon vos objectifs et votre agenda<\/li>\n<\/ul>\n<\/li>\n<li><span style=\"color: #ba2f3b;\"><b style=\"font-size: 1rem;\">Bilan Fin de Parcours : <\/b><\/span>Entretien Coach-Coach\u00e9e d\u20191h permettant d&rsquo;\u00e9valuer l\u2019atteinte de vos Objectifs, bilan sur votre parcours de coaching.<br \/>\nEn entreprise, cet entretien peut \u00eatre Bipartite, ou Tripartite avec votre manager.<\/li>\n<\/ol>\n<p style=\"text-align: center;\"><a href=\"https:\/\/auratoria.com\/nos-references\/ils-disent-de-nous\/\">Retrouvez les t\u00e9moignages de nos clients ici<\/a><\/p>\n<p style=\"text-align: center;\"><a href=\"https:\/\/auratoria.com\/contact\/\">Prendre rendez-vous<\/a><\/p>\n<hr \/>\n<p style=\"text-align: center;\"><a href=\"http:\/\/auratoria.com\/contact\/\"><img decoding=\"async\" loading=\"lazy\" class=\"alignleft wp-image-2087 size-thumbnail\" src=\"https:\/\/auratoria.com\/wp-content\/uploads\/2021\/04\/pexels-negative-space-33999-150x150.jpg\" alt=\"\" width=\"150\" height=\"150\" srcset=\"https:\/\/auratoria.com\/wp-content\/uploads\/2021\/04\/pexels-negative-space-33999-150x150.jpg 150w, https:\/\/auratoria.com\/wp-content\/uploads\/2021\/04\/pexels-negative-space-33999-100x100.jpg 100w\" sizes=\"(max-width: 150px) 100vw, 150px\" \/><\/a>Vous souhaitez mettre en place un accompagnement d\u00e9di\u00e9 au leadership f\u00e9minin dans votre entreprise ?<br \/>\n<a href=\"http:\/\/auratoria.com\/contact\/\">Contactez-nous.<\/a><\/p>\n<\/div>","protected":false},"excerpt":{"rendered":"<p>Female Voice Empowerment : le coaching vocal au f\u00e9minin par AURATORIA\u00ae Voix et leadership Chez AURATORIA, nous avons la conviction que les voix f\u00e9minines doivent se faire plus et mieux entendre pour favoriser l&rsquo;\u00e9mergence du leadership f\u00e9minin et d&rsquo;une r\u00e9elle parit\u00e9, dans l&rsquo;entreprise\u00a0comme dans les m\u00e9dia. Trois facteurs jouent un r\u00f4le pr\u00e9pond\u00e9rant dans le manque &hellip; <\/p>\n<p class=\"link-more\"><a href=\"https:\/\/auratoria.com\/fr\/female-voice-empowerment-coaching-vocal-au-feminin\/\" class=\"more-link\">Continuer la lecture<span class=\"screen-reader-text\"> de &laquo;&nbsp;Female Voice Empowerment&nbsp;&raquo;<\/span><\/a><\/p>\n","protected":false},"author":1,"featured_media":0,"parent":0,"menu_order":0,"comment_status":"closed","ping_status":"closed","template":"","meta":{"footnotes":""},"_links":{"self":[{"href":"https:\/\/auratoria.com\/fr\/wp-json\/wp\/v2\/pages\/1921"}],"collection":[{"href":"https:\/\/auratoria.com\/fr\/wp-json\/wp\/v2\/pages"}],"about":[{"href":"https:\/\/auratoria.com\/fr\/wp-json\/wp\/v2\/types\/page"}],"author":[{"embeddable":true,"href":"https:\/\/auratoria.com\/fr\/wp-json\/wp\/v2\/users\/1"}],"replies":[{"embeddable":true,"href":"https:\/\/auratoria.com\/fr\/wp-json\/wp\/v2\/comments?post=1921"}],"version-history":[{"count":32,"href":"https:\/\/auratoria.com\/fr\/wp-json\/wp\/v2\/pages\/1921\/revisions"}],"predecessor-version":[{"id":2893,"href":"https:\/\/auratoria.com\/fr\/wp-json\/wp\/v2\/pages\/1921\/revisions\/2893"}],"wp:attachment":[{"href":"https:\/\/auratoria.com\/fr\/wp-json\/wp\/v2\/media?parent=1921"}],"curies":[{"name":"wp","href":"https:\/\/api.w.org\/{rel}","templated":true}]}}