{"id":2238,"date":"2021-06-17T13:40:59","date_gmt":"2021-06-17T11:40:59","guid":{"rendered":"https:\/\/auratoria.com\/?page_id=2238"},"modified":"2024-02-02T18:16:13","modified_gmt":"2024-02-02T17:16:13","slug":"modalites-de-formation-distancielle","status":"publish","type":"page","link":"https:\/\/auratoria.com\/fr\/modalites-de-formation-distancielle\/","title":{"rendered":"Modalit\u00e9s de formation distancielle"},"content":{"rendered":"<div class=\"bt_bb_wrapper\"><h1><img decoding=\"async\" loading=\"lazy\" class=\"alignnone size-medium wp-image-786\" src=\"http:\/\/auratoria.com\/wp-content\/uploads\/2018\/11\/ligne_rouge_haut-1-300x11.jpg\" alt=\"\" width=\"300\" height=\"11\" srcset=\"https:\/\/auratoria.com\/wp-content\/uploads\/2018\/11\/ligne_rouge_haut-1-300x11.jpg 300w, https:\/\/auratoria.com\/wp-content\/uploads\/2018\/11\/ligne_rouge_haut-1.jpg 400w\" sizes=\"(max-width: 300px) 100vw, 300px\" \/><br \/>\nNos modalit\u00e9s de formation en distanciel<img decoding=\"async\" loading=\"lazy\" class=\"size-medium wp-image-787 alignright\" src=\"http:\/\/auratoria.com\/wp-content\/uploads\/2018\/11\/ligne_rouge_bas-1-300x11.jpg\" alt=\"\" width=\"300\" height=\"11\" srcset=\"https:\/\/auratoria.com\/wp-content\/uploads\/2018\/11\/ligne_rouge_bas-1-300x11.jpg 300w, https:\/\/auratoria.com\/wp-content\/uploads\/2018\/11\/ligne_rouge_bas-1.jpg 400w\" sizes=\"(max-width: 300px) 100vw, 300px\" \/><\/h1>\n<p>&nbsp;<\/p>\n<p style=\"text-align: center;\"><a href=\"https:\/\/auratoria.com\/remote-training-frame\/\" target=\"_blank\" rel=\"noopener\">See the English version<\/a><\/p>\n<p><img decoding=\"async\" loading=\"lazy\" class=\"size-full wp-image-1455 aligncenter\" src=\"https:\/\/auratoria.com\/wp-content\/uploads\/2020\/05\/photo_reunion_distance_chris-montgomery-smgTvepind4-unsplash_Photo-by-Chris-Montgomery-on-Unsplash-e1591048194906.jpg\" alt=\"\" width=\"500\" height=\"375\" \/><\/p>\n<h2>G\u00e9n\u00e9ralit\u00e9s :<\/h2>\n<p>Nos formations en distanciel sont g\u00e9n\u00e9ralement dispens\u00e9es en <strong>synchrone<\/strong> (en direct = en face \u00e0 face).<br \/>\nNous utilisons de pr\u00e9f\u00e9rence l\u2019application <strong>Digiforma<\/strong>, ou <strong>Zoom<\/strong> en mode s\u00e9curis\u00e9, que nous fournissons, ou <strong>Teams<\/strong> \u00e0 votre demande.<br \/>\nNous pouvons, selon la demande de votre organisation, utiliser \u00e9galement\u00a0 toute autre application de visioconf\u00e9rence de votre organisation permettant l&rsquo;interactivit\u00e9 avec les participants et l&rsquo;animation d&rsquo;une formation. Nous aurons dans ce cas besoin d&rsquo;avoir la main <strong>en tant qu&rsquo;organisateur de session<\/strong> pour avoir acc\u00e8s \u00e0 l&rsquo;ensemble des fonctionnalit\u00e9s d&rsquo;animation et de gestion des participants.<\/p>\n<p>Nos <strong>questionnaires de satisfaction et suivi qualit\u00e9<\/strong> sont d\u00e9sormais r\u00e9alis\u00e9s sous Digiforma.<\/p>\n<p>Selon les formations, nous pouvons \u00e9galement \u00eatre amen\u00e9s \u00e0 utiliser des <strong>outils collaboratifs et d&rsquo;interactivit\u00e9<\/strong> tels que Klaxoon, Kahoot, Google Suite (Google Slides, Google Doc, Google Sheet, Youtube)&#8230;<br \/>\nMerci de bien vouloir nous pr\u00e9ciser toute contre-indication de votre DSI.<\/p>\n<p>Pour les <strong>personnes porteuses de handicap<\/strong>, voir notre d\u00e9marche d&rsquo;<a href=\"https:\/\/auratoria.com\/philosophie-auratoria\/accessibilite-aux-publics-en-situation-de-handicap\/\" target=\"_blank\" rel=\"noopener\">accessibilit\u00e9 aux publics en situation de handicap<\/a> et nous contacter le plus t\u00f4t possible en amont de la formation afin d&rsquo;am\u00e9nager ensemble les modalit\u00e9s pour leur participation pleine et enti\u00e8re.<\/p>\n<h2>Acc\u00e8s \u00e0 la formation pour les participants :<\/h2>\n<p>Un <span style=\"text-decoration: underline;\">e-mail<\/span> avec votre convocation et votre acc\u00e8s individuel \u00e0 votre Extranet de formation vous sera envoy\u00e9\u00a0<span style=\"text-decoration: underline;\">8 jours avant le d\u00e9marrage de votre formation,<\/span> et chaque session en ligne vous sera <span style=\"text-decoration: underline;\">rappel\u00e9e 1h avant l&rsquo;ouverture de la session<\/span>.<br \/>\nNous vous invitons \u00e0 v\u00e9rifier vos courriers ind\u00e9sirables le cas \u00e9ch\u00e9ant.<br \/>\nCe lien vous est <span style=\"text-decoration: underline;\">personnel et confidentiel<\/span>, merci de le conserver pour votre usage exclusif.<\/p>\n<p><strong>Vous trouverez ci-dessous des tutoriels pour bien vous connecter\u00a0:<\/strong><\/p>\n<p><a href=\"https:\/\/support.zoom.us\/hc\/fr\/articles\/201362193-Participer-%C3%A0-une-r%C3%A9union\" target=\"_blank\" rel=\"noopener\">Participer \u00e0 une formation via Zoom<\/a><\/p>\n<p><a href=\"https:\/\/support.microsoft.com\/fr-fr\/office\/rejoindre-une-r%C3%A9union-teams-078e9868-f1aa-4414-8bb9-ee88e9236ee4\" target=\"_blank\" rel=\"noopener\">Participer \u00e0 une formation via Teams<\/a><\/p>\n<p><strong>En cas de difficult\u00e9<\/strong>, vous avez la possibilit\u00e9 de vous adresser \u00e0 nous afin de vous apporter le support n\u00e9cessaire, via les coordonn\u00e9es indiqu\u00e9es dans ce mail.<\/p>\n<h2>Le jour de la formation :<\/h2>\n<p>Le suivi d\u2019une formation \u00e0 distance requiert que vous soyez muni\/e d\u2019un <strong>ordinateur<\/strong> (PC ou Mac, un smartphone ou une tablette ne sont pas suffisants), \u00e9quip\u00e9 d&rsquo;un <strong><span style=\"text-decoration: underline;\">micro<\/span> <\/strong>et d&rsquo;une <strong><span style=\"text-decoration: underline;\">cam\u00e9ra<\/span> <\/strong>en \u00e9tat de fonctionnement, d\u2019une <strong>connexion Internet suffisamment performante<\/strong> pour suivre une visio-conf\u00e9rence .<\/p>\n<p>Cela requiert \u00e9galement que vous soyez dans un <strong>espace de travail calme<\/strong> (\u00e9viter les open-space ou les espaces partag\u00e9s), et vous permettant de vous exprimer par oral, pour participer \u00e0 votre formation dans les meilleures conditions.<\/p>\n<p>Connectez-vous une <span style=\"text-decoration: underline;\">dizaine de minutes avant<\/span> le d\u00e9but de la formation via le lien qui vous a \u00e9t\u00e9 communiqu\u00e9 et rappel\u00e9 pour tester votre \u00e9quipement selon les tutoriels ci-dessus.<br \/>\nRejoignez la formation <span style=\"text-decoration: underline;\">avec l&rsquo;audio de votre ordinateur<\/span>, en indiquant vos <span style=\"text-decoration: underline;\">pr\u00e9nom et nom<\/span> lors de votre connexion, ceci afin que nous puissions vous identifier parmi les participants pr\u00e9vus et vous y admettre.<\/p>\n<p>La formation se d\u00e9roule en visioconf\u00e9rence avec pr\u00e9sentation de documents, de vid\u00e9os, et utilisation \u00e9ventuelle d\u2019applications interactives et collaboratives (voir ci-dessus). Les modalit\u00e9s vous en sont pr\u00e9cis\u00e9es dans votre programme, disponible dans votre Extranet.<\/p>\n<p>Nos formations \u00e9tant des <strong>formations-actions participatives<\/strong>, vous aurez \u00e0 y intervenir r\u00e9guli\u00e8rement via la visioconf\u00e9rence, le chat et\/ou les documents et espaces collaboratifs, selon les indications de votre intervenant\/e.<\/p>\n<p>Les <strong>documents<\/strong> supports de r\u00e9f\u00e9rence, <strong>activit\u00e9s<\/strong> \u00e0 r\u00e9aliser et \u00e9tapes d&rsquo;\u00e9valuation vous sont mis \u00e0 disposition au fur et \u00e0 mesure de l&rsquo;avancement de votre formation dans votre espace individuel Extranet.<br \/>\nNous vous invitons \u00e0 v\u00e9rifier vos courriers ind\u00e9sirables le cas \u00e9ch\u00e9ant.<\/p>\n<\/div>","protected":false},"excerpt":{"rendered":"<p>Nos modalit\u00e9s de formation en distanciel &nbsp; See the English version G\u00e9n\u00e9ralit\u00e9s : Nos formations en distanciel sont g\u00e9n\u00e9ralement dispens\u00e9es en synchrone (en direct = en face \u00e0 face). Nous utilisons de pr\u00e9f\u00e9rence l\u2019application Digiforma, ou Zoom en mode s\u00e9curis\u00e9, que nous fournissons, ou Teams \u00e0 votre demande. Nous pouvons, selon la demande de votre &hellip; <\/p>\n<p class=\"link-more\"><a href=\"https:\/\/auratoria.com\/fr\/modalites-de-formation-distancielle\/\" class=\"more-link\">Continuer la lecture<span class=\"screen-reader-text\"> de &laquo;&nbsp;Modalit\u00e9s de formation distancielle&nbsp;&raquo;<\/span><\/a><\/p>\n","protected":false},"author":1,"featured_media":0,"parent":0,"menu_order":0,"comment_status":"closed","ping_status":"closed","template":"","meta":{"footnotes":""},"_links":{"self":[{"href":"https:\/\/auratoria.com\/fr\/wp-json\/wp\/v2\/pages\/2238"}],"collection":[{"href":"https:\/\/auratoria.com\/fr\/wp-json\/wp\/v2\/pages"}],"about":[{"href":"https:\/\/auratoria.com\/fr\/wp-json\/wp\/v2\/types\/page"}],"author":[{"embeddable":true,"href":"https:\/\/auratoria.com\/fr\/wp-json\/wp\/v2\/users\/1"}],"replies":[{"embeddable":true,"href":"https:\/\/auratoria.com\/fr\/wp-json\/wp\/v2\/comments?post=2238"}],"version-history":[{"count":20,"href":"https:\/\/auratoria.com\/fr\/wp-json\/wp\/v2\/pages\/2238\/revisions"}],"predecessor-version":[{"id":3175,"href":"https:\/\/auratoria.com\/fr\/wp-json\/wp\/v2\/pages\/2238\/revisions\/3175"}],"wp:attachment":[{"href":"https:\/\/auratoria.com\/fr\/wp-json\/wp\/v2\/media?parent=2238"}],"curies":[{"name":"wp","href":"https:\/\/api.w.org\/{rel}","templated":true}]}}