{"id":2389,"date":"2022-01-07T13:32:11","date_gmt":"2022-01-07T12:32:11","guid":{"rendered":"https:\/\/auratoria.com\/?page_id=2389"},"modified":"2026-02-17T23:32:04","modified_gmt":"2026-02-17T22:32:04","slug":"demarche-qualite-et-deontologie","status":"publish","type":"page","link":"https:\/\/auratoria.com\/fr\/demarche-qualite-et-deontologie\/","title":{"rendered":"D\u00e9marche qualit\u00e9 et d\u00e9ontologie"},"content":{"rendered":"<div class=\"bt_bb_wrapper\"><h1><img decoding=\"async\" loading=\"lazy\" class=\"alignnone size-medium wp-image-786\" src=\"http:\/\/auratoria.com\/wp-content\/uploads\/2018\/11\/ligne_rouge_haut-1-300x11.jpg\" alt=\"\" width=\"300\" height=\"11\" srcset=\"https:\/\/auratoria.com\/wp-content\/uploads\/2018\/11\/ligne_rouge_haut-1-300x11.jpg 300w, https:\/\/auratoria.com\/wp-content\/uploads\/2018\/11\/ligne_rouge_haut-1.jpg 400w\" sizes=\"(max-width: 300px) 100vw, 300px\" \/><br \/>\nD\u00e9marche qualit\u00e9 et d\u00e9ontologie\u00a0 AURATORIA\u00ae<img decoding=\"async\" loading=\"lazy\" class=\"size-medium wp-image-787 alignright\" src=\"http:\/\/auratoria.com\/wp-content\/uploads\/2018\/11\/ligne_rouge_bas-1-300x11.jpg\" alt=\"\" width=\"300\" height=\"11\" srcset=\"https:\/\/auratoria.com\/wp-content\/uploads\/2018\/11\/ligne_rouge_bas-1-300x11.jpg 300w, https:\/\/auratoria.com\/wp-content\/uploads\/2018\/11\/ligne_rouge_bas-1.jpg 400w\" sizes=\"(max-width: 300px) 100vw, 300px\" \/><\/h1>\n<p>&nbsp;<\/p>\n<p>Soucieux de toujours mieux servir nos clients et dans un esprit \u00e9thique, nous avons mis en place un Engagement Qualit\u00e9 et un Engagement D\u00e9ontologique.<\/p>\n<p>Vous trouverez ces documents sous les liens ci-dessous :<\/p>\n<ul>\n<li><a href=\"https:\/\/auratoria.com\/wp-content\/uploads\/2022\/01\/Engagement_Qualit\u00e9_AURATORIA.pdf\" target=\"_blank\" rel=\"noopener\">Engagement_Qualit\u00e9_AURATORIA<\/a><\/li>\n<li>Nous sommes adh\u00e9rents \u00e0 l&rsquo;<a href=\"https:\/\/www.emccfrance.org\/\" target=\"_blank\" rel=\"noopener\">EMCC<\/a> et \u00e0 ce titre suivons le <a href=\"https:\/\/www.emccfrance.org\/wp-content\/uploads\/20170418_FR_WEB_livret.pdf\" target=\"_blank\" rel=\"noopener\">Code de D\u00e9ontologie Global de l&rsquo;EMCC<\/a> pour toutes nos missions de coaching (<a href=\"https:\/\/www.emccfrance.org\/wp-content\/uploads\/Global-Code-of-Ethics-EN-v3.pdf\" target=\"_blank\" rel=\"noopener\">English version here<\/a>)<\/li>\n<li><a href=\"https:\/\/auratoria.com\/wp-content\/uploads\/2022\/01\/Engagement_Deontologique_AURATORIA.pdf\" target=\"_blank\" rel=\"noopener\">Engagement_Deontologique_AURATORIA<\/a><\/li>\n<\/ul>\n<p>Pour suivre notre d\u00e9marche qualit\u00e9, vous en trouverez ci-dessous les \u00e9tapes :<\/p>\n<p><img decoding=\"async\" loading=\"lazy\" class=\"wp-image-2511 size-full aligncenter\" src=\"https:\/\/auratoria.com\/wp-content\/uploads\/2022\/02\/Bandeau_Qualiopi_AURATORIA.jpg\" alt=\"\" width=\"1797\" height=\"363\" srcset=\"https:\/\/auratoria.com\/wp-content\/uploads\/2022\/02\/Bandeau_Qualiopi_AURATORIA.jpg 1797w, https:\/\/auratoria.com\/wp-content\/uploads\/2022\/02\/Bandeau_Qualiopi_AURATORIA-300x61.jpg 300w, https:\/\/auratoria.com\/wp-content\/uploads\/2022\/02\/Bandeau_Qualiopi_AURATORIA-768x155.jpg 768w, https:\/\/auratoria.com\/wp-content\/uploads\/2022\/02\/Bandeau_Qualiopi_AURATORIA-1024x207.jpg 1024w\" sizes=\"(max-width: 767px) 89vw, (max-width: 1000px) 54vw, (max-width: 1071px) 543px, 580px\" \/><\/p>\n<ul>\n<li><a href=\"https:\/\/auratoria.com\/wp-content\/uploads\/2025\/02\/certificat-Qualiopi_AURATORIA_B03724-2025-02-21T23_00_00Z.pdf\" target=\"_blank\" rel=\"noopener\">Certificat QUALIOPI AURATORIA &#8211; 2025-2028<\/a> &#8211; Qualiopi B03724 le 22\/02\/2025 pour les Actions de formation &#8211; valide jusqu&rsquo;au 21\/02\/2028<\/li>\n<li><a href=\"https:\/\/auratoria.com\/2023\/07\/19\/qualiopi-et-qualite-des-actions-de-formation-la-suite\/\" target=\"_blank\" rel=\"noopener\">Audit de surveillance Qualiopi valid\u00e9 le 19\/07\/2023\u00a0<\/a><\/li>\n<li><a href=\"https:\/\/auratoria.com\/wp-content\/uploads\/2024\/03\/Qualiopi_AURATORIA_certificat-B03724.pdf\" target=\"_blank\" rel=\"noopener\">Certificat QUALIOPI AURATORIA &#8211; 2022-2025<\/a> &#8211; Qualiopi B03724 le 22\/02\/2022 pour les Actions de formation &#8211; valide jusqu&rsquo;au 21\/02\/2025<\/li>\n<li><a href=\"https:\/\/auratoria.com\/2022\/02\/22\/qualiopi-check\/\" target=\"_blank\" rel=\"noopener\">Certification Qualiopi<\/a><\/li>\n<li><a href=\"https:\/\/auratoria.com\/wp-content\/uploads\/2021\/12\/Certificat_CNEFOP_2021-12-22.pdf\" target=\"_blank\" rel=\"noopener\">Certificat CNEFOP \/ PRO Rapha\u00eble de LA LAURENCIE &#8211; 2021<\/a> &#8211; certification le 22\/12\/2022, valide jusqu&rsquo;au 21\/12\/2024<\/li>\n<li><a href=\"https:\/\/auratoria.com\/2021\/12\/22\/certification-qualite-cnefop-next-step-qualiopi\/\" target=\"_blank\" rel=\"noopener\">Certification de personnes CNEFOP et Responsable Qualit\u00e9 &#8211; 2021<\/a><\/li>\n<li><a href=\"https:\/\/auratoria.com\/2021\/07\/05\/en-route-vers-qualiopi\/\" target=\"_blank\" rel=\"noopener\">Lancement de la d\u00e9marche qualit\u00e9 vers Qualiopi &#8211; 2021<\/a><\/li>\n<li><a href=\"https:\/\/auratoria.com\/2020\/06\/24\/datadock-check\/\" target=\"_blank\" rel=\"noopener\">R\u00e9f\u00e9rencement Datadock &#8211; 2020<\/a> &#8211; ID DD 0074743<\/li>\n<\/ul>\n<p><img decoding=\"async\" loading=\"lazy\" class=\"alignleft wp-image-1569 size-thumbnail\" src=\"https:\/\/auratoria.com\/wp-content\/uploads\/2020\/06\/Picto_datadocke-150x150.jpg\" alt=\"\" width=\"150\" height=\"150\" \/><\/p>\n<p>&nbsp;<\/p>\n<p>&nbsp;<\/p>\n<p style=\"text-align: center;\"><a href=\"https:\/\/auratoria.com\/contact\/\" target=\"_blank\" rel=\"noopener\">Nous contacter<\/a><\/p>\n<p>&nbsp;<\/p>\n<p>&nbsp;<\/p>\n<\/div>","protected":false},"excerpt":{"rendered":"<p>D\u00e9marche qualit\u00e9 et d\u00e9ontologie\u00a0 AURATORIA\u00ae &nbsp; Soucieux de toujours mieux servir nos clients et dans un esprit \u00e9thique, nous avons mis en place un Engagement Qualit\u00e9 et un Engagement D\u00e9ontologique. Vous trouverez ces documents sous les liens ci-dessous : Engagement_Qualit\u00e9_AURATORIA Nous sommes adh\u00e9rents \u00e0 l&rsquo;EMCC et \u00e0 ce titre suivons le Code de D\u00e9ontologie Global &hellip; <\/p>\n<p class=\"link-more\"><a href=\"https:\/\/auratoria.com\/fr\/demarche-qualite-et-deontologie\/\" class=\"more-link\">Continuer la lecture<span class=\"screen-reader-text\"> de &laquo;&nbsp;D\u00e9marche qualit\u00e9 et d\u00e9ontologie&nbsp;&raquo;<\/span><\/a><\/p>\n","protected":false},"author":1,"featured_media":0,"parent":0,"menu_order":0,"comment_status":"closed","ping_status":"closed","template":"","meta":{"footnotes":""},"_links":{"self":[{"href":"https:\/\/auratoria.com\/fr\/wp-json\/wp\/v2\/pages\/2389"}],"collection":[{"href":"https:\/\/auratoria.com\/fr\/wp-json\/wp\/v2\/pages"}],"about":[{"href":"https:\/\/auratoria.com\/fr\/wp-json\/wp\/v2\/types\/page"}],"author":[{"embeddable":true,"href":"https:\/\/auratoria.com\/fr\/wp-json\/wp\/v2\/users\/1"}],"replies":[{"embeddable":true,"href":"https:\/\/auratoria.com\/fr\/wp-json\/wp\/v2\/comments?post=2389"}],"version-history":[{"count":22,"href":"https:\/\/auratoria.com\/fr\/wp-json\/wp\/v2\/pages\/2389\/revisions"}],"predecessor-version":[{"id":3905,"href":"https:\/\/auratoria.com\/fr\/wp-json\/wp\/v2\/pages\/2389\/revisions\/3905"}],"wp:attachment":[{"href":"https:\/\/auratoria.com\/fr\/wp-json\/wp\/v2\/media?parent=2389"}],"curies":[{"name":"wp","href":"https:\/\/api.w.org\/{rel}","templated":true}]}}