{"id":2399,"date":"2022-01-29T19:05:05","date_gmt":"2022-01-29T18:05:05","guid":{"rendered":"https:\/\/auratoria.com\/?page_id=2399"},"modified":"2024-02-02T18:35:35","modified_gmt":"2024-02-02T17:35:35","slug":"accessibilite-aux-publics-en-situation-de-handicap","status":"publish","type":"page","link":"https:\/\/auratoria.com\/fr\/accessibilite-aux-publics-en-situation-de-handicap\/","title":{"rendered":"Accessibilit\u00e9 aux publics en situation de handicap"},"content":{"rendered":"<div class=\"bt_bb_wrapper\"><div class=\"wpb_text_column wpb_content_element \">\n<div class=\"wpb_wrapper\">\n<div class=\"wpb_text_column wpb_content_element \">\n<div class=\"wpb_wrapper\">\n<h1><img decoding=\"async\" loading=\"lazy\" class=\"alignnone size-medium wp-image-786\" src=\"http:\/\/auratoria.com\/wp-content\/uploads\/2018\/11\/ligne_rouge_haut-1-300x11.jpg\" alt=\"\" width=\"300\" height=\"11\" srcset=\"https:\/\/auratoria.com\/wp-content\/uploads\/2018\/11\/ligne_rouge_haut-1-300x11.jpg 300w, https:\/\/auratoria.com\/wp-content\/uploads\/2018\/11\/ligne_rouge_haut-1.jpg 400w\" sizes=\"(max-width: 300px) 100vw, 300px\" \/><br \/>\nAccessibilit\u00e9 aux publics en situation de handicap<img decoding=\"async\" loading=\"lazy\" class=\"size-medium wp-image-787 alignright\" src=\"http:\/\/auratoria.com\/wp-content\/uploads\/2018\/11\/ligne_rouge_bas-1-300x11.jpg\" alt=\"\" width=\"300\" height=\"11\" srcset=\"https:\/\/auratoria.com\/wp-content\/uploads\/2018\/11\/ligne_rouge_bas-1-300x11.jpg 300w, https:\/\/auratoria.com\/wp-content\/uploads\/2018\/11\/ligne_rouge_bas-1.jpg 400w\" sizes=\"(max-width: 300px) 100vw, 300px\" \/><\/h1>\n<p><img decoding=\"async\" loading=\"lazy\" class=\"alignleft size-thumbnail wp-image-770\" src=\"https:\/\/auratoria.com\/wp-content\/uploads\/2018\/11\/ligne_rouge_bas-150x15.jpg\" alt=\"\" width=\"150\" height=\"15\" \/><\/p>\n<\/div>\n<\/div>\n<\/div>\n<p>&nbsp;<\/p>\n<p style=\"text-align: center;\"><a href=\"https:\/\/auratoria.com\/accessibility-to-people-with-disabilities\/\" target=\"_blank\" rel=\"noopener\">Voir la page pour les pays autres que France (in English)<\/a><\/p>\n<div class=\"wpb_wrapper\">\n<div class=\"wpb_text_column wpb_content_element \">\n<div class=\"wpb_wrapper\">\n<h2><strong>Information et prise en compte de vos besoins sp\u00e9cifiques<\/strong><\/h2>\n<p>Lors de nos premiers contacts, nous proposons aux b\u00e9n\u00e9ficiaires de nos formations et coachings un questionnaire afin de prendre en compte les sp\u00e9cificit\u00e9s de vos handicaps et de d\u00e9terminer les \u00e9ventuels am\u00e9nagements ou dispositions \u00e0 mettre en place, suivi le cas \u00e9ch\u00e9ant d&rsquo;un entretien, en collaboration avec votre responsable formation.<\/p>\n<p>Selon les besoins exprim\u00e9s et identifi\u00e9s, nous vous proposerons un accompagnement sp\u00e9cifique, vous orienterons et\/ou am\u00e9nagerons votre parcours, <span style=\"font-size: 1rem;\">en collaboration \u00e9ventuelle avec votre repr\u00e9sentant l\u00e9gal.\u00a0<\/span><\/p>\n<p>Notre <strong>R\u00e9f\u00e9rente Handicap<\/strong> se tient \u00e0 votre disposition pour r\u00e9pondre \u00e0 l\u2019ensemble de vos questions : <a class=\"vc_general vc_btn3 vc_btn3-size-md vc_btn3-shape-rounded vc_btn3-style-modern vc_btn3-color-juicy-pink\" style=\"font-size: 1rem;\" title=\"\" href=\"mailto:contact@auratoria.com?subject=Question_Handicap_PSH-PMR&#038;cc=raphaele@auratoria.com&#038;&#038;body=Bonjour\" target=\"_blank\" rel=\"noopener noreferrer\">contactez notre R\u00e9f\u00e9rente Handicap<\/a>.<\/p>\n<\/div>\n<\/div>\n<div class=\"vc_empty_space\">\n<h2><strong>Accessibilit\u00e9 des locaux aux personnes en situation de handicap<\/strong><\/h2>\n<ul>\n<li>Les \u00e9quipes AURATORIA interviennent en formation intraentreprise, en animation au sein des locaux de nos organismes clients. Nous v\u00e9rifions avec le commanditaire l&rsquo;ad\u00e9quation aux normes ERP de ces locaux. En cas de demande de lieux tiers, et en lien avec le commanditaire, nous identifierons un local r\u00e9pondant aux normes ERP selon vos besoins.<\/li>\n<li>Pour les coachings individuels, si vous souhaitez qu&rsquo;ils se d\u00e9roulent en-dehors de votre lieu de travail, veuillez noter que le cabinet AURATORIA n&rsquo;est pas un ERP. En lien avec votre responsable formation et\/ou votre repr\u00e9sentant l\u00e9gal, nous identifierons un local r\u00e9pondant aux normes ERP selon vos besoins.<\/li>\n<\/ul>\n<\/div>\n<div class=\"wpb_text_column wpb_content_element \">\n<div class=\"wpb_wrapper\">\n<h2><strong>Liste des organismes pouvant accompagner le parcours d\u2019une personne en situation de handicap<\/strong><\/h2>\n<p>Pour vous aider dans vos d\u00e9marches, en France ou proche de vous :<\/p>\n<ul>\n<li>Les aides existantes : <a href=\"https:\/\/www.monparcourshandicap.gouv.fr\/aides\">Droits, aides et d\u00e9marches des personnes handicap\u00e9es | Mon Parcours Handicap<\/a><\/li>\n<li><a href=\"https:\/\/www.monparcourshandicap.gouv.fr\/formation-professionnelle\/compenser-mon-handicap-en-formation\">Compenser mon handicap en formation | Mon Parcours Handicap<\/a><\/li>\n<li>L\u2019Agefiph : <a href=\"http:\/\/www.agefiph.fr\/\">www.agefiph.fr<\/a><\/li>\n<li>Cap emploi :\u00a0<a href=\"http:\/\/www.capemploi.net\/accueil\/\">www.capemploi.net<\/a><\/li>\n<li>L\u2019Adapt :\u00a0<a href=\"http:\/\/www.ladapt.net\/\">www.ladapt.net<\/a><\/li>\n<li>La MPDH de Paris : <a href=\"https:\/\/handicap.paris.fr\/demarches-mdph\/\">https:\/\/handicap.paris.fr\/demarches-mdph\/<\/a>\n<ul>\n<li>Etudier, se former, travailler : <a href=\"https:\/\/handicap.paris.fr\/etudier-se-former-travailler\/se-former\/\" target=\"_blank\" rel=\"noopener\">https:\/\/handicap.paris.fr\/etudier-se-former-travailler\/se-former\/<\/a><\/li>\n<\/ul>\n<\/li>\n<li>APF France Handicap : <a href=\"https:\/\/www.apf-francehandicap.org\/accompagnement-handicap\/aide-1546?utm_source=google&#038;utm_medium=cpc&#038;utm_campaign=MV_Search_APF_Accompagnement&#038;utm_content=APF_Accompagnement_MDPH&#038;gclid=Cj0KCQiA6NOPBhCPARIsAHAy2zC6Bm5BjgUEIIcP-Nv05NRA2rYnZ0ghDSEAbtp9NGujcztmXIL3CH8aAjccEALw_wcB\">Face au handicap, ne pas rester seul (apf-francehandicap.org)<\/a><\/li>\n<li>Les aides APF France Handicap pr\u00e8s de chez vous et selon vos besoins : <a href=\"https:\/\/www.apf-francehandicap.org\/carte\">Carte des structures | APF France handicap (apf-francehandicap.org)<\/a><\/li>\n<li>L\u2019Arpejeh :\u00a0<a href=\"http:\/\/www.arpejeh.com\/\">www.arpejeh.com<\/a><\/li>\n<li>Tremplin \u00c9tudes, Handicap, Entreprises :\u00a0<a href=\"http:\/\/www.tremplin-handicap.fr\/\">www.tremplin-handicap.fr<\/a><\/li>\n<\/ul>\n<h2><strong>Autres liens utiles<\/strong><\/h2>\n<ul>\n<li><a href=\"https:\/\/handicap.gouv.fr\/accueil\">Site du Secr\u00e9tariat d&rsquo;Etat charg\u00e9 des Personnes Handicap\u00e9es<\/a><\/li>\n<li><a href=\"https:\/\/www.ecologique-solidaire.gouv.fr\/sites\/default\/files\/plaquette_web_bien%20accueillir%20PH.pdf\">Plaquette pdf \u00ab\u00a0Bien accueillir les personnes handicap\u00e9es\u00a0\u00bb<\/a><\/li>\n<li><a href=\"https:\/\/www.youtube.com\/watch?v=bGoMjBrHRtw\">T\u00e9moignage vid\u00e9o de Dina Fourneret, Pr\u00e9sidente de Makanak&#038;Vous et handicap\u00e9e cognitive<\/a><\/li>\n<li><a href=\"https:\/\/www.makanak.fr\/\">L&rsquo;initiative de l&rsquo;association Makanak&#038;Vous<\/a><\/li>\n<li>Pour les entreprises :\u00a0<a href=\"https:\/\/www.club-handicap-92.org\/\">Club Entreprises &#038; Handicap 92<\/a>,\u00a0<a href=\"https:\/\/www.club-handicapetcompetences.fr\/qui-sommes-nous\/presentation-club-h-c\">Club Handicap et Comp\u00e9tences<\/a><\/li>\n<li>Le podcast audio d&rsquo;Atouts &#038; Handicap : <a href=\"https:\/\/smartlinks.audiomeans.fr\/l\/atouts-and-handicap-82f6aabd\">Atouts &#038; Handicap (audiomeans.fr)<\/a><\/li>\n<\/ul>\n<p>&nbsp;<\/p>\n<p style=\"text-align: center;\"><a href=\"mailto:contact@auratoria.com?subject=Ajout_Info_Handicap_PSH-PMR&#038;cc=raphaele@auratoria.com&#038;&#038;body=Bonjour\">Signalez-nous tout lien utile<\/a> ou toute action d&rsquo;int\u00e9r\u00eat pour les personnes en situation de handicap, nous l&rsquo;y ajouterons ici pour toutes et tous.<\/p>\n<\/div>\n<\/div>\n<\/div>\n<\/div>\n<\/div>","protected":false},"excerpt":{"rendered":"<p>Accessibilit\u00e9 aux publics en situation de handicap &nbsp; Voir la page pour les pays autres que France (in English) Information et prise en compte de vos besoins sp\u00e9cifiques Lors de nos premiers contacts, nous proposons aux b\u00e9n\u00e9ficiaires de nos formations et coachings un questionnaire afin de prendre en compte les sp\u00e9cificit\u00e9s de vos handicaps et &hellip; <\/p>\n<p class=\"link-more\"><a href=\"https:\/\/auratoria.com\/fr\/accessibilite-aux-publics-en-situation-de-handicap\/\" class=\"more-link\">Continuer la lecture<span class=\"screen-reader-text\"> de &laquo;&nbsp;Accessibilit\u00e9 aux publics en situation de handicap&nbsp;&raquo;<\/span><\/a><\/p>\n","protected":false},"author":1,"featured_media":0,"parent":0,"menu_order":0,"comment_status":"closed","ping_status":"closed","template":"","meta":{"footnotes":""},"_links":{"self":[{"href":"https:\/\/auratoria.com\/fr\/wp-json\/wp\/v2\/pages\/2399"}],"collection":[{"href":"https:\/\/auratoria.com\/fr\/wp-json\/wp\/v2\/pages"}],"about":[{"href":"https:\/\/auratoria.com\/fr\/wp-json\/wp\/v2\/types\/page"}],"author":[{"embeddable":true,"href":"https:\/\/auratoria.com\/fr\/wp-json\/wp\/v2\/users\/1"}],"replies":[{"embeddable":true,"href":"https:\/\/auratoria.com\/fr\/wp-json\/wp\/v2\/comments?post=2399"}],"version-history":[{"count":14,"href":"https:\/\/auratoria.com\/fr\/wp-json\/wp\/v2\/pages\/2399\/revisions"}],"predecessor-version":[{"id":3233,"href":"https:\/\/auratoria.com\/fr\/wp-json\/wp\/v2\/pages\/2399\/revisions\/3233"}],"wp:attachment":[{"href":"https:\/\/auratoria.com\/fr\/wp-json\/wp\/v2\/media?parent=2399"}],"curies":[{"name":"wp","href":"https:\/\/api.w.org\/{rel}","templated":true}]}}