{"id":25,"date":"2018-02-09T12:26:58","date_gmt":"2018-02-09T11:26:58","guid":{"rendered":"http:\/\/auratoria.com\/?page_id=25"},"modified":"2024-02-08T11:42:21","modified_gmt":"2024-02-08T10:42:21","slug":"prise-de-parole-en-public","status":"publish","type":"page","link":"https:\/\/auratoria.com\/fr\/prise-de-parole-en-public\/","title":{"rendered":"L&rsquo;alli\u00e9 de votre prise de parole"},"content":{"rendered":"<div class=\"bt_bb_wrapper\"><h1><img decoding=\"async\" loading=\"lazy\" class=\"alignnone size-medium wp-image-786\" src=\"http:\/\/auratoria.com\/wp-content\/uploads\/2018\/11\/ligne_rouge_haut-1-300x11.jpg\" alt=\"\" width=\"300\" height=\"11\" srcset=\"https:\/\/auratoria.com\/wp-content\/uploads\/2018\/11\/ligne_rouge_haut-1-300x11.jpg 300w, https:\/\/auratoria.com\/wp-content\/uploads\/2018\/11\/ligne_rouge_haut-1.jpg 400w\" sizes=\"(max-width: 300px) 100vw, 300px\" \/><br \/>\nL&rsquo;alli\u00e9 de votre prise de parole<br \/>\n<img decoding=\"async\" loading=\"lazy\" class=\"size-medium wp-image-787 alignright\" src=\"http:\/\/auratoria.com\/wp-content\/uploads\/2018\/11\/ligne_rouge_bas-1-300x11.jpg\" alt=\"\" width=\"300\" height=\"11\" srcset=\"https:\/\/auratoria.com\/wp-content\/uploads\/2018\/11\/ligne_rouge_bas-1-300x11.jpg 300w, https:\/\/auratoria.com\/wp-content\/uploads\/2018\/11\/ligne_rouge_bas-1.jpg 400w\" sizes=\"(max-width: 300px) 100vw, 300px\" \/><\/h1>\n<p>&nbsp;<\/p>\n<h2><strong>Prise de parole en public et communication interpersonnelle, des leviers de performance en entreprise<\/strong><\/h2>\n<p>Aujourd\u2019hui, acc\u00e9l\u00e9ration digitale distanciation et accompagnement du changement accentuent le besoin de <strong>comp\u00e9tences communicationnelles et comportementales<\/strong>.<\/p>\n<p><img decoding=\"async\" loading=\"lazy\" class=\"wp-image-2492 size-thumbnail alignleft\" src=\"https:\/\/auratoria.com\/wp-content\/uploads\/2022\/02\/miguel-bruna-TzVN0xQhWaQ-unsplash_Photo-by-Miguel-Bruna-on-Unsplash-150x150.jpg\" alt=\"\" width=\"150\" height=\"150\" srcset=\"https:\/\/auratoria.com\/wp-content\/uploads\/2022\/02\/miguel-bruna-TzVN0xQhWaQ-unsplash_Photo-by-Miguel-Bruna-on-Unsplash-150x150.jpg 150w, https:\/\/auratoria.com\/wp-content\/uploads\/2022\/02\/miguel-bruna-TzVN0xQhWaQ-unsplash_Photo-by-Miguel-Bruna-on-Unsplash-100x100.jpg 100w\" sizes=\"(max-width: 150px) 100vw, 150px\" \/><\/p>\n<p>Les projets et transformations organisationnelles ne peuvent se mettre en \u0153uvre efficacement et sur la dur\u00e9e qu\u2019avec ce <strong>moteur puissant <\/strong><strong>et essentiel :<\/strong> <strong>l\u2019humain, et sa conviction partag\u00e9e<\/strong>.<\/p>\n<p>En premi\u00e8re ligne, se trouvent les <strong>porteurs de vision<\/strong>, dirigeants ou chefs d\u2019entreprise, entrepreneurs, intrapreneurs, managers, charg\u00e9s de projet.<\/p>\n<p><strong>Leurs comp\u00e9tences en communication interpersonnelle et prise de parole sont essentielles \u00e0 leur capacit\u00e9 de leadership.<\/strong><\/p>\n<ul>\n<li>Parce que r\u00e9ussir son oral, c\u2019est <strong>gagner en confiance<\/strong> : confiance en soi, confiance de tous.<\/li>\n<li>C\u2019est aussi <strong>gagner les ressources n\u00e9cessaires<\/strong> pour votre projet, votre vision.<\/li>\n<li>Parce que <strong>chacun et chacune en a la capacit\u00e9<\/strong>. Avec la bonne <a href=\"https:\/\/auratoria.com\/prise-de-parole-en-public\/methode_ancrage_partage\/\">m\u00e9thode<\/a> et de l\u2019entra\u00eenement, dans le respect de sa personnalit\u00e9 et le d\u00e9ploiement de ses talents.<\/li>\n<\/ul>\n<p><span style=\"color: #800000;\">Comment faire face \u00e0 un public nombreux, un public choisi ou restreint, un\/e interlocuteur\/trice unique, ou encore une cam\u00e9ra, un micro ?<\/span><\/p>\n<p><strong>Nous communiquons tous par le contenu et la relation.<\/strong><br \/>\nTravailler avec AURATORIA, c\u2019est se donner les <strong>cl\u00e9s sur-mesure<\/strong> d\u2019interventions et \u00e9changes r\u00e9ussis et convaincants, en fran\u00e7ais ou en anglais.<\/p>\n<p>Avec les Coaches AURATORIA, le travail se porte selon les besoins et objectifs de la Personne Coach\u00e9e sur la relation \u00e0 soi et aux autres, les croyances, les \u00e9motions, et l\u2019appropriation des techniques adapt\u00e9es \u00e0 votre public, votre type d\u2019intervention, votre interlocuteur\/ trice cible, pour <strong>transmettre votre vision et votre conviction<\/strong>.<\/p>\n<h2><strong><img decoding=\"async\" loading=\"lazy\" class=\"alignleft size-full wp-image-747\" src=\"https:\/\/auratoria.com\/wp-content\/uploads\/2018\/11\/Prise_de_parole_en_public_Micro_Rideaux_Auratoria_AdobeStock_51658398_bande.jpeg\" alt=\"\" width=\"4960\" height=\"2201\" srcset=\"https:\/\/auratoria.com\/wp-content\/uploads\/2018\/11\/Prise_de_parole_en_public_Micro_Rideaux_Auratoria_AdobeStock_51658398_bande.jpeg 4960w, https:\/\/auratoria.com\/wp-content\/uploads\/2018\/11\/Prise_de_parole_en_public_Micro_Rideaux_Auratoria_AdobeStock_51658398_bande-300x133.jpeg 300w, https:\/\/auratoria.com\/wp-content\/uploads\/2018\/11\/Prise_de_parole_en_public_Micro_Rideaux_Auratoria_AdobeStock_51658398_bande-768x341.jpeg 768w, https:\/\/auratoria.com\/wp-content\/uploads\/2018\/11\/Prise_de_parole_en_public_Micro_Rideaux_Auratoria_AdobeStock_51658398_bande-1024x454.jpeg 1024w\" sizes=\"(max-width: 767px) 89vw, (max-width: 1000px) 54vw, (max-width: 1071px) 543px, 580px\" \/>AURATORIA, la combinaison d&rsquo;\u00e9l\u00e9ments indispensables pour vos prises de parole \u00e0 enjeu :<\/strong><\/h2>\n<ul>\n<li><strong>l&rsquo;aura<\/strong> : pour booster votre <strong>charisme,<\/strong> votre <strong>leadership,<\/strong> pour vous d\u00e9marquer et faire de votre personnalit\u00e9 votre empreinte.<\/li>\n<li><strong>oratorio<\/strong> : \u00ab\u00a0une composition symphonique pour ch\u0153ur, orchestre et solistes\u00a0\u00bb. Porteur de vision, dirigeant, manager, intrapreneur, vous \u00eates <strong>soliste<\/strong>,\u00a0faisant vivre \u00e0 votre public des moments forts, vous appuyant sur une riche composition m\u00ealant technique, comp\u00e9tences et \u00e9quipes, pour emmener vos auditeurs dans votre univers et le leur faire partager.<\/li>\n<li><strong>oratoria<\/strong> : en italien, il s&rsquo;agit de l&rsquo;<strong>art oratoire<\/strong>, de <strong>l&rsquo;\u00e9loquence<\/strong>, celle que nous allons vous aider \u00e0 acqu\u00e9rir. Issu lui-m\u00eame du latin <strong>actio oratoria<\/strong>, les pr\u00e9ceptes de l&rsquo;\u00e9loquence dispens\u00e9s jadis par Cic\u00e9ron et Quintilien : <span style=\"text-decoration: underline;\">la mise en sc\u00e8ne du corps parlant<\/span>.<\/li>\n<li>une <strong><a href=\"http:\/\/auratoria.com\/nos-services\/methode_ancrage_partage\/\"><strong style=\"font-size: 1rem;\">m\u00e9thode exclusive :\u00a0<\/strong><strong style=\"font-size: 1rem;\">Ancrage&#038;Partage\u00ae<\/strong><\/a><\/strong><span style=\"font-size: 1rem;\">,<\/span>\u00a0pour d\u00e9complexer et rendre performante chacune de vos prises de parole.<\/li>\n<li>un <strong>accompagnement sur-mesure<\/strong>, pour maximiser votre efficacit\u00e9 selon votre environnement, votre personnalit\u00e9 et vos probl\u00e9matiques sp\u00e9cifiques.<\/li>\n<li>situ\u00e9s \u00e0 Paris, une culture et une <strong>capacit\u00e9 internationales<\/strong>, pour vous accompagner dans tous vos d\u00e9veloppements, et des interventions en <strong>anglais<\/strong> comme en fran\u00e7ais.<\/li>\n<\/ul>\n<hr \/>\n<p><img decoding=\"async\" loading=\"lazy\" class=\"alignleft wp-image-2247 size-thumbnail\" src=\"https:\/\/auratoria.com\/wp-content\/uploads\/2021\/06\/logo_auratoria_base_favicon_HD-150x150.jpg\" sizes=\"(max-width: 150px) 100vw, 150px\" srcset=\"https:\/\/auratoria.com\/wp-content\/uploads\/2021\/06\/logo_auratoria_base_favicon_HD-150x150.jpg 150w, https:\/\/auratoria.com\/wp-content\/uploads\/2021\/06\/logo_auratoria_base_favicon_HD-300x300.jpg 300w, https:\/\/auratoria.com\/wp-content\/uploads\/2021\/06\/logo_auratoria_base_favicon_HD-100x100.jpg 100w, https:\/\/auratoria.com\/wp-content\/uploads\/2021\/06\/logo_auratoria_base_favicon_HD.jpg 595w\" alt=\"\" width=\"150\" height=\"150\" \/><\/p>\n<p><strong>Lib\u00e9rer votre pouvoir de conviction : a<\/strong><strong>ssurons ensemble la performance <\/strong><strong>de votre parole<\/strong><\/p>\n<p><a href=\"https:\/\/auratoria.com\/coaching-professionnel-individuel-et-collectif\/\" target=\"_blank\" rel=\"noopener\">En savoir plus sur nos services de coaching professionnel<\/a><br \/>\n<a href=\"https:\/\/auratoria.com\/formations-intraentreprise-sur-mesure\/\" target=\"_blank\" rel=\"noopener\">En savoir plus sur nos services de formation<\/a><br \/>\n<a href=\"https:\/\/auratoria.com\/nos-services\/prestations-animation-evenements-et-conseil\/\" target=\"_blank\" rel=\"noopener\">En savoir plus sur nos services s\u00e9minaires et \u00e9v\u00e9nements<\/a><\/p>\n<p><img decoding=\"async\" loading=\"lazy\" class=\"wp-image-2087 size-thumbnail alignleft\" src=\"https:\/\/auratoria.com\/wp-content\/uploads\/2021\/04\/pexels-negative-space-33999-150x150.jpg\" sizes=\"(max-width: 150px) 100vw, 150px\" srcset=\"https:\/\/auratoria.com\/wp-content\/uploads\/2021\/04\/pexels-negative-space-33999-150x150.jpg 150w, https:\/\/auratoria.com\/wp-content\/uploads\/2021\/04\/pexels-negative-space-33999-100x100.jpg 100w\" alt=\"\" width=\"150\" height=\"150\" \/><\/p>\n<p><a href=\"http:\/\/auratoria.com\/contact\/\">Nous contacter<\/a><\/p>\n<\/div>","protected":false},"excerpt":{"rendered":"<p>L&rsquo;alli\u00e9 de votre prise de parole &nbsp; Prise de parole en public et communication interpersonnelle, des leviers de performance en entreprise Aujourd\u2019hui, acc\u00e9l\u00e9ration digitale distanciation et accompagnement du changement accentuent le besoin de comp\u00e9tences communicationnelles et comportementales. Les projets et transformations organisationnelles ne peuvent se mettre en \u0153uvre efficacement et sur la dur\u00e9e qu\u2019avec ce &hellip; <\/p>\n<p class=\"link-more\"><a href=\"https:\/\/auratoria.com\/fr\/prise-de-parole-en-public\/\" class=\"more-link\">Continuer la lecture<span class=\"screen-reader-text\"> de &laquo;&nbsp;L&rsquo;alli\u00e9 de votre prise de parole&nbsp;&raquo;<\/span><\/a><\/p>\n","protected":false},"author":1,"featured_media":0,"parent":0,"menu_order":0,"comment_status":"closed","ping_status":"closed","template":"","meta":{"footnotes":""},"_links":{"self":[{"href":"https:\/\/auratoria.com\/fr\/wp-json\/wp\/v2\/pages\/25"}],"collection":[{"href":"https:\/\/auratoria.com\/fr\/wp-json\/wp\/v2\/pages"}],"about":[{"href":"https:\/\/auratoria.com\/fr\/wp-json\/wp\/v2\/types\/page"}],"author":[{"embeddable":true,"href":"https:\/\/auratoria.com\/fr\/wp-json\/wp\/v2\/users\/1"}],"replies":[{"embeddable":true,"href":"https:\/\/auratoria.com\/fr\/wp-json\/wp\/v2\/comments?post=25"}],"version-history":[{"count":61,"href":"https:\/\/auratoria.com\/fr\/wp-json\/wp\/v2\/pages\/25\/revisions"}],"predecessor-version":[{"id":3295,"href":"https:\/\/auratoria.com\/fr\/wp-json\/wp\/v2\/pages\/25\/revisions\/3295"}],"wp:attachment":[{"href":"https:\/\/auratoria.com\/fr\/wp-json\/wp\/v2\/media?parent=25"}],"curies":[{"name":"wp","href":"https:\/\/api.w.org\/{rel}","templated":true}]}}