{"id":254,"date":"2018-04-10T16:33:12","date_gmt":"2018-04-10T14:33:12","guid":{"rendered":"http:\/\/auratoria.com\/?page_id=254"},"modified":"2024-09-07T22:46:23","modified_gmt":"2024-09-07T20:46:23","slug":"prestations-animation-evenements-et-conseil","status":"publish","type":"page","link":"https:\/\/auratoria.com\/fr\/prestations-animation-evenements-et-conseil\/","title":{"rendered":"Prestations AURATORIA\u00ae s\u00e9minaires et \u00e9v\u00e9nements"},"content":{"rendered":"<div class=\"bt_bb_wrapper\"><h1><img decoding=\"async\" loading=\"lazy\" class=\"alignnone size-medium wp-image-786\" src=\"http:\/\/auratoria.com\/wp-content\/uploads\/2018\/11\/ligne_rouge_haut-1-300x11.jpg\" alt=\"\" width=\"300\" height=\"11\" srcset=\"https:\/\/auratoria.com\/wp-content\/uploads\/2018\/11\/ligne_rouge_haut-1-300x11.jpg 300w, https:\/\/auratoria.com\/wp-content\/uploads\/2018\/11\/ligne_rouge_haut-1.jpg 400w\" sizes=\"(max-width: 300px) 100vw, 300px\" \/><br \/>\nNos services pour vos s\u00e9minaires et \u00e9v\u00e9nements<\/h1>\n<p><img decoding=\"async\" loading=\"lazy\" class=\"size-medium wp-image-787 alignright\" src=\"http:\/\/auratoria.com\/wp-content\/uploads\/2018\/11\/ligne_rouge_bas-1-300x11.jpg\" alt=\"\" width=\"300\" height=\"11\" srcset=\"https:\/\/auratoria.com\/wp-content\/uploads\/2018\/11\/ligne_rouge_bas-1-300x11.jpg 300w, https:\/\/auratoria.com\/wp-content\/uploads\/2018\/11\/ligne_rouge_bas-1.jpg 400w\" sizes=\"(max-width: 300px) 100vw, 300px\" \/><\/p>\n<p>&nbsp;<\/p>\n<p><img decoding=\"async\" loading=\"lazy\" class=\"size-full wp-image-1229\" src=\"https:\/\/auratoria.com\/wp-content\/uploads\/2020\/02\/Gestion_Du_Stress_AURATORIA.jpg\" alt=\"\" width=\"5120\" height=\"3200\" srcset=\"https:\/\/auratoria.com\/wp-content\/uploads\/2020\/02\/Gestion_Du_Stress_AURATORIA.jpg 5120w, https:\/\/auratoria.com\/wp-content\/uploads\/2020\/02\/Gestion_Du_Stress_AURATORIA-300x188.jpg 300w, https:\/\/auratoria.com\/wp-content\/uploads\/2020\/02\/Gestion_Du_Stress_AURATORIA-768x480.jpg 768w, https:\/\/auratoria.com\/wp-content\/uploads\/2020\/02\/Gestion_Du_Stress_AURATORIA-1024x640.jpg 1024w\" sizes=\"(max-width: 767px) 89vw, (max-width: 1000px) 54vw, (max-width: 1071px) 543px, 580px\" \/><\/p>\n<p>Pour renforcer la performance de vos <strong>\u00e9quipes<\/strong>, de votre <strong>ComEx ou CoDir<\/strong>, de votre <strong>organisation<\/strong>, AURATORIA\u00ae vous accompagne par la r\u00e9alisation d&rsquo;ateliers et s\u00e9minaires sur-mesure.<\/p>\n<p>Vos sujets : d\u00e9velopper <b>l\u2019intelligence collective<\/b>, renforcer <b>l\u2019esprit d\u2019\u00e9quipe <\/b>et la <b>collaboration transversale<\/b>, d\u00e9velopper la <b>cr\u00e9ativit\u00e9<\/b>, fluidifier la <b>communication<\/b>, soutenir le <b>leadership f\u00e9minin et la mixit\u00e9<\/b>, mettre en place une <b>vision partag\u00e9e<\/b>, repenser vos modes <b>d&rsquo;organisation et de gouvernance<\/b>, soutenir un projet de <b>transformation<\/b> \u00e0 long terme.<\/p>\n<h2>Notre d\u00e9marche<\/h2>\n<ol>\n<li>Echange de cadrage pr\u00e9liminaire avec le sponsor ou responsable du projet<\/li>\n<li>Selon la taille du projet, mise en place d&rsquo;un comit\u00e9 de pilotage conjoint<\/li>\n<li>R\u00e9unions de travail avec le sponsor ou le comit\u00e9 de pilotage pour co-concevoir le s\u00e9minaire (objectifs, modalit\u00e9s et outils collaboratifs, nombre et type d&rsquo;intervenants&#8230;) \u2013 2 \u00e0 4 r\u00e9unions<br \/>\nQuestionnaires ou entretiens avec les membres des \u00e9quipes selon la taille du collectif<\/li>\n<li>Accompagnement des intervenants, coordination technique et logistique<\/li>\n<li>Conception des supports et contenus du s\u00e9minaire ou de l&rsquo;\u00e9v\u00e9nement<\/li>\n<li>Facilitation du s\u00e9minaire<\/li>\n<li>Bilan des livrables ou de l&rsquo;\u00e9v\u00e9nement avec le sponsor et\/ou le comit\u00e9 de pilotage<\/li>\n<\/ol>\n<h2>Nos atouts<\/h2>\n<p><i><em><img decoding=\"async\" loading=\"lazy\" class=\"alignleft wp-image-2122 size-thumbnail\" src=\"https:\/\/auratoria.com\/wp-content\/uploads\/2021\/04\/pexels-cottonbro-4676443-carre-mug-anglais-150x150.jpg\" alt=\"\" width=\"150\" height=\"150\" srcset=\"https:\/\/auratoria.com\/wp-content\/uploads\/2021\/04\/pexels-cottonbro-4676443-carre-mug-anglais-150x150.jpg 150w, https:\/\/auratoria.com\/wp-content\/uploads\/2021\/04\/pexels-cottonbro-4676443-carre-mug-anglais-300x300.jpg 300w, https:\/\/auratoria.com\/wp-content\/uploads\/2021\/04\/pexels-cottonbro-4676443-carre-mug-anglais-768x769.jpg 768w, https:\/\/auratoria.com\/wp-content\/uploads\/2021\/04\/pexels-cottonbro-4676443-carre-mug-anglais-1024x1024.jpg 1024w, https:\/\/auratoria.com\/wp-content\/uploads\/2021\/04\/pexels-cottonbro-4676443-carre-mug-anglais-100x100.jpg 100w, https:\/\/auratoria.com\/wp-content\/uploads\/2021\/04\/pexels-cottonbro-4676443-carre-mug-anglais.jpg 1162w\" sizes=\"(max-width: 150px) 100vw, 150px\" \/><\/em><\/i>Pour des groupes de 12 \u00e0 100 participants, nous concevons avec vous et pour vous <strong>la formule r\u00e9pondant le mieux \u00e0 vos objectifs et vos sp\u00e9cificit\u00e9s<\/strong> et mettons \u00e0 votre service des <strong>intervenants exp\u00e9riment\u00e9s<\/strong>.<\/p>\n<p>Nous nous adaptons \u00e0 votre style, votre ton, votre environnement, votre culture, votre audience et vos contraintes, en <strong>fran\u00e7ais<\/strong> ou en <strong>anglais<\/strong>, selon vos objectifs.<\/p>\n<p><span style=\"color: #000000; font-size: 1rem;\"><a href=\"https:\/\/auratoria.com\/2020\/10\/15\/des-seminaires-enthousiasmants\/\" target=\"_blank\" rel=\"noopener\">Haut niveau d&rsquo;exigence professionnelle, bienveillance,\u00a0 esprit de convivialit\u00e9, de dynamisation et de mise en pratique sont au rendez-vous<\/a>.<\/span><\/p>\n<p><span style=\"color: #000000;\">Et ce, <strong>quel que soit le format<\/strong> : pr\u00e9sentiel ou distanciel \u00ab\u00a0full remote\u00a0\u00bb.<\/span><\/p>\n<p><strong>Quelques exemples d\u2019outils :<\/strong> design thinking, th\u00e9\u00e2tre-forum, vision partag\u00e9e, jeux de r\u00f4les, serious games (jeux apprenants), r\u00e9flexivit\u00e9, niveaux logiques, arbre de vie&#8230;<\/p>\n<h2>Notre c\u0153ur d&rsquo;\u00e9quipe pour vous<\/h2>\n<p><b>Rapha\u00eble de La Laurencie<br \/>\n<\/b><b><i>Consultante, coach professionnelle certifi\u00e9e, facilitatrice<\/i><\/b><\/p>\n<p><b>25+ ans d\u2019exp\u00e9rience <\/b>en c<img decoding=\"async\" loading=\"lazy\" class=\"alignleft wp-image-2780 size-thumbnail\" src=\"https:\/\/auratoria.com\/wp-content\/uploads\/2023\/03\/Photo_RLL_ID_AURATORIA-150x150.jpg\" alt=\"\" width=\"150\" height=\"150\" srcset=\"https:\/\/auratoria.com\/wp-content\/uploads\/2023\/03\/Photo_RLL_ID_AURATORIA-150x150.jpg 150w, https:\/\/auratoria.com\/wp-content\/uploads\/2023\/03\/Photo_RLL_ID_AURATORIA-100x100.jpg 100w\" sizes=\"(max-width: 150px) 100vw, 150px\" \/>ommunication et \u00e9v\u00e9nementiel, conseil, management, direction de service, accompagnement d\u2019\u00e9quipes, de managers et de dirigeants, animation, facilitation et performances sc\u00e9niques, gestion de projets complexes<\/p>\n<p><a href=\"https:\/\/www.linkedin.com\/in\/raphaeledelalaurencie\/\" target=\"_blank\" rel=\"noopener\">https:\/\/www.linkedin.com\/in\/raphaeledelalaurencie\/<\/a><\/p>\n<p>&nbsp;<\/p>\n<p><b><img decoding=\"async\" loading=\"lazy\" class=\"alignleft wp-image-2773 size-thumbnail\" src=\"https:\/\/auratoria.com\/wp-content\/uploads\/2023\/03\/Photo_Sarah_Hassine-150x150.png\" alt=\"\" width=\"150\" height=\"150\" srcset=\"https:\/\/auratoria.com\/wp-content\/uploads\/2023\/03\/Photo_Sarah_Hassine-150x150.png 150w, https:\/\/auratoria.com\/wp-content\/uploads\/2023\/03\/Photo_Sarah_Hassine-100x100.png 100w\" sizes=\"(max-width: 150px) 100vw, 150px\" \/>Sarah <\/b><b>H<\/b><b>assine<br \/>\n<\/b><b><i>Consultante, coach professionnelle certifi\u00e9e<\/i><\/b><\/p>\n<p><b>25+ ans d\u2019exp\u00e9rience <\/b>en communication et management, direction de service, \u00e9v\u00e9nementiel et animation, accompagnement d\u2019\u00e9quipes, de managers et de dirigeants<br \/>\n<a href=\"https:\/\/www.linkedin.com\/in\/sarahhassine\/\" target=\"_blank\" rel=\"noopener\">https:\/\/www.linkedin.com\/in\/sarahhassine\/<\/a><\/p>\n<hr \/>\n<h2>Nos autres prestations conseil et animation<\/h2>\n<p>Pour soutenir l&rsquo;impact de vos <strong>pr\u00e9sentations de projets<\/strong>, de votre<strong> communication <\/strong>ou de vos <strong>\u00e9v\u00e9nements<\/strong>, AURATORIA\u00ae vous accompagne \u00e0 l&rsquo;aide d&rsquo;une palette de services d\u00e9di\u00e9s :<\/p>\n<ul>\n<li>Conception, pilotage et animation ou facilitation d&rsquo;\u00e9v\u00e9nements professionnels &#8211; s\u00e9minaires, webinaires, conventions, teambuilding, table ronde, d\u00e9bats, conf\u00e9rence<\/li>\n<li>Conseil en gestion et communication de crise<\/li>\n<li>Conseil en personal branding professionnel<\/li>\n<li>Conseil en structuration et r\u00e9daction de prise de parole (TedTalk, discours, pitch)<\/li>\n<li>Conseil en r\u00e9alisation de supports d&rsquo;oral (Powerpoint, Pr\u00e9zy, Keynotes)<\/li>\n<li>M\u00e9diatraining et vid\u00e9otraining<\/li>\n<\/ul>\n<hr \/>\n<h2><span style=\"color: #800000;\"><strong>Quelques verbatims de clients et participants<\/strong><\/span><\/h2>\n<p><span style=\"color: #800000;\"><em><a href=\"https:\/\/auratoria.com\/nos-references\/ils-disent-de-nous\/\"><img decoding=\"async\" loading=\"lazy\" class=\"alignleft size-full wp-image-1127\" src=\"https:\/\/auratoria.com\/wp-content\/uploads\/2020\/01\/Picto_Parole_AURATORIA_neg.png\" alt=\"Picto_Parole_AURATORIA_neg\" width=\"161\" height=\"161\" srcset=\"https:\/\/auratoria.com\/wp-content\/uploads\/2020\/01\/Picto_Parole_AURATORIA_neg.png 161w, https:\/\/auratoria.com\/wp-content\/uploads\/2020\/01\/Picto_Parole_AURATORIA_neg-150x150.png 150w, https:\/\/auratoria.com\/wp-content\/uploads\/2020\/01\/Picto_Parole_AURATORIA_neg-100x100.png 100w\" sizes=\"(max-width: 161px) 100vw, 161px\" \/><\/a><\/em><\/span><span style=\"color: #800000;\"><em><span class=\"lt-line-clamp__line\">\u201cUn super accompagnement lors de la pr\u00e9paration de<\/span>\u00a0<span class=\"lt-line-clamp__line\">notre dernier s\u00e9minaire. Un professionnalisme et un recul qui nous<\/span>\u00a0<span class=\"lt-line-clamp__line lt-line-clamp__line--last\">ont permis d\u2019\u00eatre plus percutants et d\u2019obtenir l\u2019adh\u00e9sion de tous.\u201d<\/span><\/em><\/span><\/p>\n<p><span style=\"color: #800000;\"><em>\u201c(\u2026) un cocktail \u00e0 base d\u2019analyse, de \u00ab gniaque \u00bb, d\u2019enthousiasme et de bienveillance qui permettent de progresser rapidement et d\u2019obtenir de tr\u00e8s bons r\u00e9sultats (\u2026) que l\u2019on soit sur des sujets de communication, de prise de parole en public, d\u2019organisation d\u2019ateliers, de s\u00e9minaires ou d\u2019\u00e9v\u00e9nements.\u201d<\/em><\/span><\/p>\n<p><span style=\"color: #800000;\"><em>\u201cDe la forme, du fond, de la bienveillance et du dynamisme\u2026 Et plein de choses \u00e0 partager. Bref, une super journ\u00e9e ! Encore merci.\u201d<\/em><\/span><\/p>\n<p><span style=\"color: #800000;\"><em>\u201cBravo aux deux coaches et pour leur \u00e9nergie. (\u2026) je repars contente de cette journ\u00e9e de partage, de cr\u00e9ativit\u00e9 et de coh\u00e9sion.\u201d<\/em><\/span><\/p>\n<p><span style=\"color: #800000;\"><em>\u201cCoh\u00e9sion, bonne humeur et bienveillance [pour notre s\u00e9minaire sur-mesure].\u201d<\/em><\/span><\/p>\n<p><span style=\"color: #800000;\"><em><span class=\"lt-line-clamp__line\">\u201cMerci d\u2019avoir accompagn\u00e9 les Managers d\u2019<a style=\"color: #800000;\" href=\"https:\/\/www.linkedin.com\/company\/aircall\/\" data-attribute-index=\"2\" data-entity-hovercard-id=\"urn:li:fs_miniCompany:5013970\" data-entity-type=\"MINI_COMPANY\">Aircall<\/a>\u00a0le temps d\u2019un webinar dans le cadre de notre Manager Program, pour comprendre, pratiquer et am\u00e9liorer leur communication ! Ce f\u00fbt un moment interactif, plein de bonnes ondes, de bonnes id\u00e9es, de bons tips, de bonnes informations. Impactful et plus qu\u2019appr\u00e9ci\u00e9 ! Merci.\u201d<\/span><\/em><\/span><\/p>\n<hr \/>\n<p><a href=\"http:\/\/auratoria.com\/contact\/\"><img decoding=\"async\" loading=\"lazy\" class=\"alignleft wp-image-2087 size-thumbnail\" src=\"https:\/\/auratoria.com\/wp-content\/uploads\/2021\/04\/pexels-negative-space-33999-150x150.jpg\" sizes=\"(max-width: 150px) 100vw, 150px\" srcset=\"https:\/\/auratoria.com\/wp-content\/uploads\/2021\/04\/pexels-negative-space-33999-150x150.jpg 150w, https:\/\/auratoria.com\/wp-content\/uploads\/2021\/04\/pexels-negative-space-33999-100x100.jpg 100w\" alt=\"\" width=\"150\" height=\"150\" \/><\/a>Vous souhaitez mettre en place un <b>atelier <\/b>ou un <strong>s\u00e9minaire<\/strong> sur-mesure dans votre entreprise ? <a href=\"http:\/\/auratoria.com\/contact\/\" target=\"_blank\" rel=\"noopener\">Contactez-nous.<\/a><br \/>\n<em>Prestations sur devis en fonction de la dur\u00e9e et la taille des groupes \u00e0 accompagner.<\/em><\/p>\n<p>Vous souhaitez mettre en place d\u2019autres formes d\u2019accompagnement pour votre entreprise ou pour vous-m\u00eame ? Pour des interventions en <a href=\"https:\/\/auratoria.com\/coaching-professionnel-individuel-et-collectif\/\" target=\"_blank\" rel=\"noopener\">coaching professionnel individuel ou collectif,<\/a> <a style=\"font-size: 1rem;\" href=\"https:\/\/auratoria.com\/coaching-professionnel-individuel-et-collectif\/coaching-prise-de-parole-et-communication\/\" target=\"_blank\" rel=\"noopener\">coachings prise de parole en public et communication<\/a>, <a style=\"font-size: 1rem;\" href=\"https:\/\/auratoria.com\/coaching-professionnel-individuel-et-collectif\/executive-coaching-pour-managers-managers-et-dirigeants\/\" target=\"_blank\" rel=\"noopener\">executive coaching managers et dirigeants<\/a>, <a href=\"https:\/\/auratoria.com\/formations-intraentreprise-sur-mesure\/\" target=\"_blank\" rel=\"noopener\">formations intra-entreprise<\/a><span style=\"font-size: 1rem;\">, voir les pages d\u00e9di\u00e9es ou\u00a0<\/span><a style=\"font-size: 1rem;\" href=\"https:\/\/auratoria.com\/contact\/\" target=\"_blank\" rel=\"noopener\">nous consulter<\/a>.<\/p>\n<\/div>","protected":false},"excerpt":{"rendered":"<p>Nos services pour vos s\u00e9minaires et \u00e9v\u00e9nements &nbsp; Pour renforcer la performance de vos \u00e9quipes, de votre ComEx ou CoDir, de votre organisation, AURATORIA\u00ae vous accompagne par la r\u00e9alisation d&rsquo;ateliers et s\u00e9minaires sur-mesure. Vos sujets : d\u00e9velopper l\u2019intelligence collective, renforcer l\u2019esprit d\u2019\u00e9quipe et la collaboration transversale, d\u00e9velopper la cr\u00e9ativit\u00e9, fluidifier la communication, soutenir le leadership &hellip; <\/p>\n<p class=\"link-more\"><a href=\"https:\/\/auratoria.com\/fr\/prestations-animation-evenements-et-conseil\/\" class=\"more-link\">Continuer la lecture<span class=\"screen-reader-text\"> de &laquo;&nbsp;Prestations AURATORIA\u00ae s\u00e9minaires et \u00e9v\u00e9nements&nbsp;&raquo;<\/span><\/a><\/p>\n","protected":false},"author":1,"featured_media":0,"parent":0,"menu_order":0,"comment_status":"closed","ping_status":"closed","template":"","meta":{"footnotes":""},"_links":{"self":[{"href":"https:\/\/auratoria.com\/fr\/wp-json\/wp\/v2\/pages\/254"}],"collection":[{"href":"https:\/\/auratoria.com\/fr\/wp-json\/wp\/v2\/pages"}],"about":[{"href":"https:\/\/auratoria.com\/fr\/wp-json\/wp\/v2\/types\/page"}],"author":[{"embeddable":true,"href":"https:\/\/auratoria.com\/fr\/wp-json\/wp\/v2\/users\/1"}],"replies":[{"embeddable":true,"href":"https:\/\/auratoria.com\/fr\/wp-json\/wp\/v2\/comments?post=254"}],"version-history":[{"count":78,"href":"https:\/\/auratoria.com\/fr\/wp-json\/wp\/v2\/pages\/254\/revisions"}],"predecessor-version":[{"id":3550,"href":"https:\/\/auratoria.com\/fr\/wp-json\/wp\/v2\/pages\/254\/revisions\/3550"}],"wp:attachment":[{"href":"https:\/\/auratoria.com\/fr\/wp-json\/wp\/v2\/media?parent=254"}],"curies":[{"name":"wp","href":"https:\/\/api.w.org\/{rel}","templated":true}]}}