{"id":2590,"date":"2022-12-27T12:26:55","date_gmt":"2022-12-27T11:26:55","guid":{"rendered":"https:\/\/auratoria.com\/?page_id=2590"},"modified":"2025-12-17T23:57:16","modified_gmt":"2025-12-17T22:57:16","slug":"raphaele-de-la-laurencie-presidente-et-fondatrice-auratoria","status":"publish","type":"page","link":"https:\/\/auratoria.com\/fr\/qui-sommes-nous\/raphaele-de-la-laurencie-presidente-et-fondatrice-auratoria\/","title":{"rendered":"Rapha\u00eble de La Laurencie, Pr\u00e9sidente et Fondatrice AURATORIA"},"content":{"rendered":"<div class=\"bt_bb_wrapper\"><div class=\"post_content\">\n<h1><img decoding=\"async\" loading=\"lazy\" class=\"alignnone size-medium wp-image-786\" src=\"http:\/\/auratoria.com\/wp-content\/uploads\/2018\/11\/ligne_rouge_haut-1-300x11.jpg\" alt=\"\" width=\"300\" height=\"11\" srcset=\"https:\/\/auratoria.com\/wp-content\/uploads\/2018\/11\/ligne_rouge_haut-1-300x11.jpg 300w, https:\/\/auratoria.com\/wp-content\/uploads\/2018\/11\/ligne_rouge_haut-1.jpg 400w\" sizes=\"(max-width: 300px) 100vw, 300px\" \/><br \/>\nRapha\u00eble de La Laurencie<br \/>\n<img decoding=\"async\" loading=\"lazy\" class=\"size-medium wp-image-787 alignright\" src=\"http:\/\/auratoria.com\/wp-content\/uploads\/2018\/11\/ligne_rouge_bas-1-300x11.jpg\" alt=\"\" width=\"300\" height=\"11\" srcset=\"https:\/\/auratoria.com\/wp-content\/uploads\/2018\/11\/ligne_rouge_bas-1-300x11.jpg 300w, https:\/\/auratoria.com\/wp-content\/uploads\/2018\/11\/ligne_rouge_bas-1.jpg 400w\" sizes=\"(max-width: 300px) 100vw, 300px\" \/><\/h1>\n<p>&nbsp;<\/p>\n<p><img decoding=\"async\" loading=\"lazy\" class=\"alignleft wp-image-1401 size-thumbnail\" style=\"font-size: 1.125rem;\" src=\"https:\/\/auratoria.com\/wp-content\/uploads\/2020\/04\/Photo_ID_RLL_AURATORIA-150x150.png\" alt=\"\" width=\"150\" height=\"150\" srcset=\"https:\/\/auratoria.com\/wp-content\/uploads\/2020\/04\/Photo_ID_RLL_AURATORIA-150x150.png 150w, https:\/\/auratoria.com\/wp-content\/uploads\/2020\/04\/Photo_ID_RLL_AURATORIA-100x100.png 100w\" sizes=\"(max-width: 150px) 100vw, 150px\" \/><\/p>\n<p><strong>Coach professionnelle certifi\u00e9e, consultante- formatrice et facilitatrice, <\/strong>Rapha\u00eble de La Laurencie intervient notamment sur des sujets de <strong>d\u00e9veloppement professionnel<\/strong> : d\u00e9veloppement du leadership, clarification d\u2019orientation ou arbitrage professionnel, communication interpersonnelle et relations complexes, prise de parole en public et r\u00e9unions \u00e0 enjeu, stress, surcharge, perte de sens ou de confiance, prise de poste de management ou direction, \u00e9volution de responsabilit\u00e9s, affirmation de soi, coh\u00e9sion et collaboration, et plus g\u00e9n\u00e9ralement les comp\u00e9tences psycho-sociales ou \u00ab\u00a0soft skills\u00a0\u00bb pour accompagner et d\u00e9velopper le facteur humain au sein des organisations.<\/p>\n<p><strong>Bilingue fran\u00e7ais-anglais<\/strong>, <strong>sp\u00e9cialiste de la relation et du changement, <\/strong>elle est experte en communication, leadership et management, forte de <strong>pr\u00e8s de 30 ans<\/strong> de management d&rsquo;\u00e9quipe, de direction de service international, d&rsquo;accompagnement et mise en \u0153uvre de la transformation et des strat\u00e9gies, d&rsquo;accompagnement de dirigeants, de managers, d&rsquo;\u00e9quipes et d&rsquo;organisation, d&rsquo;animation, de facilitation et de performances sc\u00e9niques.<\/p>\n<p>Elle a accompagn\u00e9 \u00e0 ce jour <strong>plus de 75 organisations, et plus de 4300 personnes<\/strong> &#8211; dirigeants, managers, collaborateurs et \u00e9quipes &#8211; dans le d\u00e9veloppement de leur performance individuelle et collective.<\/p>\n<p><!--more--><\/p>\n<p>Dipl\u00f4m\u00e9e en Management et Marketing (Paris Dauphine) et en Techniques de l&rsquo;Information et de la Communication au CELSA-Sorbonne, Rapha\u00eble de La Laurencie a construit sa carri\u00e8re professionnelle initiale en deux \u00e9tapes. Pendant 7 ans, elle a \u00e9labor\u00e9 en tant que <strong>publicitaire<\/strong> les strat\u00e9gies de communication multi-canaux de grands groupes industriels et de distribution, fran\u00e7ais et internationaux.<br \/>\nElle a ensuite mis ses talents au service du d\u00e9veloppement de marques de services, marques employeurs et marques produits, au sein d&rsquo;organisations et de projets \u00e0 fortes valeurs humaines et environnementales. Elle prendra ainsi la <strong>Direction de la communication des marques monde<\/strong> du groupe Arc International, o\u00f9 elle conduira des transformations majeures.<\/p>\n<p><strong><img decoding=\"async\" loading=\"lazy\" class=\"size-medium wp-image-620 alignright\" src=\"http:\/\/auratoria.com\/wp-content\/uploads\/2018\/06\/JOAO1805271330-SOLO1-EVER-53-300x200.jpg\" alt=\"\" width=\"300\" height=\"200\" srcset=\"https:\/\/auratoria.com\/wp-content\/uploads\/2018\/06\/JOAO1805271330-SOLO1-EVER-53-300x200.jpg 300w, https:\/\/auratoria.com\/wp-content\/uploads\/2018\/06\/JOAO1805271330-SOLO1-EVER-53-768x512.jpg 768w, https:\/\/auratoria.com\/wp-content\/uploads\/2018\/06\/JOAO1805271330-SOLO1-EVER-53-1024x683.jpg 1024w\" sizes=\"(max-width: 300px) 100vw, 300px\" \/><\/strong>En parall\u00e8le de ce riche cursus professionnel, elle m\u00e8ne <strong>une vie sc\u00e9nique\u00a0intense<\/strong>, et se produit en public, dans des compositions symphoniques, des com\u00e9dies musicales, op\u00e9ras et op\u00e9rettes, des pi\u00e8ces et saynettes de th\u00e9\u00e2tre, des matchs d&rsquo;improvisation, du One-Woman-Show devant des publics allant jusqu&rsquo;\u00e0 1 000 personnes.<\/p>\n<p>Constatant les m\u00e9faits de la m\u00e9communication dans le monde r\u00e9el comme le monde tout-digital, elle op\u00e8re la synth\u00e8se de ses exp\u00e9riences et <strong>cr\u00e9e AURATORIA pour lib\u00e9rer et f\u00e9d\u00e9rer les \u00e9nergies en entreprise<\/strong>. Elle se fixe pour mission de donner leur voix \u00e0 tous les porteurs de vision, d\u00e9velopper le leadership positif, accro\u00eetre la collaboration et le partage au sein des \u00e9quipes.<\/p>\n<p>Cette <strong>rare triple expertise du management et de la direction, de la communication et de la sc\u00e8ne <\/strong>lui permet de comprendre \u00e0 la fois les <strong>n\u00e9cessit\u00e9s de performance<\/strong> pour l&rsquo;organisation, les <strong>flux d&rsquo;\u00e9nergie<\/strong> de la performance sc\u00e9nique, les <strong>m\u00e9canismes de conviction<\/strong> individuelle et collective et les <strong>dynamiques de groupe<\/strong>.<\/p>\n<p>Forte d&rsquo;une <strong>exp\u00e9rience multi-secteurs et multi-organisations<\/strong>, elle comprend et s&rsquo;adapte rapidement aux environnements et besoins sp\u00e9cifiques des organisations qui font appel \u00e0 ses services. Elle <strong>cr\u00e9e et f\u00e9d\u00e8re des \u00e9quipes sur-mesure d&rsquo;experts<\/strong> au service de missions \u00e0 fort enjeu.<\/p>\n<p><strong>Bilingue fran\u00e7ais-anglais<\/strong>, issue d&rsquo;une carri\u00e8re internationale, elle accompagne les besoins de d\u00e9veloppement professionnel et de performance en environnements internationaux et multi-culturels.<\/p>\n<p><img decoding=\"async\" loading=\"lazy\" class=\"wp-image-3069 size-medium alignleft\" src=\"https:\/\/auratoria.com\/wp-content\/uploads\/2023\/09\/photo_RLL_micro_Arc_MG_5751-recadre-300x297.jpg\" alt=\"\" width=\"300\" height=\"297\" srcset=\"https:\/\/auratoria.com\/wp-content\/uploads\/2023\/09\/photo_RLL_micro_Arc_MG_5751-recadre-300x297.jpg 300w, https:\/\/auratoria.com\/wp-content\/uploads\/2023\/09\/photo_RLL_micro_Arc_MG_5751-recadre-150x150.jpg 150w, https:\/\/auratoria.com\/wp-content\/uploads\/2023\/09\/photo_RLL_micro_Arc_MG_5751-recadre-768x762.jpg 768w, https:\/\/auratoria.com\/wp-content\/uploads\/2023\/09\/photo_RLL_micro_Arc_MG_5751-recadre-1024x1015.jpg 1024w, https:\/\/auratoria.com\/wp-content\/uploads\/2023\/09\/photo_RLL_micro_Arc_MG_5751-recadre-100x100.jpg 100w\" sizes=\"(max-width: 300px) 100vw, 300px\" \/>Elle apporte une attention particuli\u00e8re au \u00a0<strong>respect de la personnalit\u00e9 et de l&rsquo;authenticit\u00e9<\/strong>, \u00e0 l&rsquo;accompagnement des <strong>intelligences diff\u00e9rentes<\/strong> &#8211; handicap et neurodiversit\u00e9 \/ HPI\/HQI -, \u00e0 la <strong>communication \u00e9thique<\/strong> et \u00e0 l&rsquo;\u00e9mergence du<strong> leadership f\u00e9minin<\/strong>.<\/p>\n<p>Elle a d\u00e9velopp\u00e9 une m\u00e9thodologie sp\u00e9cifique pour d\u00e9complexer la <strong>prise de parole en public <\/strong>et la rendre plus performante : <a href=\"http:\/\/auratoria.com\/nos-services\/methode_ancrage_partage\/\"><strong>Ancrage&#038;Partage\u00a9<\/strong><\/a>.<\/p>\n<p><img decoding=\"async\" loading=\"lazy\" class=\"alignnone size-medium wp-image-786\" src=\"http:\/\/auratoria.com\/wp-content\/uploads\/2018\/11\/ligne_rouge_haut-1-300x11.jpg\" alt=\"\" width=\"300\" height=\"11\" srcset=\"https:\/\/auratoria.com\/wp-content\/uploads\/2018\/11\/ligne_rouge_haut-1-300x11.jpg 300w, https:\/\/auratoria.com\/wp-content\/uploads\/2018\/11\/ligne_rouge_haut-1.jpg 400w\" sizes=\"(max-width: 300px) 100vw, 300px\" \/><\/p>\n<h2><strong>Parcours, exp\u00e9rience et formation<\/strong><\/h2>\n<p><img decoding=\"async\" loading=\"lazy\" class=\"size-medium wp-image-787 alignright\" src=\"http:\/\/auratoria.com\/wp-content\/uploads\/2018\/11\/ligne_rouge_bas-1-300x11.jpg\" alt=\"\" width=\"300\" height=\"11\" srcset=\"https:\/\/auratoria.com\/wp-content\/uploads\/2018\/11\/ligne_rouge_bas-1-300x11.jpg 300w, https:\/\/auratoria.com\/wp-content\/uploads\/2018\/11\/ligne_rouge_bas-1.jpg 400w\" sizes=\"(max-width: 300px) 100vw, 300px\" \/><\/p>\n<p style=\"text-align: center;\"><a href=\"https:\/\/www.linkedin.com\/in\/raphaeledelalaurencie\/\" target=\"_blank\" rel=\"noopener\"><img decoding=\"async\" loading=\"lazy\" class=\"alignleft wp-image-3759\" src=\"https:\/\/auratoria.com\/wp-content\/uploads\/2025\/09\/Logo_LinkedIn_LI-In-Bug.png\" alt=\"\" width=\"59\" height=\"50\" srcset=\"https:\/\/auratoria.com\/wp-content\/uploads\/2025\/09\/Logo_LinkedIn_LI-In-Bug.png 635w, https:\/\/auratoria.com\/wp-content\/uploads\/2025\/09\/Logo_LinkedIn_LI-In-Bug-300x255.png 300w\" sizes=\"(max-width: 59px) 100vw, 59px\" \/><\/a><a href=\"https:\/\/www.linkedin.com\/in\/raphaeledelalaurencie\/\" target=\"_blank\" rel=\"noopener\">Voir le profil LinkedIn<\/a><\/p>\n<\/div>\n<ul>\n<li><strong>Coach professionnelle et executive, formatrice-consultante, animatrice et facilitatrice, cheffe de projets complexes<\/strong>\n<ul>\n<li>Exp\u00e9rience TPE, start-ups, PME, associations et f\u00e9d\u00e9rations, grands groupes &#8211; services et industrie &#8211; secteurs communication, m\u00e9dia et publicit\u00e9, distribution, d\u00e9veloppement durable et strat\u00e9gie carbone, PGC (F&#038;B, cosm\u00e9tiques, d\u00e9tergents), arts de la table, h\u00f4tellerie-restauration, SSII, tourisme, transports, d\u00e9fense et a\u00e9ronautique, \u00e9nergie, banques, gestion immobili\u00e8re, finances et assurances, \u00e9ducation&#8230;<\/li>\n<\/ul>\n<\/li>\n<li>Responsable P\u00f4le Speakers et Contenu et Coach Speakers TEDx Celsa 2018<\/li>\n<li>Global Brands Communications Officer, Arc International<\/li>\n<li>Directrice de Client\u00e8le, CLM BBO<\/li>\n<\/ul>\n<hr \/>\n<ul>\n<li>Certifi\u00e9e RNCP Coach Professionnel et supervis\u00e9e<\/li>\n<li>Dipl\u00f4m\u00e9e du CELSA-Sorbonne &#8211; Master II Techniques Information et Communication, sp\u00e9cialisation Relations Publiques Europ\u00e9ennes (cursus bilingue)<\/li>\n<li>Dipl\u00f4m\u00e9e de Paris-Dauphine &#8211; Master I Sciences de Gestion, sp\u00e9cialisation Marketing<\/li>\n<li>Dipl\u00f4m\u00e9e de l&rsquo;Ecole de Coaching de Paris &#8211; Coach Professionnel (coaching individuel, d&rsquo;\u00e9quipe, d&rsquo;organisation, executive coaching &#8211; Analyse Transactionnelle, Analyse Syst\u00e9mique, El\u00e9ment Humain)<\/li>\n<li>Form\u00e9e au management et au leadership<\/li>\n<li>Form\u00e9e Qualiopi et R\u00e9f\u00e9rent Handicap<\/li>\n<li>Form\u00e9e \u00e0 l&rsquo;accompagnement des profils neuroatypiques et \u00e0 l&rsquo;accompagnement avec les neurosciences<\/li>\n<li>Certifi\u00e9e Digital Learning, form\u00e9e \u00e0 l&rsquo;ing\u00e9nierie p\u00e9dagogique et l&rsquo;animation de formation<\/li>\n<li>Certifi\u00e9e DISC et Forces Motrices, form\u00e9e au MBTI, \u00e0 la Process Communication, \u00e0 la facilitation et \u00e0 l&rsquo;intelligence collective<\/li>\n<li>Form\u00e9e \u00e0 la Biosyst\u00e9mique Relationnelle<\/li>\n<li>Form\u00e9e au Management des Risques Psycho-Sociaux et \u00e0 la gestion de la sant\u00e9 et de la s\u00e9curit\u00e9<\/li>\n<li>Form\u00e9e \u00e0 la Technesth\u00e9sie, aux Techniques de m\u00e9morisation, \u00e0 la Communication par l&rsquo;Improvisation, \u00e0 la Pr\u00e9sentation de projet avec impact, \u00e0 l&rsquo;Eco-Communication, \u00e0 l&rsquo;Arbre de Vie<\/li>\n<li>Form\u00e9e aux techniques du chant lyrique, jazz, choral, vari\u00e9t\u00e9, com\u00e9die musicale, du th\u00e9\u00e2tre, de l&rsquo;improvisation, du seul en sc\u00e8ne, de l&rsquo;\u00e9criture sc\u00e9nique (ARIAM, Champs Musicaux, Acad\u00e9mie Intermusicale de Paris, Ecole du One Man Show, OGI France)<\/li>\n<li>Form\u00e9e aux Sciences Politiques am\u00e9ricaines &#8211; Kennedy Institute, Choate Rosemary Hall (USA)<\/li>\n<\/ul>\n<p><img decoding=\"async\" loading=\"lazy\" class=\" wp-image-622 aligncenter\" src=\"http:\/\/auratoria.com\/wp-content\/uploads\/2018\/06\/JOAO1805271330-SOLO1-EVER-121-300x200.jpg\" alt=\"\" width=\"353\" height=\"235\" srcset=\"https:\/\/auratoria.com\/wp-content\/uploads\/2018\/06\/JOAO1805271330-SOLO1-EVER-121-300x200.jpg 300w, https:\/\/auratoria.com\/wp-content\/uploads\/2018\/06\/JOAO1805271330-SOLO1-EVER-121-768x512.jpg 768w, https:\/\/auratoria.com\/wp-content\/uploads\/2018\/06\/JOAO1805271330-SOLO1-EVER-121-1024x683.jpg 1024w\" sizes=\"(max-width: 353px) 100vw, 353px\" \/><\/p>\n<\/div>","protected":false},"excerpt":{"rendered":"<p>Rapha\u00eble de La Laurencie &nbsp; Coach professionnelle certifi\u00e9e, consultante- formatrice et facilitatrice, Rapha\u00eble de La Laurencie intervient notamment sur des sujets de d\u00e9veloppement professionnel : d\u00e9veloppement du leadership, clarification d\u2019orientation ou arbitrage professionnel, communication interpersonnelle et relations complexes, prise de parole en public et r\u00e9unions \u00e0 enjeu, stress, surcharge, perte de sens ou de confiance, &hellip; <\/p>\n<p class=\"link-more\"><a href=\"https:\/\/auratoria.com\/fr\/qui-sommes-nous\/raphaele-de-la-laurencie-presidente-et-fondatrice-auratoria\/\" class=\"more-link\">Continuer la lecture<span class=\"screen-reader-text\"> de &laquo;&nbsp;Rapha\u00eble de La Laurencie, Pr\u00e9sidente et Fondatrice AURATORIA&nbsp;&raquo;<\/span><\/a><\/p>\n","protected":false},"author":1,"featured_media":0,"parent":143,"menu_order":0,"comment_status":"closed","ping_status":"closed","template":"","meta":{"footnotes":""},"_links":{"self":[{"href":"https:\/\/auratoria.com\/fr\/wp-json\/wp\/v2\/pages\/2590"}],"collection":[{"href":"https:\/\/auratoria.com\/fr\/wp-json\/wp\/v2\/pages"}],"about":[{"href":"https:\/\/auratoria.com\/fr\/wp-json\/wp\/v2\/types\/page"}],"author":[{"embeddable":true,"href":"https:\/\/auratoria.com\/fr\/wp-json\/wp\/v2\/users\/1"}],"replies":[{"embeddable":true,"href":"https:\/\/auratoria.com\/fr\/wp-json\/wp\/v2\/comments?post=2590"}],"version-history":[{"count":44,"href":"https:\/\/auratoria.com\/fr\/wp-json\/wp\/v2\/pages\/2590\/revisions"}],"predecessor-version":[{"id":3853,"href":"https:\/\/auratoria.com\/fr\/wp-json\/wp\/v2\/pages\/2590\/revisions\/3853"}],"up":[{"embeddable":true,"href":"https:\/\/auratoria.com\/fr\/wp-json\/wp\/v2\/pages\/143"}],"wp:attachment":[{"href":"https:\/\/auratoria.com\/fr\/wp-json\/wp\/v2\/media?parent=2590"}],"curies":[{"name":"wp","href":"https:\/\/api.w.org\/{rel}","templated":true}]}}