{"id":26,"date":"2018-02-09T12:26:58","date_gmt":"2018-02-09T11:26:58","guid":{"rendered":"http:\/\/auratoria.com\/?page_id=26"},"modified":"2024-02-02T18:21:09","modified_gmt":"2024-02-02T17:21:09","slug":"methode_ancrage_partage","status":"publish","type":"page","link":"https:\/\/auratoria.com\/fr\/prise-de-parole-en-public\/methode_ancrage_partage\/","title":{"rendered":"Notre m\u00e9thode"},"content":{"rendered":"<div class=\"bt_bb_wrapper\"><h1><img decoding=\"async\" loading=\"lazy\" class=\"alignnone size-medium wp-image-786\" src=\"http:\/\/auratoria.com\/wp-content\/uploads\/2018\/11\/ligne_rouge_haut-1-300x11.jpg\" alt=\"\" width=\"300\" height=\"11\" srcset=\"https:\/\/auratoria.com\/wp-content\/uploads\/2018\/11\/ligne_rouge_haut-1-300x11.jpg 300w, https:\/\/auratoria.com\/wp-content\/uploads\/2018\/11\/ligne_rouge_haut-1.jpg 400w\" sizes=\"(max-width: 300px) 100vw, 300px\" \/><br \/>\nLa m\u00e9thode AURATORIA\u00ae : Ancrage&#038;Partage\u00ae<br \/>\n<img decoding=\"async\" loading=\"lazy\" class=\"size-medium wp-image-787 alignright\" src=\"http:\/\/auratoria.com\/wp-content\/uploads\/2018\/11\/ligne_rouge_bas-1-300x11.jpg\" alt=\"\" width=\"300\" height=\"11\" srcset=\"https:\/\/auratoria.com\/wp-content\/uploads\/2018\/11\/ligne_rouge_bas-1-300x11.jpg 300w, https:\/\/auratoria.com\/wp-content\/uploads\/2018\/11\/ligne_rouge_bas-1.jpg 400w\" sizes=\"(max-width: 300px) 100vw, 300px\" \/><\/h1>\n<p>&nbsp;<\/p>\n<p><strong>La communication est au c\u0153ur de notre d\u00e9marche<\/strong> : nous communiquons par le contenu et la relation, et cette dualit\u00e9 fonde \u00e0 la fois le sympt\u00f4me de nos marges de progression et la r\u00e9v\u00e9lation de nos talents.<\/p>\n<p>En particulier, la <strong>prise de parole \u00e0 enjeu, en public<\/strong> large ou en comit\u00e9 restreint, fait appel \u00e0 de nombreuses techniques et ressources.<\/p>\n<p><img decoding=\"async\" loading=\"lazy\" class=\"aligncenter wp-image-650\" src=\"http:\/\/auratoria.com\/wp-content\/uploads\/2018\/09\/ANCRAGEETAPARTAGE-300x300.jpg\" alt=\"logo Ancrage&#038;Partage\" width=\"260\" height=\"260\" srcset=\"https:\/\/auratoria.com\/wp-content\/uploads\/2018\/09\/ANCRAGEETAPARTAGE-300x300.jpg 300w, https:\/\/auratoria.com\/wp-content\/uploads\/2018\/09\/ANCRAGEETAPARTAGE-150x150.jpg 150w, https:\/\/auratoria.com\/wp-content\/uploads\/2018\/09\/ANCRAGEETAPARTAGE.jpg 768w, https:\/\/auratoria.com\/wp-content\/uploads\/2018\/09\/ANCRAGEETAPARTAGE-100x100.jpg 100w\" sizes=\"(max-width: 260px) 100vw, 260px\" \/><\/p>\n<p><span style=\"color: #993300;\"><strong>Ancrage&#038;Partag<span style=\"font-size: 1rem;\">e<\/span>\u00ae<\/strong><\/span>\u00a0est la\u00a0<strong>m\u00e9thode exclusive<\/strong> AURATORIA\u00ae d\u00e9di\u00e9e \u00e0 la <strong>prise de parole.<\/strong><\/p>\n<p><strong>Depuis la structuration jusqu&rsquo;\u00e0 la performance<\/strong>, elle combine les techniques issues de nos champs d&rsquo;expertise pour un <strong>r\u00e9sultat\u00a0optimal<\/strong>, dans le <strong>respect de votre personnalit\u00e9<\/strong>.<\/p>\n<p><!--more--><\/p>\n<p>Notre approche <strong>allie les techniques<\/strong> :<\/p>\n<ul>\n<li>de la communication et de la sc\u00e8ne (chant et th\u00e9\u00e2tre) d\u2019une part,<\/li>\n<li>de l&rsquo;ing\u00e9nierie p\u00e9dagogique, du coaching et du management d\u2019autre part.<\/li>\n<\/ul>\n<p>Notre m\u00e9thode est <strong>puissante<\/strong>. Elle <strong>d\u00e9complexe<\/strong> la <strong>prise de parole en public<\/strong> et la met au service des individus, des \u00e9quipes, du management et des organisations pour transformer tout porteur de vision en authentique <strong>porteur de parole<\/strong>, convaincant et <strong>performant<\/strong>.<\/p>\n<p>Cette m\u00e9thode s&rsquo;appuie sur un <strong>principe simple<\/strong> : <strong><span style=\"color: #993300;\">la communication la plus efficace implique l&rsquo;humain dans son entier<\/span><\/strong>, que ce soit le locuteur comme son ou ses interlocuteurs, son public.<\/p>\n<p>Cela signifie que pour convaincre, il faut savoir se donner : c&rsquo;est le <strong><span style=\"color: #993300;\">PARTAGE.<\/span><\/strong> Et pour pouvoir se donner, il faut \u00eatre en accord avec soi-m\u00eame : c&rsquo;est l&rsquo;<strong><span style=\"color: #993300;\">ANCRAGE.<\/span><\/strong> Sans ces deux axes majeurs, la communication orale est fauss\u00e9e : la <strong>relation,<\/strong> base de toute communication, n&rsquo;existe plus.<\/p>\n<p>L&rsquo;<strong><span style=\"color: #993300;\">ANCRAGE\u00a0<\/span><\/strong>rel\u00e8ve de la sph\u00e8re priv\u00e9e, de la <strong>confiance en soi<\/strong> et de l&rsquo;<strong>assertivit\u00e9<\/strong>, ce sur quoi vous allez vous <strong>appuyer<\/strong> :<\/p>\n<ul>\n<li>L&rsquo;<span style=\"color: #993300;\">ANalyse<\/span> : s&rsquo;ancrer dans son cerveau : comprendre son public, organiser sa pens\u00e9e, structurer ses arguments<\/li>\n<li>La <span style=\"color: #993300;\">Colonne<\/span> : s&rsquo;ancrer dans la respiration et la posture<\/li>\n<li>Les <span style=\"color: #993300;\">Racines<\/span> : s&rsquo;ancrer dans le sol et l&rsquo;espace<\/li>\n<li>L&rsquo;<span style=\"color: #993300;\">Authenticit\u00e9<\/span> : s&rsquo;ancrer dans sa personnalit\u00e9, ses \u00e9motions, g\u00e9rer et utiliser son stress<\/li>\n<\/ul>\n<p><img decoding=\"async\" loading=\"lazy\" class=\"alignleft wp-image-1130\" src=\"https:\/\/auratoria.com\/wp-content\/uploads\/2020\/01\/Picto_ANalyse_AURATORIA.png\" alt=\"Picto_ANalyse_AURATORIA\" width=\"50\" height=\"50\" srcset=\"https:\/\/auratoria.com\/wp-content\/uploads\/2020\/01\/Picto_ANalyse_AURATORIA.png 161w, https:\/\/auratoria.com\/wp-content\/uploads\/2020\/01\/Picto_ANalyse_AURATORIA-150x150.png 150w, https:\/\/auratoria.com\/wp-content\/uploads\/2020\/01\/Picto_ANalyse_AURATORIA-100x100.png 100w\" sizes=\"(max-width: 50px) 100vw, 50px\" \/><img decoding=\"async\" loading=\"lazy\" class=\"alignleft wp-image-1144\" src=\"https:\/\/auratoria.com\/wp-content\/uploads\/2020\/01\/Picto_Colonne_AURATORIA.png\" alt=\"Picto_Colonne_AURATORIA\" width=\"50\" height=\"50\" srcset=\"https:\/\/auratoria.com\/wp-content\/uploads\/2020\/01\/Picto_Colonne_AURATORIA.png 161w, https:\/\/auratoria.com\/wp-content\/uploads\/2020\/01\/Picto_Colonne_AURATORIA-150x150.png 150w, https:\/\/auratoria.com\/wp-content\/uploads\/2020\/01\/Picto_Colonne_AURATORIA-100x100.png 100w\" sizes=\"(max-width: 50px) 100vw, 50px\" \/><\/p>\n<p><img decoding=\"async\" loading=\"lazy\" class=\"alignleft wp-image-1126\" src=\"https:\/\/auratoria.com\/wp-content\/uploads\/2020\/01\/Picto_Racines_AURATORIA.png\" alt=\"Picto_Racines_AURATORIA\" width=\"50\" height=\"50\" srcset=\"https:\/\/auratoria.com\/wp-content\/uploads\/2020\/01\/Picto_Racines_AURATORIA.png 161w, https:\/\/auratoria.com\/wp-content\/uploads\/2020\/01\/Picto_Racines_AURATORIA-150x150.png 150w, https:\/\/auratoria.com\/wp-content\/uploads\/2020\/01\/Picto_Racines_AURATORIA-100x100.png 100w\" sizes=\"(max-width: 50px) 100vw, 50px\" \/><img decoding=\"async\" loading=\"lazy\" class=\"alignleft wp-image-1136\" src=\"https:\/\/auratoria.com\/wp-content\/uploads\/2020\/01\/Picto_Authenticite_AURATORIA.png\" alt=\"Picto_Authenticite_AURATORIA\" width=\"50\" height=\"50\" srcset=\"https:\/\/auratoria.com\/wp-content\/uploads\/2020\/01\/Picto_Authenticite_AURATORIA.png 161w, https:\/\/auratoria.com\/wp-content\/uploads\/2020\/01\/Picto_Authenticite_AURATORIA-150x150.png 150w, https:\/\/auratoria.com\/wp-content\/uploads\/2020\/01\/Picto_Authenticite_AURATORIA-100x100.png 100w\" sizes=\"(max-width: 50px) 100vw, 50px\" \/><\/p>\n<p>&nbsp;<\/p>\n<p>&nbsp;<\/p>\n<p>Le<strong> <span style=\"color: #993300;\">PARTAGE\u00a0<\/span><\/strong>rel\u00e8ve de la sph\u00e8re publique, de la <strong>capacit\u00e9 de conviction, de management et de leadership<\/strong>, ce que vous allez <strong>d\u00e9ployer<\/strong> :<\/p>\n<ul>\n<li>La <span style=\"color: #993300;\">Parole<\/span> : d\u00e9ployer sa voix et ses mots<\/li>\n<li>L&rsquo;<span style=\"color: #993300;\">Accent<\/span> : d\u00e9ployer sa gestuelle, ses actions<\/li>\n<li>Le <span style=\"color: #993300;\">Regard<\/span> : d\u00e9ployer son attention visuelle<\/li>\n<li>Le <span style=\"color: #993300;\">Talent<\/span> : d\u00e9ployer son empathie, sa g\u00e9n\u00e9rosit\u00e9, son plaisir<\/li>\n<li>L&rsquo;<span style=\"color: #993300;\">Ecoute<\/span> : d\u00e9ployer l&rsquo;interactivit\u00e9<\/li>\n<\/ul>\n<p><img decoding=\"async\" loading=\"lazy\" class=\"alignleft wp-image-1128\" src=\"https:\/\/auratoria.com\/wp-content\/uploads\/2020\/01\/Picto_Parole_AURATORIA.png\" alt=\"Picto_Parole_AURATORIA\" width=\"50\" height=\"50\" srcset=\"https:\/\/auratoria.com\/wp-content\/uploads\/2020\/01\/Picto_Parole_AURATORIA.png 161w, https:\/\/auratoria.com\/wp-content\/uploads\/2020\/01\/Picto_Parole_AURATORIA-150x150.png 150w, https:\/\/auratoria.com\/wp-content\/uploads\/2020\/01\/Picto_Parole_AURATORIA-100x100.png 100w\" sizes=\"(max-width: 50px) 100vw, 50px\" \/><\/p>\n<p><img decoding=\"async\" loading=\"lazy\" class=\"alignleft wp-image-1134\" src=\"https:\/\/auratoria.com\/wp-content\/uploads\/2020\/01\/Picto_Accent_AURATORIA.png\" alt=\"Picto_Accent_AURATORIA\" width=\"50\" height=\"50\" srcset=\"https:\/\/auratoria.com\/wp-content\/uploads\/2020\/01\/Picto_Accent_AURATORIA.png 161w, https:\/\/auratoria.com\/wp-content\/uploads\/2020\/01\/Picto_Accent_AURATORIA-150x150.png 150w, https:\/\/auratoria.com\/wp-content\/uploads\/2020\/01\/Picto_Accent_AURATORIA-100x100.png 100w\" sizes=\"(max-width: 50px) 100vw, 50px\" \/><img decoding=\"async\" loading=\"lazy\" class=\"alignleft wp-image-1138\" src=\"https:\/\/auratoria.com\/wp-content\/uploads\/2020\/01\/Picto_Regard_AURATORIA.png\" alt=\"Picto_Regard_AURATORIA\" width=\"50\" height=\"50\" srcset=\"https:\/\/auratoria.com\/wp-content\/uploads\/2020\/01\/Picto_Regard_AURATORIA.png 161w, https:\/\/auratoria.com\/wp-content\/uploads\/2020\/01\/Picto_Regard_AURATORIA-150x150.png 150w, https:\/\/auratoria.com\/wp-content\/uploads\/2020\/01\/Picto_Regard_AURATORIA-100x100.png 100w\" sizes=\"(max-width: 50px) 100vw, 50px\" \/><img decoding=\"async\" loading=\"lazy\" class=\"alignleft wp-image-1132\" src=\"https:\/\/auratoria.com\/wp-content\/uploads\/2020\/01\/Picto_Talent_AURATORIA.png\" alt=\"Picto_Talent_AURATORIA\" width=\"50\" height=\"50\" srcset=\"https:\/\/auratoria.com\/wp-content\/uploads\/2020\/01\/Picto_Talent_AURATORIA.png 161w, https:\/\/auratoria.com\/wp-content\/uploads\/2020\/01\/Picto_Talent_AURATORIA-150x150.png 150w, https:\/\/auratoria.com\/wp-content\/uploads\/2020\/01\/Picto_Talent_AURATORIA-100x100.png 100w\" sizes=\"(max-width: 50px) 100vw, 50px\" \/><img decoding=\"async\" loading=\"lazy\" class=\"alignleft wp-image-1140\" src=\"https:\/\/auratoria.com\/wp-content\/uploads\/2020\/01\/Picto_Ecoute_AURATORIA.png\" alt=\"Picto_Ecoute_AURATORIA\" width=\"50\" height=\"50\" srcset=\"https:\/\/auratoria.com\/wp-content\/uploads\/2020\/01\/Picto_Ecoute_AURATORIA.png 161w, https:\/\/auratoria.com\/wp-content\/uploads\/2020\/01\/Picto_Ecoute_AURATORIA-150x150.png 150w, https:\/\/auratoria.com\/wp-content\/uploads\/2020\/01\/Picto_Ecoute_AURATORIA-100x100.png 100w\" sizes=\"(max-width: 50px) 100vw, 50px\" \/><\/p>\n<p>&nbsp;<\/p>\n<p>&nbsp;<\/p>\n<p>Au-del\u00e0 des\u00a0triangles<strong>\u00a0verbal &#8211; non-verbal &#8211; paraverbal<\/strong>\u00a0et\u00a0<strong>corps-t\u00eate-coeur<\/strong>, cette m\u00e9thode se d\u00e9cline avec des techniques sp\u00e9cifiques \u00e0 chaque type de prise de parole : table ronde, d\u00e9bat, r\u00e9union, discours, entretien, conf\u00e9rence, soutenance, pr\u00e9sentation, pitch, podcast audio, podcast vid\u00e9o, animation d&rsquo;\u00e9quipe, interview journaliste\/media, animation d&rsquo;\u00e9v\u00e9nement&#8230;<\/p>\n<hr \/>\n<h2><strong>Nous nous appliquons notre propre m\u00e9thode :<\/strong><\/h2>\n<p><img decoding=\"async\" loading=\"lazy\" class=\"alignleft size-thumbnail wp-image-1130\" src=\"https:\/\/auratoria.com\/wp-content\/uploads\/2020\/01\/Picto_ANalyse_AURATORIA-150x150.png\" alt=\"Picto_ANalyse_AURATORIA\" width=\"150\" height=\"150\" srcset=\"https:\/\/auratoria.com\/wp-content\/uploads\/2020\/01\/Picto_ANalyse_AURATORIA-150x150.png 150w, https:\/\/auratoria.com\/wp-content\/uploads\/2020\/01\/Picto_ANalyse_AURATORIA-100x100.png 100w, https:\/\/auratoria.com\/wp-content\/uploads\/2020\/01\/Picto_ANalyse_AURATORIA.png 161w\" sizes=\"(max-width: 150px) 100vw, 150px\" \/>Nous analysons avec vous votre environnement, vos participants, vos objectifs et vos besoins, avec m\u00e9thode et en intelligence collective, afin de cr\u00e9er l\u2019\u00e9quipe d\u2019experts y r\u00e9pondant et adapter nos interventions. Nos questionnements ont pour but l\u2019\u00e9mergence de r\u00e9flexions, de cr\u00e9ativit\u00e9 et de prises de conscience.<\/p>\n<p>&nbsp;<\/p>\n<p><img decoding=\"async\" loading=\"lazy\" class=\"alignleft size-thumbnail wp-image-1144\" src=\"https:\/\/auratoria.com\/wp-content\/uploads\/2020\/01\/Picto_Colonne_AURATORIA-150x150.png\" alt=\"Picto_Colonne_AURATORIA\" width=\"150\" height=\"150\" srcset=\"https:\/\/auratoria.com\/wp-content\/uploads\/2020\/01\/Picto_Colonne_AURATORIA-150x150.png 150w, https:\/\/auratoria.com\/wp-content\/uploads\/2020\/01\/Picto_Colonne_AURATORIA-100x100.png 100w, https:\/\/auratoria.com\/wp-content\/uploads\/2020\/01\/Picto_Colonne_AURATORIA.png 161w\" sizes=\"(max-width: 150px) 100vw, 150px\" \/>Nous aimons travailler en \u00e9quipe, en collaboration \u00e9troite et en partage avec nos formateurs-consultants, coaches et facilitateurs-animateurs sp\u00e9cialis\u00e9s et exp\u00e9riment\u00e9s, ayant exerc\u00e9 des postes \u00e0 <strong>responsabilit\u00e9<\/strong>. Ils et elles sont choisis, outre leur expertise, pour leurs qualit\u00e9s d\u2019\u00e9coute, de p\u00e9dagogie et de dynamisme.<\/p>\n<p>&nbsp;<\/p>\n<p><img decoding=\"async\" loading=\"lazy\" class=\"alignleft size-thumbnail wp-image-1126\" src=\"https:\/\/auratoria.com\/wp-content\/uploads\/2020\/01\/Picto_Racines_AURATORIA-150x150.png\" alt=\"Picto_Racines_AURATORIA\" width=\"150\" height=\"150\" srcset=\"https:\/\/auratoria.com\/wp-content\/uploads\/2020\/01\/Picto_Racines_AURATORIA-150x150.png 150w, https:\/\/auratoria.com\/wp-content\/uploads\/2020\/01\/Picto_Racines_AURATORIA-100x100.png 100w, https:\/\/auratoria.com\/wp-content\/uploads\/2020\/01\/Picto_Racines_AURATORIA.png 161w\" sizes=\"(max-width: 150px) 100vw, 150px\" \/>Nous croyons que <strong>la communication la plus efficace implique l&rsquo;humain dans son entier<\/strong><strong>, <\/strong>tout comme <strong>l&rsquo;acquisition de comp\u00e9tences<\/strong>, et que le <strong>respect de l\u2019\u00e9cologie humaine et environnementale<\/strong> est fondamental. Nous voulons travailler avec des clients et organisations qui partagent et promeuvent cet esprit.<\/p>\n<p>&nbsp;<\/p>\n<p><img decoding=\"async\" loading=\"lazy\" class=\"alignleft size-thumbnail wp-image-1136\" src=\"https:\/\/auratoria.com\/wp-content\/uploads\/2020\/01\/Picto_Authenticite_AURATORIA-150x150.png\" alt=\"Picto_Authenticite_AURATORIA\" width=\"150\" height=\"150\" srcset=\"https:\/\/auratoria.com\/wp-content\/uploads\/2020\/01\/Picto_Authenticite_AURATORIA-150x150.png 150w, https:\/\/auratoria.com\/wp-content\/uploads\/2020\/01\/Picto_Authenticite_AURATORIA-100x100.png 100w, https:\/\/auratoria.com\/wp-content\/uploads\/2020\/01\/Picto_Authenticite_AURATORIA.png 161w\" sizes=\"(max-width: 150px) 100vw, 150px\" \/>Passionn\u00e9s par le d\u00e9veloppement professionnel, nous travaillons dans la sinc\u00e9rit\u00e9, l\u2019enthousiasme et le <strong>respect<\/strong> de nos convictions et des personnalit\u00e9s de chacun et chacune.<\/p>\n<p>&nbsp;<\/p>\n<p>&nbsp;<\/p>\n<p><img decoding=\"async\" loading=\"lazy\" class=\"alignleft size-thumbnail wp-image-1128\" src=\"https:\/\/auratoria.com\/wp-content\/uploads\/2020\/01\/Picto_Parole_AURATORIA-150x150.png\" alt=\"Picto_Parole_AURATORIA\" width=\"150\" height=\"150\" srcset=\"https:\/\/auratoria.com\/wp-content\/uploads\/2020\/01\/Picto_Parole_AURATORIA-150x150.png 150w, https:\/\/auratoria.com\/wp-content\/uploads\/2020\/01\/Picto_Parole_AURATORIA-100x100.png 100w, https:\/\/auratoria.com\/wp-content\/uploads\/2020\/01\/Picto_Parole_AURATORIA.png 161w\" sizes=\"(max-width: 150px) 100vw, 150px\" \/>Notre <strong>parole<\/strong> est engag\u00e9e au service de vos objectifs, et de la propagation au sein de votre organisation de paroles et d\u2019actions de qualit\u00e9, cr\u00e9atrices de lien, de relations, de motivation \u2013 f\u00e9d\u00e9ratrices, innovantes, \u00e9nergisantes, personnelles et universelles\u00a0!<\/p>\n<p>&nbsp;<\/p>\n<p><img decoding=\"async\" loading=\"lazy\" class=\"alignleft size-thumbnail wp-image-1134\" src=\"https:\/\/auratoria.com\/wp-content\/uploads\/2020\/01\/Picto_Accent_AURATORIA-150x150.png\" alt=\"Picto_Accent_AURATORIA\" width=\"150\" height=\"150\" srcset=\"https:\/\/auratoria.com\/wp-content\/uploads\/2020\/01\/Picto_Accent_AURATORIA-150x150.png 150w, https:\/\/auratoria.com\/wp-content\/uploads\/2020\/01\/Picto_Accent_AURATORIA-100x100.png 100w, https:\/\/auratoria.com\/wp-content\/uploads\/2020\/01\/Picto_Accent_AURATORIA.png 161w\" sizes=\"(max-width: 150px) 100vw, 150px\" \/>Notre <strong>action<\/strong> est pragmatique, favorisant la mise en pratique, la ludo-p\u00e9dagogie et la mise en mouvement vers vos objectifs et votre acquisition de comp\u00e9tences, et nous \u0153uvrons \u00e0 la propagation des bonnes pratiques.<\/p>\n<p>&nbsp;<\/p>\n<p><img decoding=\"async\" loading=\"lazy\" class=\"alignleft size-thumbnail wp-image-1138\" src=\"https:\/\/auratoria.com\/wp-content\/uploads\/2020\/01\/Picto_Regard_AURATORIA-150x150.png\" alt=\"Picto_Regard_AURATORIA\" width=\"150\" height=\"150\" srcset=\"https:\/\/auratoria.com\/wp-content\/uploads\/2020\/01\/Picto_Regard_AURATORIA-150x150.png 150w, https:\/\/auratoria.com\/wp-content\/uploads\/2020\/01\/Picto_Regard_AURATORIA-100x100.png 100w, https:\/\/auratoria.com\/wp-content\/uploads\/2020\/01\/Picto_Regard_AURATORIA.png 161w\" sizes=\"(max-width: 150px) 100vw, 150px\" \/>Nous portons un <strong>regard<\/strong> nourri d\u2019une part bienveillance et exigence pour vous accompagner efficacement, et d\u2019autre part de veille et de formation pour \u00e9tendre nos connaissances et notre agilit\u00e9 \u00e0 votre service.<\/p>\n<p>&nbsp;<\/p>\n<p><img decoding=\"async\" loading=\"lazy\" class=\"alignleft size-thumbnail wp-image-1132\" src=\"https:\/\/auratoria.com\/wp-content\/uploads\/2020\/01\/Picto_Talent_AURATORIA-150x150.png\" alt=\"Picto_Talent_AURATORIA\" width=\"150\" height=\"150\" srcset=\"https:\/\/auratoria.com\/wp-content\/uploads\/2020\/01\/Picto_Talent_AURATORIA-150x150.png 150w, https:\/\/auratoria.com\/wp-content\/uploads\/2020\/01\/Picto_Talent_AURATORIA-100x100.png 100w, https:\/\/auratoria.com\/wp-content\/uploads\/2020\/01\/Picto_Talent_AURATORIA.png 161w\" sizes=\"(max-width: 150px) 100vw, 150px\" \/>Nous nous d\u00e9dions <strong>pro bono<\/strong> \u00e0 des initiatives soutenant le bien commun, la communication \u00e9thique, l&rsquo;\u00e9lan cr\u00e9atif et entrepreneurial, les intelligences diff\u00e9rentes et le leadership f\u00e9minin.<\/p>\n<p>&nbsp;<\/p>\n<p><img decoding=\"async\" loading=\"lazy\" class=\"alignleft size-thumbnail wp-image-1140\" src=\"https:\/\/auratoria.com\/wp-content\/uploads\/2020\/01\/Picto_Ecoute_AURATORIA-150x150.png\" alt=\"Picto_Ecoute_AURATORIA\" width=\"150\" height=\"150\" srcset=\"https:\/\/auratoria.com\/wp-content\/uploads\/2020\/01\/Picto_Ecoute_AURATORIA-150x150.png 150w, https:\/\/auratoria.com\/wp-content\/uploads\/2020\/01\/Picto_Ecoute_AURATORIA-100x100.png 100w, https:\/\/auratoria.com\/wp-content\/uploads\/2020\/01\/Picto_Ecoute_AURATORIA.png 161w\" sizes=\"(max-width: 150px) 100vw, 150px\" \/>Nous sommes \u00e0 votre <strong>\u00e9coute<\/strong> pour cr\u00e9er des adaptations ou des formats sur-mesure, et nous adapter \u00e0 vos sp\u00e9cificit\u00e9s. Nous accueillons et recherchons vos feedbacks, dans une perspective d\u2019am\u00e9lioration continue.<\/p>\n<p>&nbsp;<\/p>\n<p style=\"text-align: center;\"><a href=\"https:\/\/auratoria.com\/philosophie-auratoria\/demarche-qualite-et-deontologie\/\">Notre engagement et d\u00e9marche qualit\u00e9<\/a><\/p>\n<p style=\"text-align: center;\"><a href=\"https:\/\/auratoria.com\/nos-references\/\">Nos r\u00e9f\u00e9rences<\/a><\/p>\n<hr \/>\n<p style=\"text-align: left;\"><img decoding=\"async\" loading=\"lazy\" class=\"alignleft wp-image-2247 size-thumbnail\" src=\"https:\/\/auratoria.com\/wp-content\/uploads\/2021\/06\/logo_auratoria_base_favicon_HD-150x150.jpg\" alt=\"\" width=\"150\" height=\"150\" srcset=\"https:\/\/auratoria.com\/wp-content\/uploads\/2021\/06\/logo_auratoria_base_favicon_HD-150x150.jpg 150w, https:\/\/auratoria.com\/wp-content\/uploads\/2021\/06\/logo_auratoria_base_favicon_HD-300x300.jpg 300w, https:\/\/auratoria.com\/wp-content\/uploads\/2021\/06\/logo_auratoria_base_favicon_HD-100x100.jpg 100w, https:\/\/auratoria.com\/wp-content\/uploads\/2021\/06\/logo_auratoria_base_favicon_HD.jpg 595w\" sizes=\"(max-width: 150px) 100vw, 150px\" \/><a href=\"http:\/\/auratoria.com\/nos-services\/\">En savoir plus sur nos services de coaching<\/a><br \/>\n<a href=\"https:\/\/auratoria.com\/nos-services\/formation-oral-et-ecrit\/\">En savoir plus sur nos services de formation<\/a><br \/>\n<a href=\"https:\/\/auratoria.com\/nos-services\/ateliers-webinaires-auratoria\/\">En savoir plus sur nos ateliers<\/a><br \/>\n<a href=\"https:\/\/auratoria.com\/nos-services\/prestations-animation-evenements-et-conseil\/\">En savoir plus sur nos services s\u00e9minaires et \u00e9v\u00e9nements<\/a><\/p>\n<p>&nbsp;<\/p>\n<p style=\"text-align: left;\"><img decoding=\"async\" loading=\"lazy\" class=\"alignleft wp-image-2087 size-thumbnail\" src=\"https:\/\/auratoria.com\/wp-content\/uploads\/2021\/04\/pexels-negative-space-33999-150x150.jpg\" alt=\"\" width=\"150\" height=\"150\" srcset=\"https:\/\/auratoria.com\/wp-content\/uploads\/2021\/04\/pexels-negative-space-33999-150x150.jpg 150w, https:\/\/auratoria.com\/wp-content\/uploads\/2021\/04\/pexels-negative-space-33999-100x100.jpg 100w\" sizes=\"(max-width: 150px) 100vw, 150px\" \/><\/p>\n<p style=\"text-align: left;\"><a href=\"http:\/\/auratoria.com\/contact\/\">Nous contacter<\/a><\/p>\n<\/div>","protected":false},"excerpt":{"rendered":"<p>La m\u00e9thode AURATORIA\u00ae : Ancrage&#038;Partage\u00ae &nbsp; La communication est au c\u0153ur de notre d\u00e9marche : nous communiquons par le contenu et la relation, et cette dualit\u00e9 fonde \u00e0 la fois le sympt\u00f4me de nos marges de progression et la r\u00e9v\u00e9lation de nos talents. En particulier, la prise de parole \u00e0 enjeu, en public large ou &hellip; <\/p>\n<p class=\"link-more\"><a href=\"https:\/\/auratoria.com\/fr\/prise-de-parole-en-public\/methode_ancrage_partage\/\" class=\"more-link\">Continuer la lecture<span class=\"screen-reader-text\"> de &laquo;&nbsp;Notre m\u00e9thode&nbsp;&raquo;<\/span><\/a><\/p>\n","protected":false},"author":1,"featured_media":0,"parent":25,"menu_order":2,"comment_status":"closed","ping_status":"closed","template":"","meta":{"footnotes":""},"_links":{"self":[{"href":"https:\/\/auratoria.com\/fr\/wp-json\/wp\/v2\/pages\/26"}],"collection":[{"href":"https:\/\/auratoria.com\/fr\/wp-json\/wp\/v2\/pages"}],"about":[{"href":"https:\/\/auratoria.com\/fr\/wp-json\/wp\/v2\/types\/page"}],"author":[{"embeddable":true,"href":"https:\/\/auratoria.com\/fr\/wp-json\/wp\/v2\/users\/1"}],"replies":[{"embeddable":true,"href":"https:\/\/auratoria.com\/fr\/wp-json\/wp\/v2\/comments?post=26"}],"version-history":[{"count":65,"href":"https:\/\/auratoria.com\/fr\/wp-json\/wp\/v2\/pages\/26\/revisions"}],"predecessor-version":[{"id":2965,"href":"https:\/\/auratoria.com\/fr\/wp-json\/wp\/v2\/pages\/26\/revisions\/2965"}],"up":[{"embeddable":true,"href":"https:\/\/auratoria.com\/fr\/wp-json\/wp\/v2\/pages\/25"}],"wp:attachment":[{"href":"https:\/\/auratoria.com\/fr\/wp-json\/wp\/v2\/media?parent=26"}],"curies":[{"name":"wp","href":"https:\/\/api.w.org\/{rel}","templated":true}]}}