{"id":27,"date":"2018-02-09T12:26:58","date_gmt":"2018-02-09T11:26:58","guid":{"rendered":"http:\/\/auratoria.com\/?page_id=27"},"modified":"2024-02-08T11:43:42","modified_gmt":"2024-02-08T10:43:42","slug":"contact","status":"publish","type":"page","link":"https:\/\/auratoria.com\/fr\/contact\/","title":{"rendered":"Contact (FR)"},"content":{"rendered":"<div class=\"bt_bb_wrapper\"><h1><img decoding=\"async\" loading=\"lazy\" class=\"alignnone size-medium wp-image-786\" src=\"http:\/\/auratoria.com\/wp-content\/uploads\/2018\/11\/ligne_rouge_haut-1-300x11.jpg\" alt=\"\" width=\"300\" height=\"11\" srcset=\"https:\/\/auratoria.com\/wp-content\/uploads\/2018\/11\/ligne_rouge_haut-1-300x11.jpg 300w, https:\/\/auratoria.com\/wp-content\/uploads\/2018\/11\/ligne_rouge_haut-1.jpg 400w\" sizes=\"(max-width: 300px) 100vw, 300px\" \/><br \/>\nNous contacter<br \/>\n<img decoding=\"async\" loading=\"lazy\" class=\"size-medium wp-image-787 alignright\" src=\"http:\/\/auratoria.com\/wp-content\/uploads\/2018\/11\/ligne_rouge_bas-1-300x11.jpg\" alt=\"\" width=\"300\" height=\"11\" srcset=\"https:\/\/auratoria.com\/wp-content\/uploads\/2018\/11\/ligne_rouge_bas-1-300x11.jpg 300w, https:\/\/auratoria.com\/wp-content\/uploads\/2018\/11\/ligne_rouge_bas-1.jpg 400w\" sizes=\"(max-width: 300px) 100vw, 300px\" \/><\/h1>\n<p>&nbsp;<\/p>\n<p style=\"text-align: center;\"><a href=\"https:\/\/auratoria.com\/contact-eng\/\" target=\"_blank\" rel=\"noopener\">See the English version<\/a><\/p>\n<p><span style=\"-webkit-tap-highlight-color: rgba(0, 0, 0, 0);\"><img decoding=\"async\" loading=\"lazy\" class=\"alignleft wp-image-1054 size-thumbnail\" src=\"https:\/\/auratoria.com\/wp-content\/uploads\/2018\/06\/red-iphone-7-on-white-book-page-714700-150x150.jpg\" alt=\"\" width=\"150\" height=\"150\" \/>Vous avez pris connaissance de nos services ?<br \/>\n<a href=\"https:\/\/auratoria.com\/formations-intraentreprise-sur-mesure\/\" target=\"_blank\" rel=\"noopener\">Formations<\/a> &#8211; <a href=\"https:\/\/auratoria.com\/coaching-professionnel-individuel-et-collectif\/\" target=\"_blank\" rel=\"noopener\">Coaching professionnel<\/a>\u00a0&#8211; <a href=\"https:\/\/auratoria.com\/prestations-animation-evenements-et-conseil\/\" target=\"_blank\" rel=\"noopener\">S\u00e9minaires et ateliers sur-mesure<\/a><\/span><\/p>\n<p><span style=\"-webkit-tap-highlight-color: rgba(0, 0, 0, 0);\"><strong>Rencontrons-nous et \u00e9changeons<\/strong> sur vos objectifs et besoins en mati\u00e8re de d\u00e9veloppement professionnel, prise de parole, leadership, management et communication interpersonnelle, coh\u00e9sion et collaboration pour vos \u00e9quipes, votre organisation&#8230; ou vous-m\u00eame !<\/span><\/p>\n<p><strong>Vous pr\u00e9f\u00e9rez l&rsquo;\u00e9crit ?<\/strong> Remplissez le formulaire contact ci-dessous.<\/p>\n<p><!--more--><\/p>\n<p><strong>Vous pr\u00e9f\u00e9rez l&rsquo;oral ?<\/strong> Appelez-nous au +33 (0)1 40 65 02 94.<br \/>\nSi nous ne pouvons d\u00e9crocher imm\u00e9diatement, laissez-nous un message et vos coordonn\u00e9es t\u00e9l\u00e9phoniques et e-mail.<\/p>\n<p>Nous vous r\u00e9pondons en moyenne sous 24 h.<\/p>\n<p><strong><img decoding=\"async\" loading=\"lazy\" class=\"alignleft size-thumbnail wp-image-643\" src=\"https:\/\/auratoria.com\/wp-content\/uploads\/2018\/09\/logo_auratoria_base_favicon_HD-150x150.jpg\" alt=\"\" width=\"150\" height=\"150\" srcset=\"https:\/\/auratoria.com\/wp-content\/uploads\/2018\/09\/logo_auratoria_base_favicon_HD-150x150.jpg 150w, https:\/\/auratoria.com\/wp-content\/uploads\/2018\/09\/logo_auratoria_base_favicon_HD-300x300.jpg 300w, https:\/\/auratoria.com\/wp-content\/uploads\/2018\/09\/logo_auratoria_base_favicon_HD-100x100.jpg 100w, https:\/\/auratoria.com\/wp-content\/uploads\/2018\/09\/logo_auratoria_base_favicon_HD.jpg 595w\" sizes=\"(max-width: 150px) 100vw, 150px\" \/>Nous localiser :<br \/>\n<\/strong>Nous sommes situ\u00e9s actuellement dans le cloud en distanciel et visioconf\u00e9rence,<br \/>\n\u00e0 notre si\u00e8ge au 85 rue Duhesme 75018 Paris, France, Terre,<br \/>\nou dans les locaux de votre organisation, tous pays, toutes plan\u00e8tes &#8211; dans le respect des conditions sanitaires bien s\u00fbr.<\/p>\n<p><div class=\"wpforms-container wpforms-container-full\" id=\"wpforms-57\"><form id=\"wpforms-form-57\" class=\"wpforms-validate wpforms-form\" data-formid=\"57\" method=\"post\" enctype=\"multipart\/form-data\" action=\"\/fr\/wp-json\/wp\/v2\/pages\/27\" data-token=\"083eb5956b9bb806ceeaf4bbd6e817d6\"><div class=\"wpforms-head-container\"><div class=\"wpforms-title\">A vous la parole !<\/div><\/div><noscript class=\"wpforms-error-noscript\">Veuillez activer JavaScript dans votre navigateur pour remplir ce formulaire.<\/noscript><div class=\"wpforms-field-container\"><div id=\"wpforms-57-field_4-container\" class=\"wpforms-field wpforms-field-select wpforms-field-select-style-classic\" data-field-id=\"4\"><label class=\"wpforms-field-label\" for=\"wpforms-57-field_4\">Bonjour, qui \u00eates-vous ? <span class=\"wpforms-required-label\">*<\/span><\/label><select id=\"wpforms-57-field_4\" class=\"wpforms-field-medium wpforms-field-required\" name=\"wpforms[fields][4]\" required=\"required\"><option value=\"Dirigeant\/e \/ Associe\/e \/ Cadre dirigeant\" >Dirigeant\/e \/ Associe\/e \/ Cadre dirigeant<\/option><option value=\"Cadre \/ Manager \/ Responsable de projet\" >Cadre \/ Manager \/ Responsable de projet<\/option><option value=\"DRH \/ RRH \/ Responsable Formation\" >DRH \/ RRH \/ Responsable Formation<\/option><option value=\"Salari\u00e9\/e\" >Salari\u00e9\/e<\/option><option value=\"Ind\u00e9pendant\/e\" >Ind\u00e9pendant\/e<\/option><option value=\"Autre, pr\u00e9cisez SVP dans votre message ci-dessous\" >Autre, pr\u00e9cisez SVP dans votre message ci-dessous<\/option><\/select><\/div><div id=\"wpforms-57-field_7-container\" class=\"wpforms-field wpforms-field-select wpforms-field-select-style-classic\" data-field-id=\"7\"><label class=\"wpforms-field-label\" for=\"wpforms-57-field_7\">Civilit\u00e9 <span class=\"wpforms-required-label\">*<\/span><\/label><select id=\"wpforms-57-field_7\" class=\"wpforms-field-medium wpforms-field-required\" name=\"wpforms[fields][7]\" required=\"required\"><option value=\"Mme\" >Mme<\/option><option value=\"M.\" >M.<\/option><\/select><\/div><div id=\"wpforms-57-field_9-container\" class=\"wpforms-field wpforms-field-name\" data-field-id=\"9\"><label class=\"wpforms-field-label\" for=\"wpforms-57-field_9\">Pr\u00e9nom et Nom <span class=\"wpforms-required-label\">*<\/span><\/label><div class=\"wpforms-field-row wpforms-field-medium\"><div class=\"wpforms-field-row-block wpforms-first wpforms-one-half\"><input type=\"text\" id=\"wpforms-57-field_9\" class=\"wpforms-field-name-first wpforms-field-required\" name=\"wpforms[fields][9][first]\" placeholder=\"Pr\u00e9nom\" required><label for=\"wpforms-57-field_9\" class=\"wpforms-field-sublabel after wpforms-sublabel-hide\">Pr\u00e9nom<\/label><\/div><div class=\"wpforms-field-row-block wpforms-one-half\"><input type=\"text\" id=\"wpforms-57-field_9-last\" class=\"wpforms-field-name-last wpforms-field-required\" name=\"wpforms[fields][9][last]\" placeholder=\"Nom\" required><label for=\"wpforms-57-field_9-last\" class=\"wpforms-field-sublabel after wpforms-sublabel-hide\">Nom<\/label><\/div><\/div><\/div><div id=\"wpforms-57-field_15-container\" class=\"wpforms-field wpforms-field-text\" data-field-id=\"15\"><label class=\"wpforms-field-label\" for=\"wpforms-57-field_15\">Nom de votre entreprise : <span class=\"wpforms-required-label\">*<\/span><\/label><input type=\"text\" id=\"wpforms-57-field_15\" class=\"wpforms-field-medium wpforms-field-required\" name=\"wpforms[fields][15]\" required><\/div><div id=\"wpforms-57-field_10-container\" class=\"wpforms-field wpforms-field-email\" data-field-id=\"10\"><label class=\"wpforms-field-label\" for=\"wpforms-57-field_10\">Votre Email professionnel <span class=\"wpforms-required-label\">*<\/span><\/label><input type=\"email\" id=\"wpforms-57-field_10\" class=\"wpforms-field-medium wpforms-field-required\" name=\"wpforms[fields][10]\" required><div class=\"wpforms-field-description\">votremail@societe.com<\/div><\/div><div id=\"wpforms-57-field_13-container\" class=\"wpforms-field wpforms-field-checkbox wpforms-list-3-columns\" data-field-id=\"13\"><label class=\"wpforms-field-label\" for=\"wpforms-57-field_13\">Votre demande concerne : <span class=\"wpforms-required-label\">*<\/span><\/label><ul id=\"wpforms-57-field_13\" class=\"wpforms-field-required\"><li class=\"choice-1 depth-1\"><input type=\"checkbox\" id=\"wpforms-57-field_13_1\" name=\"wpforms[fields][13][]\" value=\"Coaching professionnel\" required ><label class=\"wpforms-field-label-inline\" for=\"wpforms-57-field_13_1\">Coaching professionnel<\/label><\/li><li class=\"choice-2 depth-1\"><input type=\"checkbox\" id=\"wpforms-57-field_13_2\" name=\"wpforms[fields][13][]\" value=\"Formation intraentreprise\" required ><label class=\"wpforms-field-label-inline\" for=\"wpforms-57-field_13_2\">Formation intraentreprise<\/label><\/li><li class=\"choice-5 depth-1\"><input type=\"checkbox\" id=\"wpforms-57-field_13_5\" name=\"wpforms[fields][13][]\" value=\"Consulting\" required ><label class=\"wpforms-field-label-inline\" for=\"wpforms-57-field_13_5\">Consulting<\/label><\/li><li class=\"choice-7 depth-1\"><input type=\"checkbox\" id=\"wpforms-57-field_13_7\" name=\"wpforms[fields][13][]\" value=\"Atelier\" required ><label class=\"wpforms-field-label-inline\" for=\"wpforms-57-field_13_7\">Atelier<\/label><\/li><li class=\"choice-9 depth-1\"><input type=\"checkbox\" id=\"wpforms-57-field_13_9\" name=\"wpforms[fields][13][]\" value=\"Animation d&#039;\u00e9v\u00e9nement\" required ><label class=\"wpforms-field-label-inline\" for=\"wpforms-57-field_13_9\">Animation d'\u00e9v\u00e9nement<\/label><\/li><li class=\"choice-10 depth-1\"><input type=\"checkbox\" id=\"wpforms-57-field_13_10\" name=\"wpforms[fields][13][]\" value=\"S\u00e9minaire, team-building\" required ><label class=\"wpforms-field-label-inline\" for=\"wpforms-57-field_13_10\">S\u00e9minaire, team-building<\/label><\/li><li class=\"choice-6 depth-1\"><input type=\"checkbox\" id=\"wpforms-57-field_13_6\" name=\"wpforms[fields][13][]\" value=\"Autre (merci de pr\u00e9ciser dans votre message ci-dessous)\" required ><label class=\"wpforms-field-label-inline\" for=\"wpforms-57-field_13_6\">Autre (merci de pr\u00e9ciser dans votre message ci-dessous)<\/label><\/li><\/ul><\/div><div id=\"wpforms-57-field_11-container\" class=\"wpforms-field wpforms-field-textarea\" data-field-id=\"11\"><label class=\"wpforms-field-label\" for=\"wpforms-57-field_11\">Votre message <span class=\"wpforms-required-label\">*<\/span><\/label><textarea id=\"wpforms-57-field_11\" class=\"wpforms-field-medium wpforms-field-required\" name=\"wpforms[fields][11]\" placeholder=\"\u00c0 vous la parole !\" required><\/textarea><\/div><div id=\"wpforms-57-field_16-container\" class=\"wpforms-field wpforms-field-checkbox\" data-field-id=\"16\"><label class=\"wpforms-field-label\" for=\"wpforms-57-field_16\">Souhaitez-vous \u00eatre tenu inform\u00e9\/e de nos actualit\u00e9s et offres via notre newsletter trimestrielle ? <span class=\"wpforms-required-label\">*<\/span><\/label><ul id=\"wpforms-57-field_16\" class=\"wpforms-field-required\" data-choice-limit=\"1\"><li class=\"choice-1 depth-1\"><input type=\"checkbox\" id=\"wpforms-57-field_16_1\" data-rule-check-limit=\"true\" name=\"wpforms[fields][16][]\" value=\"OUI\" required ><label class=\"wpforms-field-label-inline\" for=\"wpforms-57-field_16_1\">OUI<\/label><\/li><li class=\"choice-2 depth-1\"><input type=\"checkbox\" id=\"wpforms-57-field_16_2\" data-rule-check-limit=\"true\" name=\"wpforms[fields][16][]\" value=\"NON\" required ><label class=\"wpforms-field-label-inline\" for=\"wpforms-57-field_16_2\">NON<\/label><\/li><\/ul><\/div><\/div><div class=\"wpforms-field wpforms-field-hp\"><label for=\"wpforms-57-field-hp\" class=\"wpforms-field-label\">Name<\/label><input type=\"text\" name=\"wpforms[hp]\" id=\"wpforms-57-field-hp\" class=\"wpforms-field-medium\"><\/div><div class=\"wpforms-recaptcha-container wpforms-is-recaptcha\" ><div class=\"g-recaptcha\" data-sitekey=\"6LfoPJQUAAAAAKA5p77HQdKsg57uXsaDyf3Hhmky\"><\/div><input type=\"text\" name=\"g-recaptcha-hidden\" class=\"wpforms-recaptcha-hidden\" style=\"position:absolute!important;clip:rect(0,0,0,0)!important;height:1px!important;width:1px!important;border:0!important;overflow:hidden!important;padding:0!important;margin:0!important;\" required><\/div><div class=\"wpforms-submit-container\" ><input type=\"hidden\" name=\"wpforms[id]\" value=\"57\"><input type=\"hidden\" name=\"wpforms[author]\" value=\"1\"><button type=\"submit\" name=\"wpforms[submit]\" class=\"wpforms-submit \" id=\"wpforms-submit-57\" value=\"wpforms-submit\" aria-live=\"assertive\" data-alt-text=\"J&#039;envoie votre message...\" data-submit-text=\"Envoyer\">Envoyer<\/button><\/div><\/form><\/div>  <!-- .wpforms-container --><b><\/b><\/p>\n<form action=\"?\" method=\"POST\"><\/form>\n<\/div>","protected":false},"excerpt":{"rendered":"<p>Nous contacter &nbsp; See the English version Vous avez pris connaissance de nos services ? Formations &#8211; Coaching professionnel\u00a0&#8211; S\u00e9minaires et ateliers sur-mesure Rencontrons-nous et \u00e9changeons sur vos objectifs et besoins en mati\u00e8re de d\u00e9veloppement professionnel, prise de parole, leadership, management et communication interpersonnelle, coh\u00e9sion et collaboration pour vos \u00e9quipes, votre organisation&#8230; ou vous-m\u00eame ! &hellip; <\/p>\n<p class=\"link-more\"><a href=\"https:\/\/auratoria.com\/fr\/contact\/\" class=\"more-link\">Continuer la lecture<span class=\"screen-reader-text\"> de &laquo;&nbsp;Contact (FR)&nbsp;&raquo;<\/span><\/a><\/p>\n","protected":false},"author":1,"featured_media":0,"parent":0,"menu_order":1,"comment_status":"closed","ping_status":"closed","template":"","meta":{"footnotes":""},"_links":{"self":[{"href":"https:\/\/auratoria.com\/fr\/wp-json\/wp\/v2\/pages\/27"}],"collection":[{"href":"https:\/\/auratoria.com\/fr\/wp-json\/wp\/v2\/pages"}],"about":[{"href":"https:\/\/auratoria.com\/fr\/wp-json\/wp\/v2\/types\/page"}],"author":[{"embeddable":true,"href":"https:\/\/auratoria.com\/fr\/wp-json\/wp\/v2\/users\/1"}],"replies":[{"embeddable":true,"href":"https:\/\/auratoria.com\/fr\/wp-json\/wp\/v2\/comments?post=27"}],"version-history":[{"count":40,"href":"https:\/\/auratoria.com\/fr\/wp-json\/wp\/v2\/pages\/27\/revisions"}],"predecessor-version":[{"id":3296,"href":"https:\/\/auratoria.com\/fr\/wp-json\/wp\/v2\/pages\/27\/revisions\/3296"}],"wp:attachment":[{"href":"https:\/\/auratoria.com\/fr\/wp-json\/wp\/v2\/media?parent=27"}],"curies":[{"name":"wp","href":"https:\/\/api.w.org\/{rel}","templated":true}]}}