{"id":296,"date":"2018-04-13T10:30:56","date_gmt":"2018-04-13T08:30:56","guid":{"rendered":"http:\/\/auratoria.com\/?page_id=296"},"modified":"2025-12-17T21:20:50","modified_gmt":"2025-12-17T20:20:50","slug":"coaching-professionnel-individuel-et-collectif","status":"publish","type":"page","link":"https:\/\/auratoria.com\/fr\/coaching-professionnel-individuel-et-collectif\/","title":{"rendered":"Nos coachings individuels et collectifs"},"content":{"rendered":"<div class=\"bt_bb_wrapper\"><h1><img decoding=\"async\" loading=\"lazy\" class=\"alignnone size-medium wp-image-786\" src=\"http:\/\/auratoria.com\/wp-content\/uploads\/2018\/11\/ligne_rouge_haut-1-300x11.jpg\" alt=\"\" width=\"300\" height=\"11\" srcset=\"https:\/\/auratoria.com\/wp-content\/uploads\/2018\/11\/ligne_rouge_haut-1-300x11.jpg 300w, https:\/\/auratoria.com\/wp-content\/uploads\/2018\/11\/ligne_rouge_haut-1.jpg 400w\" sizes=\"(max-width: 300px) 100vw, 300px\" \/><br \/>\nNos services de coaching individuel et collectif<\/h1>\n<p><img decoding=\"async\" loading=\"lazy\" class=\"size-medium wp-image-787 alignright\" src=\"http:\/\/auratoria.com\/wp-content\/uploads\/2018\/11\/ligne_rouge_bas-1-300x11.jpg\" alt=\"\" width=\"300\" height=\"11\" srcset=\"https:\/\/auratoria.com\/wp-content\/uploads\/2018\/11\/ligne_rouge_bas-1-300x11.jpg 300w, https:\/\/auratoria.com\/wp-content\/uploads\/2018\/11\/ligne_rouge_bas-1.jpg 400w\" sizes=\"(max-width: 300px) 100vw, 300px\" \/><\/p>\n<p>&nbsp;<\/p>\n<h2><strong>Explorez et d\u00e9veloppez vos potentiels individuels et collectifs !<\/strong><\/h2>\n<p style=\"text-align: left;\"><span class=\"textintro\">Nous vous accompagnons pour d\u00e9nouer les probl\u00e9matiques qui freinent votre quotidien. <\/span>Les difficult\u00e9s ne sont pas internes \u00e0 l\u2019individu mais dans l\u2019interaction avec son environnement.<\/p>\n<p style=\"text-align: center;\">Nous vous aidons \u00e0 y voir plus clair,<br \/>\net <strong>\u00e0 lib\u00e9rer et f\u00e9d\u00e9rer vos \u00e9nergies et vos talents<\/strong>.<\/p>\n<p>Gr\u00e2ce \u00e0 un travail de r\u00e9flexivit\u00e9 et un questionnement bienveillant sans complaisance, \u00e0 des outils et challenges adapt\u00e9s \u00e0 votre r\u00e9alit\u00e9 ou vous en faisant sortir, vous <strong>prenez de la hauteur<\/strong> et conscience de vos capacit\u00e9s, de vos atouts, de votre singularit\u00e9. Vous mettez en \u0153uvre des <strong>actions concr\u00e8tes<\/strong> et renouez avec la <strong>performance<\/strong> et la <strong>satisfaction<\/strong>.<\/p>\n<p>L\u2019accompagnement via le coaching est une <strong>exploration de vos potentiels<\/strong> individuels et collectifs et une mise en action pour des <strong>changements de comportement mesurables et durables<\/strong>.<\/p>\n<p>\u00c0 l\u2019origine, le verbe anglais \u00ab to coach \u00bb signifie \u00ab entra\u00eener \u00bb ou \u00ab motiver \u00bb. Ce verbe a lui-m\u00eame pour origine un mot fran\u00e7ais \u00ab coche \u00bb qui, au 16\u00e8me si\u00e8cle, d\u00e9signait une voiture tir\u00e9e par des chevaux. Le coach est celui qui fait avancer les voyageurs.<\/p>\n<p>Pour faire \u00e9merger et d\u00e9velopper vos talents, nous vous proposons nos accompagnements en <strong>coaching :<\/strong><\/p>\n<ul>\n<li><a href=\"#coaching-individuel\">Coaching professionnel individuel<\/a><\/li>\n<li><a href=\"#coaching-de-binome\">Coaching de bin\u00f4me<\/a><\/li>\n<li><a href=\"https:\/\/auratoria.com\/coaching-professionnel-individuel-et-collectif\/coaching-prise-de-parole-et-communication\/\" target=\"_blank\" rel=\"noopener\">Coaching prise de parole et communication<\/a><\/li>\n<li><a href=\"https:\/\/auratoria.com\/coaching-professionnel-individuel-et-collectif\/executive-coaching-pour-managers-managers-et-dirigeants\/\" target=\"_blank\" rel=\"noopener\">Coaching de managers, de dirigeants et leurs \u00e9quipes<\/a><\/li>\n<\/ul>\n<p><img decoding=\"async\" loading=\"lazy\" class=\"alignleft wp-image-1517 size-thumbnail\" src=\"https:\/\/auratoria.com\/wp-content\/uploads\/2020\/06\/louis-mornaud-L80cC_5nAFI-unsplash-Photo-by-Louis-Mornaud-on-Unsplash-150x150.jpg\" alt=\"\" width=\"150\" height=\"150\" \/><\/p>\n<p>Nos\u00a0<b>coachings <\/b>sont r\u00e9alis\u00e9s par des <strong>coachs professionnels certifi\u00e9s et supervis\u00e9s<\/strong>.<br \/>\nIls donnent lieu \u00e0 un accompagnement <strong>sur mesure &#8211; <\/strong>adapt\u00e9 \u00e0 votre personnalit\u00e9, votre point de d\u00e9part, vos contraintes et votre environnement sp\u00e9cifiques, pour vous aider \u00e0 atteindre vos objectifs.<\/p>\n<p><i><em><img decoding=\"async\" loading=\"lazy\" class=\"alignleft wp-image-2122 size-thumbnail\" src=\"https:\/\/auratoria.com\/wp-content\/uploads\/2021\/04\/pexels-cottonbro-4676443-carre-mug-anglais-150x150.jpg\" alt=\"\" width=\"150\" height=\"150\" srcset=\"https:\/\/auratoria.com\/wp-content\/uploads\/2021\/04\/pexels-cottonbro-4676443-carre-mug-anglais-150x150.jpg 150w, https:\/\/auratoria.com\/wp-content\/uploads\/2021\/04\/pexels-cottonbro-4676443-carre-mug-anglais-300x300.jpg 300w, https:\/\/auratoria.com\/wp-content\/uploads\/2021\/04\/pexels-cottonbro-4676443-carre-mug-anglais-768x769.jpg 768w, https:\/\/auratoria.com\/wp-content\/uploads\/2021\/04\/pexels-cottonbro-4676443-carre-mug-anglais-1024x1024.jpg 1024w, https:\/\/auratoria.com\/wp-content\/uploads\/2021\/04\/pexels-cottonbro-4676443-carre-mug-anglais-100x100.jpg 100w, https:\/\/auratoria.com\/wp-content\/uploads\/2021\/04\/pexels-cottonbro-4676443-carre-mug-anglais.jpg 1162w\" sizes=\"(max-width: 150px) 100vw, 150px\" \/>Prestations en\u00a0<strong>fran\u00e7ais<\/strong> ou en <strong>anglais<\/strong>, sur Paris, France enti\u00e8re ou \u00e0 l&rsquo;\u00e9tranger.<\/em><\/i><\/p>\n<p><img decoding=\"async\" loading=\"lazy\" class=\"wp-image-1648 size-thumbnail alignright\" src=\"https:\/\/auratoria.com\/wp-content\/uploads\/2020\/09\/photo-of-people-touching-each-other-s-hands-3184428_Photo-de-fauxels-provenant-de-Pexels_Programme_Team_Power_accelerer_la_performance_de_votre_equipe-150x150.jpg\" alt=\"\" width=\"150\" height=\"150\" srcset=\"https:\/\/auratoria.com\/wp-content\/uploads\/2020\/09\/photo-of-people-touching-each-other-s-hands-3184428_Photo-de-fauxels-provenant-de-Pexels_Programme_Team_Power_accelerer_la_performance_de_votre_equipe-150x150.jpg 150w, https:\/\/auratoria.com\/wp-content\/uploads\/2020\/09\/photo-of-people-touching-each-other-s-hands-3184428_Photo-de-fauxels-provenant-de-Pexels_Programme_Team_Power_accelerer_la_performance_de_votre_equipe-100x100.jpg 100w\" sizes=\"(max-width: 150px) 100vw, 150px\" \/><\/p>\n<p><strong>Nos coach\u00e9s :<\/strong> dirigeants, cadres ou managers,\u00a0 intrapreneurs, chefs de projet, Hauts Potentiels et HPI\/HQI, ainsi que journalistes, com\u00e9diens, entrepreneurs.<\/p>\n<h2><strong><span style=\"color: #800000;\">Ce que nos coach\u00e9s disent de nos accompagnements (extraits)<\/span><\/strong><\/h2>\n<p><span style=\"color: #800000;\"><em><a href=\"https:\/\/auratoria.com\/nos-references\/ils-disent-de-nous\/\"><img decoding=\"async\" loading=\"lazy\" class=\"alignleft size-full wp-image-1127\" src=\"https:\/\/auratoria.com\/wp-content\/uploads\/2020\/01\/Picto_Parole_AURATORIA_neg.png\" alt=\"Picto_Parole_AURATORIA_neg\" width=\"161\" height=\"161\" srcset=\"https:\/\/auratoria.com\/wp-content\/uploads\/2020\/01\/Picto_Parole_AURATORIA_neg.png 161w, https:\/\/auratoria.com\/wp-content\/uploads\/2020\/01\/Picto_Parole_AURATORIA_neg-150x150.png 150w, https:\/\/auratoria.com\/wp-content\/uploads\/2020\/01\/Picto_Parole_AURATORIA_neg-100x100.png 100w\" sizes=\"(max-width: 161px) 100vw, 161px\" \/><\/a>\u201c[Ma coach] a propos\u00e9 un cadre tr\u00e8s clair et concret pour ce programme de coaching qui m\u2019a permis de progresser non seulement en prenant du recul sur les situations \u00e9voqu\u00e9es mais \u00e9galement d\u2019acqu\u00e9rir des outils pratiques d\u2019\u00e9valuation et d\u2019action. Sa rigueur et sa bienveillance ont \u00e9t\u00e9 un atout cl\u00e9 dans la r\u00e9ussite de ce coaching. Ces s\u00e9ances ont \u00e9t\u00e9 tr\u00e8s profitables et m\u2019ont permis de progresser et de gagner en confiance et en efficacit\u00e9 sur l\u2019ensemble des aspects.\u201d<\/em><\/span><\/p>\n<p><span style=\"color: #800000;\"><em><span class=\"lt-line-clamp__line\">\u201cThanks to [my coach], I have better understanding of my customer and how to establish the good relationship.\u201d<\/span><\/em><\/span><\/p>\n<p><span style=\"color: #800000;\"><em><span class=\"lt-line-clamp__line\">\u201cTravailler avec [ma coach] est une grande source de joie : son<\/span>\u00a0<span class=\"lt-line-clamp__line\">dynamisme, son professionnalisme et son humour font avancer \u00e0<\/span>\u00a0<span class=\"lt-line-clamp__line lt-line-clamp__line--last\">grands pas ! Je recommande chaudement !\u201d<\/span><\/em><\/span><\/p>\n<p style=\"text-align: center;\"><a href=\"https:\/\/auratoria.com\/nos-references\/ils-disent-de-nous\/\" target=\"_blank\" rel=\"noopener\">Lire plus de verbatims de nos clients<\/a><\/p>\n<p style=\"text-align: center;\"><a href=\"https:\/\/auratoria.com\/contact\/\" target=\"_blank\" rel=\"noopener\">Nous contacter pour une pr\u00e9sentation d\u00e9taill\u00e9e<\/a><\/p>\n<p style=\"text-align: center;\"><a class=\"btn btn-default\" href=\"#\">Retour en haut de page \u2191<\/a><\/p>\n<hr \/>\n<h2><a name=\"coaching-individuel\"><\/a><strong>Coaching professionnel individuel<\/strong><\/h2>\n<p><img decoding=\"async\" loading=\"lazy\" class=\"alignright wp-image-2879 size-medium\" src=\"https:\/\/auratoria.com\/wp-content\/uploads\/2023\/03\/miguel-bruna-TzVN0xQhWaQ-unsplash_Photo-by-Miguel-Bruna-on-Unsplash-240x300.jpg\" alt=\"\" width=\"240\" height=\"300\" srcset=\"https:\/\/auratoria.com\/wp-content\/uploads\/2023\/03\/miguel-bruna-TzVN0xQhWaQ-unsplash_Photo-by-Miguel-Bruna-on-Unsplash-240x300.jpg 240w, https:\/\/auratoria.com\/wp-content\/uploads\/2023\/03\/miguel-bruna-TzVN0xQhWaQ-unsplash_Photo-by-Miguel-Bruna-on-Unsplash-768x960.jpg 768w, https:\/\/auratoria.com\/wp-content\/uploads\/2023\/03\/miguel-bruna-TzVN0xQhWaQ-unsplash_Photo-by-Miguel-Bruna-on-Unsplash-819x1024.jpg 819w\" sizes=\"(max-width: 240px) 100vw, 240px\" \/><\/p>\n<p><span class=\"textintro\">Le coaching est une exploration, un temps de respiration.<\/span><\/p>\n<p>Il est motiv\u00e9 par un d\u00e9sir de changement, un besoin d\u2019inspiration, d\u2019\u00e9nergie, de motivation, d\u2019\u00e9claircissement. Il se mat\u00e9rialise par un <strong>accompagnement sur mesure orient\u00e9 r\u00e9sultats<\/strong> qui a pour but de vous aider \u00e0 trouver des solutions adapt\u00e9es et ancrer de nouveaux comportements.<\/p>\n<p><strong>Vous \u00eates :<\/strong> chef\/fe de projet, Haut Potentiel, expert, intrapreneur, entreprise unipersonnelle.<br \/>\n<em>Vous \u00eates ou devenez manager ou dirigeant ? Voir la page <a href=\"https:\/\/auratoria.com\/coaching-professionnel-individuel-et-collectif\/executive-coaching-pour-managers-managers-et-dirigeants\/\" target=\"_blank\" rel=\"noopener\">Executive Coaching<\/a><\/em><\/p>\n<p><strong><i><img decoding=\"async\" loading=\"lazy\" class=\"wp-image-1054 size-thumbnail alignright\" src=\"https:\/\/auratoria.com\/wp-content\/uploads\/2018\/06\/red-iphone-7-on-white-book-page-714700-150x150.jpg\" alt=\"\" width=\"150\" height=\"150\" \/><\/i>Votre objectif rel\u00e8ve de :<\/strong><\/p>\n<ul>\n<li>Prendre une nouvelle fonction<\/li>\n<li>Affirmer vos positions et votre personnalit\u00e9<\/li>\n<li>Am\u00e9liorer vos relations de travail<\/li>\n<li>Manager votre manager<\/li>\n<li>Abaisser votre stress<\/li>\n<li>R\u00e9guler vos \u00e9motions<\/li>\n<li>Optimiser votre organisation professionnelle<\/li>\n<li>Gagner en confiance en vous<\/li>\n<li>Clarifier vos orientations<\/li>\n<\/ul>\n<p>Votre coach vous accompagne dans le <strong>d\u00e9veloppement de nouveaux comportements ajust\u00e9s<\/strong>, selon vos objectifs, votre environnement et vos besoins.<\/p>\n<p>Durant les s\u00e9ances, dans un <strong>cadre s\u00e9curis\u00e9 et confidentiel<\/strong>, vous vous appropriez les questionnements, exp\u00e9rimentez et explorez les ressources n\u00e9cessaires \u00e0 l&rsquo;atteinte de vos objectifs, et \u00e9tablissez vos plans d&rsquo;action.<br \/>\nVotre coach peut vous proposer des <strong>exercices<\/strong> pratiques ou <strong>d\u00e9fis<\/strong> cibl\u00e9s \u00e0 r\u00e9aliser d&rsquo;une s\u00e9ance \u00e0 l&rsquo;autre pour prolonger la dynamique de la s\u00e9ance et vous mettre en situation et en action.<\/p>\n<p>L\u2019accompagnement est <strong>enti\u00e8rement adapt\u00e9 \u00e0 vous<\/strong>, en face-\u00e0-face en pr\u00e9sence ou par visioconf\u00e9rence, et inclut :<\/p>\n<ul>\n<li>une rencontre,<\/li>\n<li>une s\u00e9ance d&rsquo;entretien de cadrage et une contractualisation,<\/li>\n<li>un nombre de s\u00e9ances d\u00e9termin\u00e9s selon vos objectifs et axes de travail,<\/li>\n<li>une s\u00e9ance de bilan,<\/li>\n<li>et, selon la dur\u00e9e de votre coaching, un bilan \u00e0 mi-parcours.<\/li>\n<\/ul>\n<p style=\"text-align: center;\"><a href=\"https:\/\/auratoria.com\/contact\/\" target=\"_blank\" rel=\"noopener\">Nous contacter pour une pr\u00e9sentation d\u00e9taill\u00e9e<\/a><\/p>\n<p style=\"text-align: center;\"><a class=\"btn btn-default\" href=\"#\">Retour en haut de page \u2191<\/a><\/p>\n<hr \/>\n<h2><img decoding=\"async\" loading=\"lazy\" class=\"alignleft wp-image-2876 size-thumbnail\" src=\"https:\/\/auratoria.com\/wp-content\/uploads\/2023\/03\/chris-liverani-9cd8qOgeNIY-unsplash-150x150.jpg\" alt=\"\" width=\"150\" height=\"150\" srcset=\"https:\/\/auratoria.com\/wp-content\/uploads\/2023\/03\/chris-liverani-9cd8qOgeNIY-unsplash-150x150.jpg 150w, https:\/\/auratoria.com\/wp-content\/uploads\/2023\/03\/chris-liverani-9cd8qOgeNIY-unsplash-100x100.jpg 100w\" sizes=\"(max-width: 150px) 100vw, 150px\" \/><a name=\"coaching-de-binome\"><\/a><strong>Coaching de bin\u00f4me<\/strong><\/h2>\n<p><strong>Vous \u00eates<\/strong> un duo de collaborateurs qui avez <strong>besoin de renforcer votre relation<\/strong>, votre <strong>collaboration<\/strong> ou votre <strong>vision<\/strong> commune.<\/p>\n<p>Votre coach vous accompagne dans vos objectifs, sur la base d&rsquo;une Convention de Coaching \u00e9tablie ensemble, incluant vos Objectifs et vos Indicateurs de r\u00e9sultat. Il\/elle alterne des sessions en bin\u00f4me et des sessions individuelles au service de vos besoins et objectifs communs.<\/p>\n<p><span style=\"color: #800000;\"><em><span class=\"lt-line-clamp__line\">\u201c[Notre coach] <\/span><span class=\"lt-line-clamp__line\">a su parfaitement<\/span>\u00a0<span class=\"lt-line-clamp__line\">s\u2019adapter \u00e0 nos demandes \u00e0 la fois de duo et individuelles. On a<\/span>\u00a0<span class=\"lt-line-clamp__line\">travaill\u00e9 fort dans une super ambiance chaleureuse et accueillante,<\/span>\u00a0<span class=\"lt-line-clamp__line lt-line-clamp__line--last\">et je recommande [cet] accompagnement les yeux ferm\u00e9s !\u201d<\/span><\/em><\/span><\/p>\n<p><strong>Pour tout coaching collectif, nous proc\u00e9dons en 6 \u00e9tapes avec vous :<br \/>\n<\/strong><\/p>\n<ol>\n<li>Cadrage des besoins et enjeux avec le\/la responsable de l\u2019\u00e9quipe<\/li>\n<li>Entretien individuel avec chaque membre de l\u2019\u00e9quipe<\/li>\n<li>Session de coaching d\u2019\u00e9quipe pour d\u00e9finir collectivement Objectifs et Indicateurs de r\u00e9sultat<\/li>\n<li>Conception des modalit\u00e9s de travail : nombre de coaches, de sessions et contenu, pendant et entre les sessions<\/li>\n<li>Sessions de travail en \u00e9quipe (ateliers ou s\u00e9minaires)<\/li>\n<li>Bilan collectif et individuel<\/li>\n<\/ol>\n<p style=\"text-align: center;\"><a href=\"https:\/\/auratoria.com\/contact\/\" target=\"_blank\" rel=\"noopener\">Nous contacter pour une pr\u00e9sentation d\u00e9taill\u00e9e<\/a><\/p>\n<p style=\"text-align: center;\"><a class=\"btn btn-default\" href=\"#\">Retour en haut de page \u2191<\/a><\/p>\n<h2><strong>Nos modalit\u00e9s d\u2019accompagnement<\/strong><\/h2>\n<ul>\n<li>Notre accompagnement peut se d\u00e9ployer aupr\u00e8s d&rsquo;un ou plusieurs collaborateurs, d\u2019un dirigeant, d\u2019un ou plusieurs de vos managers, d\u2019un CoDir ou ComEx, d\u2019une \u00e9quipe.<\/li>\n<li>Il est adaptable et modulable selon vos enjeux, vos objectifs et votre environnement.<\/li>\n<li>En coaching individuel, un entretien tripartite est organis\u00e9 syst\u00e9matiquement au d\u00e9marrage de chaque accompagnement.<\/li>\n<li>Selon votre implantation g\u00e9ographique, nous pouvons r\u00e9aliser les coachings en visio, ou organiser du pr\u00e9sentiel si nous coachons plusieurs personnes ou groupes sur la m\u00eame journ\u00e9e et le m\u00eame site.<\/li>\n<li>Et nous pouvons, selon vos besoins, compl\u00e9ter le dispositif avec des modalit\u00e9s comme un 360\u00b0, un questionnaire de personnalit\u00e9 ou d\u2019assessment, du cod\u00e9veloppement, mixer du coaching individuel et collectif, et mettre en place des ateliers ou formations selon les objectifs du coaching.<\/li>\n<\/ul>\n<hr \/>\n<p style=\"text-align: left;\"><a href=\"http:\/\/auratoria.com\/contact\/\"><img decoding=\"async\" loading=\"lazy\" class=\"alignleft wp-image-2087 size-thumbnail\" src=\"https:\/\/auratoria.com\/wp-content\/uploads\/2021\/04\/pexels-negative-space-33999-150x150.jpg\" alt=\"\" width=\"150\" height=\"150\" srcset=\"https:\/\/auratoria.com\/wp-content\/uploads\/2021\/04\/pexels-negative-space-33999-150x150.jpg 150w, https:\/\/auratoria.com\/wp-content\/uploads\/2021\/04\/pexels-negative-space-33999-100x100.jpg 100w\" sizes=\"(max-width: 150px) 100vw, 150px\" \/><\/a>Vous souhaitez mettre en place d&rsquo;autres formes d&rsquo;accompagnement pour votre entreprise ou pour vous-m\u00eame ?<br \/>\nPour des interventions en\u00a0<a style=\"font-size: 1rem;\" href=\"https:\/\/auratoria.com\/coaching-professionnel-individuel-et-collectif\/coaching-prise-de-parole-et-communication\/\" target=\"_blank\" rel=\"noopener\">coachings prise de parole en public et communication<\/a><span style=\"font-size: 1rem;\">, <\/span><a style=\"font-size: 1rem;\" href=\"https:\/\/auratoria.com\/coaching-professionnel-individuel-et-collectif\/executive-coaching-pour-managers-managers-et-dirigeants\/\" target=\"_blank\" rel=\"noopener\">coaching de managers, de dirigeants et leurs \u00e9quipes<\/a>,\u00a0<a href=\"https:\/\/auratoria.com\/formations-intraentreprise-sur-mesure\/\" target=\"_blank\" rel=\"noopener\">formations intra-entreprise<\/a><span style=\"font-size: 1rem;\">, <\/span><a style=\"font-size: 1rem;\" href=\"https:\/\/auratoria.com\/prestations-animation-evenements-et-conseil\/\" target=\"_blank\" rel=\"noopener\">s\u00e9minaires ou ateliers sur-mesure<\/a><span style=\"font-size: 1rem;\">, voir les pages d\u00e9di\u00e9es ou <\/span><a style=\"font-size: 1rem;\" href=\"https:\/\/auratoria.com\/contact\/\" target=\"_blank\" rel=\"noopener\">nous consulter<\/a>.<\/p>\n<\/div>","protected":false},"excerpt":{"rendered":"<p>Nos services de coaching individuel et collectif &nbsp; Explorez et d\u00e9veloppez vos potentiels individuels et collectifs ! Nous vous accompagnons pour d\u00e9nouer les probl\u00e9matiques qui freinent votre quotidien. Les difficult\u00e9s ne sont pas internes \u00e0 l\u2019individu mais dans l\u2019interaction avec son environnement. Nous vous aidons \u00e0 y voir plus clair, et \u00e0 lib\u00e9rer et f\u00e9d\u00e9rer &hellip; <\/p>\n<p class=\"link-more\"><a href=\"https:\/\/auratoria.com\/fr\/coaching-professionnel-individuel-et-collectif\/\" class=\"more-link\">Continuer la lecture<span class=\"screen-reader-text\"> de &laquo;&nbsp;Nos coachings individuels et collectifs&nbsp;&raquo;<\/span><\/a><\/p>\n","protected":false},"author":1,"featured_media":0,"parent":0,"menu_order":0,"comment_status":"closed","ping_status":"closed","template":"","meta":{"footnotes":""},"_links":{"self":[{"href":"https:\/\/auratoria.com\/fr\/wp-json\/wp\/v2\/pages\/296"}],"collection":[{"href":"https:\/\/auratoria.com\/fr\/wp-json\/wp\/v2\/pages"}],"about":[{"href":"https:\/\/auratoria.com\/fr\/wp-json\/wp\/v2\/types\/page"}],"author":[{"embeddable":true,"href":"https:\/\/auratoria.com\/fr\/wp-json\/wp\/v2\/users\/1"}],"replies":[{"embeddable":true,"href":"https:\/\/auratoria.com\/fr\/wp-json\/wp\/v2\/comments?post=296"}],"version-history":[{"count":266,"href":"https:\/\/auratoria.com\/fr\/wp-json\/wp\/v2\/pages\/296\/revisions"}],"predecessor-version":[{"id":307,"href":"https:\/\/auratoria.com\/fr\/wp-json\/wp\/v2\/pages\/296\/revisions\/307"}],"wp:attachment":[{"href":"https:\/\/auratoria.com\/fr\/wp-json\/wp\/v2\/media?parent=296"}],"curies":[{"name":"wp","href":"https:\/\/api.w.org\/{rel}","templated":true}]}}