{"id":3153,"date":"2023-10-17T16:10:09","date_gmt":"2023-10-17T14:10:09","guid":{"rendered":"https:\/\/auratoria.com\/?page_id=3153"},"modified":"2023-10-17T16:48:51","modified_gmt":"2023-10-17T14:48:51","slug":"accessibility-to-people-with-disabilities","status":"publish","type":"page","link":"https:\/\/auratoria.com\/fr\/accessibility-to-people-with-disabilities\/","title":{"rendered":"Accessibility to people with disabilities"},"content":{"rendered":"<div class=\"bt_bb_wrapper\"><div class=\"wpb_text_column wpb_content_element \">\n<div class=\"wpb_wrapper\">\n<div class=\"wpb_text_column wpb_content_element \">\n<div class=\"wpb_wrapper\">\n<h1><img decoding=\"async\" loading=\"lazy\" class=\"alignnone size-medium wp-image-786\" src=\"http:\/\/auratoria.com\/wp-content\/uploads\/2018\/11\/ligne_rouge_haut-1-300x11.jpg\" alt=\"\" width=\"300\" height=\"11\" srcset=\"https:\/\/auratoria.com\/wp-content\/uploads\/2018\/11\/ligne_rouge_haut-1-300x11.jpg 300w, https:\/\/auratoria.com\/wp-content\/uploads\/2018\/11\/ligne_rouge_haut-1.jpg 400w\" sizes=\"(max-width: 300px) 100vw, 300px\" \/><br \/>\nAccessibility to people with disabilities<img decoding=\"async\" loading=\"lazy\" class=\"size-medium wp-image-787 alignright\" src=\"http:\/\/auratoria.com\/wp-content\/uploads\/2018\/11\/ligne_rouge_bas-1-300x11.jpg\" alt=\"\" width=\"300\" height=\"11\" srcset=\"https:\/\/auratoria.com\/wp-content\/uploads\/2018\/11\/ligne_rouge_bas-1-300x11.jpg 300w, https:\/\/auratoria.com\/wp-content\/uploads\/2018\/11\/ligne_rouge_bas-1.jpg 400w\" sizes=\"(max-width: 300px) 100vw, 300px\" \/><\/h1>\n<p><img decoding=\"async\" loading=\"lazy\" class=\"alignleft size-thumbnail wp-image-770\" src=\"https:\/\/auratoria.com\/wp-content\/uploads\/2018\/11\/ligne_rouge_bas-150x15.jpg\" alt=\"\" width=\"150\" height=\"15\" \/><\/p>\n<p>&nbsp;<\/p>\n<p style=\"text-align: center;\"><a href=\"https:\/\/auratoria.com\/philosophie-auratoria\/accessibilite-aux-publics-en-situation-de-handicap\/\" target=\"_blank\" rel=\"noopener\"><span style=\"font-size: 1rem;\">See the page for France (in French)<\/span><\/a><\/p>\n<h2><strong>Information and condideration of your specific needs<\/strong><\/h2>\n<p>During our first contacts with your organization and you, we propose to the participants to our training and coaching a questionnaire in order to take into account the specificities of your disabilities and to determine any possible adjustments or rearragnements to be put in place, followed if necessary by an interview, in collaboration with your training manager.<\/p>\n<p>Depending on the needs expressed and identified, we will supply you with specific support, guide you and\/or organize your journey, in possible collaboration with your legal representative.<\/p>\n<p>Our <strong>Disability Representative<\/strong> is available to answer all of your questions:\u00a0 <a class=\"vc_general vc_btn3 vc_btn3-size-md vc_btn3-shape-rounded vc_btn3-style-modern vc_btn3-color-juicy-pink\" style=\"font-size: 1rem;\" title=\"\" href=\"https:\/\/auratoria.com\/contact-eng\/\" target=\"_blank\" rel=\"noopener noreferrer\">please contact us<\/a>.<\/p>\n<\/div>\n<\/div>\n<div class=\"vc_empty_space\">\n<h2><strong>Accessibility of premises to people with disabilities<\/strong><\/h2>\n<ul>\n<li>The AURATORIA teams provide intra-company training and animation within the premises of our client organizations. We check with the sponsor the suitability of these premises for &lsquo;public-access building, first category&rsquo; standards. In the event of a request for third-party locations, and in connection with the sponsor, we will identify a location that meets these standards according to your needs.<\/li>\n<li>For individual coaching, if you would like it to take place outside your workplace, please note that AURATORIA offices are not classified &lsquo;public-access building, first category&rsquo;. En lien avec votre responsable formation et\/ou votre repr\u00e9sentant l\u00e9gal, nous identifierons un local r\u00e9pondant aux normes ERP selon vos besoins. In connection with your training manager and\/or legal representative, we will identify a location that meets these standards according to your needs.<\/li>\n<\/ul>\n<\/div>\n<div class=\"wpb_text_column wpb_content_element \"><\/div>\n<\/div>\n<\/div>\n<\/div>","protected":false},"excerpt":{"rendered":"<p>Accessibility to people with disabilities &nbsp; See the page for France (in French) Information and condideration of your specific needs During our first contacts with your organization and you, we propose to the participants to our training and coaching a questionnaire in order to take into account the specificities of your disabilities and to determine &hellip; <\/p>\n<p class=\"link-more\"><a href=\"https:\/\/auratoria.com\/fr\/accessibility-to-people-with-disabilities\/\" class=\"more-link\">Continuer la lecture<span class=\"screen-reader-text\"> de &laquo;&nbsp;Accessibility to people with disabilities&nbsp;&raquo;<\/span><\/a><\/p>\n","protected":false},"author":1,"featured_media":0,"parent":0,"menu_order":0,"comment_status":"closed","ping_status":"closed","template":"","meta":{"footnotes":""},"_links":{"self":[{"href":"https:\/\/auratoria.com\/fr\/wp-json\/wp\/v2\/pages\/3153"}],"collection":[{"href":"https:\/\/auratoria.com\/fr\/wp-json\/wp\/v2\/pages"}],"about":[{"href":"https:\/\/auratoria.com\/fr\/wp-json\/wp\/v2\/types\/page"}],"author":[{"embeddable":true,"href":"https:\/\/auratoria.com\/fr\/wp-json\/wp\/v2\/users\/1"}],"replies":[{"embeddable":true,"href":"https:\/\/auratoria.com\/fr\/wp-json\/wp\/v2\/comments?post=3153"}],"version-history":[{"count":8,"href":"https:\/\/auratoria.com\/fr\/wp-json\/wp\/v2\/pages\/3153\/revisions"}],"predecessor-version":[{"id":3169,"href":"https:\/\/auratoria.com\/fr\/wp-json\/wp\/v2\/pages\/3153\/revisions\/3169"}],"wp:attachment":[{"href":"https:\/\/auratoria.com\/fr\/wp-json\/wp\/v2\/media?parent=3153"}],"curies":[{"name":"wp","href":"https:\/\/api.w.org\/{rel}","templated":true}]}}