{"id":3390,"date":"2024-09-06T22:02:32","date_gmt":"2024-09-06T20:02:32","guid":{"rendered":"https:\/\/auratoria.com\/?page_id=3390"},"modified":"2025-12-03T16:59:46","modified_gmt":"2025-12-03T15:59:46","slug":"executive-coaching-pour-managers-managers-et-dirigeants","status":"publish","type":"page","link":"https:\/\/auratoria.com\/fr\/coaching-professionnel-individuel-et-collectif\/executive-coaching-pour-managers-managers-et-dirigeants\/","title":{"rendered":"Executive coaching pour managers, dirigeants et \u00e9quipes"},"content":{"rendered":"<div class=\"bt_bb_wrapper\"><h1><img decoding=\"async\" loading=\"lazy\" class=\"alignnone size-medium wp-image-786\" src=\"http:\/\/auratoria.com\/wp-content\/uploads\/2018\/11\/ligne_rouge_haut-1-300x11.jpg\" alt=\"\" width=\"300\" height=\"11\" srcset=\"https:\/\/auratoria.com\/wp-content\/uploads\/2018\/11\/ligne_rouge_haut-1-300x11.jpg 300w, https:\/\/auratoria.com\/wp-content\/uploads\/2018\/11\/ligne_rouge_haut-1.jpg 400w\" sizes=\"(max-width: 300px) 100vw, 300px\" \/><br \/>\nNos services de coaching pour managers,<br \/>\ndirigeants et leurs \u00e9quipes &#8211; executive coaching et coaching collectif<\/h1>\n<p><img decoding=\"async\" loading=\"lazy\" class=\"size-medium wp-image-787 alignright\" src=\"http:\/\/auratoria.com\/wp-content\/uploads\/2018\/11\/ligne_rouge_bas-1-300x11.jpg\" alt=\"\" width=\"300\" height=\"11\" srcset=\"https:\/\/auratoria.com\/wp-content\/uploads\/2018\/11\/ligne_rouge_bas-1-300x11.jpg 300w, https:\/\/auratoria.com\/wp-content\/uploads\/2018\/11\/ligne_rouge_bas-1.jpg 400w\" sizes=\"(max-width: 300px) 100vw, 300px\" \/><\/p>\n<p>&nbsp;<\/p>\n<p>En route vers ou d\u00e9j\u00e0 install\u00e9\/e \u00e0 un poste de dirigeant, de manager ?<br \/>\nSoucieux de d\u00e9velopper un leadership centr\u00e9 sur l&rsquo;humain ?<\/p>\n<p><strong>Notre conviction : le management le plus efficace<br \/>\nimplique l&rsquo;humain dans son enti\u00e8ret\u00e9.<\/strong><\/p>\n<p>Pour vous aider dans votre d\u00e9veloppement \u00e0 vous affirmer dans vos nouvelles fonctions, revoir vos pratiques, impulser ou accompagner transitions et changements de fa\u00e7on durable et soutenable, nous vous accompagnons \u00e0 chaque \u00e9tape :<\/p>\n<ul>\n<li><a href=\"#executive-oaching-individuel-3-niveaux\">3 approches de coaching individuel pour 3 \u00e9tapes<\/a><\/li>\n<li><a href=\"#coaching-de-binome\">Coaching de bin\u00f4me<\/a><\/li>\n<li><a href=\"#fresque-du-management\">Coaching collectif : la Fresque du Management\u00a9<\/a><\/li>\n<li><a href=\"#coaching-collectif-equipe-ComEx-CoDir\">Coaching collectif : \u00e9quipe et CoDir\/ComEx<\/a><\/li>\n<li><a href=\"#co-developpement\">Coaching collectif : cod\u00e9veloppement<\/a><\/li>\n<\/ul>\n<p><img decoding=\"async\" loading=\"lazy\" class=\"alignleft wp-image-1517 size-thumbnail\" src=\"https:\/\/auratoria.com\/wp-content\/uploads\/2020\/06\/louis-mornaud-L80cC_5nAFI-unsplash-Photo-by-Louis-Mornaud-on-Unsplash-150x150.jpg\" alt=\"\" width=\"150\" height=\"150\" \/><\/p>\n<p>Nos\u00a0<b>coachings <\/b>sont r\u00e9alis\u00e9s par des <strong>coachs professionnels certifi\u00e9s et supervis\u00e9s<\/strong>, exp\u00e9riment\u00e9s en management et Direction de service, et en accompagnement des dirigeants et des managers.<strong><br \/>\n<\/strong>Ils donnent lieu \u00e0 un accompagnement <strong>sur mesure &#8211; <\/strong>adapt\u00e9 \u00e0 votre personnalit\u00e9, votre point de d\u00e9part, vos contraintes et votre environnement sp\u00e9cifiques, pour vous aider \u00e0 atteindre vos objectifs.<\/p>\n<p><i><em><img decoding=\"async\" loading=\"lazy\" class=\"alignleft wp-image-2122 size-thumbnail\" src=\"https:\/\/auratoria.com\/wp-content\/uploads\/2021\/04\/pexels-cottonbro-4676443-carre-mug-anglais-150x150.jpg\" alt=\"\" width=\"150\" height=\"150\" srcset=\"https:\/\/auratoria.com\/wp-content\/uploads\/2021\/04\/pexels-cottonbro-4676443-carre-mug-anglais-150x150.jpg 150w, https:\/\/auratoria.com\/wp-content\/uploads\/2021\/04\/pexels-cottonbro-4676443-carre-mug-anglais-300x300.jpg 300w, https:\/\/auratoria.com\/wp-content\/uploads\/2021\/04\/pexels-cottonbro-4676443-carre-mug-anglais-768x769.jpg 768w, https:\/\/auratoria.com\/wp-content\/uploads\/2021\/04\/pexels-cottonbro-4676443-carre-mug-anglais-1024x1024.jpg 1024w, https:\/\/auratoria.com\/wp-content\/uploads\/2021\/04\/pexels-cottonbro-4676443-carre-mug-anglais-100x100.jpg 100w, https:\/\/auratoria.com\/wp-content\/uploads\/2021\/04\/pexels-cottonbro-4676443-carre-mug-anglais.jpg 1162w\" sizes=\"(max-width: 150px) 100vw, 150px\" \/><\/em><\/i><img decoding=\"async\" loading=\"lazy\" class=\"wp-image-1648 size-thumbnail alignright\" src=\"https:\/\/auratoria.com\/wp-content\/uploads\/2020\/09\/photo-of-people-touching-each-other-s-hands-3184428_Photo-de-fauxels-provenant-de-Pexels_Programme_Team_Power_accelerer_la_performance_de_votre_equipe-150x150.jpg\" alt=\"\" width=\"150\" height=\"150\" srcset=\"https:\/\/auratoria.com\/wp-content\/uploads\/2020\/09\/photo-of-people-touching-each-other-s-hands-3184428_Photo-de-fauxels-provenant-de-Pexels_Programme_Team_Power_accelerer_la_performance_de_votre_equipe-150x150.jpg 150w, https:\/\/auratoria.com\/wp-content\/uploads\/2020\/09\/photo-of-people-touching-each-other-s-hands-3184428_Photo-de-fauxels-provenant-de-Pexels_Programme_Team_Power_accelerer_la_performance_de_votre_equipe-100x100.jpg 100w\" sizes=\"(max-width: 150px) 100vw, 150px\" \/><i><em>Prestations en\u00a0<strong>fran\u00e7ais<\/strong> ou en <strong>anglais<\/strong>, sur Paris, France enti\u00e8re ou \u00e0 l&rsquo;\u00e9tranger.<\/em><\/i><\/p>\n<p>&nbsp;<\/p>\n<p><a name=\"executive-oaching-individuel-3-niveaux\"><\/a><\/p>\n<hr \/>\n<h2><strong>3 approches de coaching individuel pour 3 \u00e9tapes de d\u00e9veloppement<\/strong><\/h2>\n<p>Nous avons d\u00e9velopp\u00e9 3 accompagnements individuels d\u00e9di\u00e9s selon que vous soyez d\u00e9butant ou exp\u00e9riment\u00e9 dans la fonction de manager ou de dirigeant, et vous aider \u00e0 <strong>\u00eatre ou devenir un\/e manager, un\/e dirigeant\/e centr\u00e9 humain<\/strong>.<\/p>\n<p style=\"text-align: center;\"><a href=\"https:\/\/auratoria.com\/2024\/05\/28\/leadteam-x-auratoria-nouvelle-offre-coaching-individuel-managers-et-dirigeants\/\" target=\"_blank\" rel=\"noopener\">En savoir plus sur ce partenariat<\/a><\/p>\n<h3><strong>Jeune Manager : Start Coaching<\/strong><\/h3>\n<ul>\n<li>Pour : R\u00e9ussir sa prise de poste manag\u00e9riale<\/li>\n<li>Nous accompagnons vos jeunes managers \u00e0 combiner les exigences de leur<br \/>\nnouvelle fonction et leur r\u00e9alit\u00e9 op\u00e9rationnelle pour qu\u2019ils puissent d\u00e9ployer leur potentiel et celui de leurs \u00e9quipes<\/li>\n<\/ul>\n<h3><strong>Manager Exp\u00e9riment\u00e9 : Focus Coaching<\/strong><\/h3>\n<ul>\n<li>Pour : Revisiter et challenger sa posture et ses pratiques manag\u00e9riales<\/li>\n<li>Nous accompagnons vos managers exp\u00e9riment\u00e9s pour les aider \u00e0 challenger et mettre \u00e0 jour leurs pratiques, adopter la bonne posture, prendre de la distance par rapport \u00e0 leurs questionnements, se repositionner dans leur environnement.<\/li>\n<\/ul>\n<h3><strong>Dirigeant : Lead Coaching<\/strong><\/h3>\n<ul>\n<li>Pour : Asseoir sa posture de dirigeant et son leadership humain<\/li>\n<li>Nous accompagnons les dirigeants en mode sparring partner pour les aider \u00e0<br \/>\nprendre du recul, d\u00e9velopper leur leadership humain, et en p\u00e9riode de<br \/>\nchangement adopter une communication impactante.<\/li>\n<\/ul>\n<p style=\"text-align: center;\"><a href=\"https:\/\/auratoria.com\/contact\/\" target=\"_blank\" rel=\"noopener\">Nous contacter pour une pr\u00e9sentation d\u00e9taill\u00e9e<\/a><\/p>\n<p style=\"text-align: center;\"><a class=\"btn btn-default\" href=\"#\">Retour en haut de page \u2191<\/a><\/p>\n<p><a name=\"coaching-de-binome\"><\/a><\/p>\n<hr \/>\n<h2><img decoding=\"async\" loading=\"lazy\" class=\"alignleft wp-image-2876 size-thumbnail\" src=\"https:\/\/auratoria.com\/wp-content\/uploads\/2023\/03\/chris-liverani-9cd8qOgeNIY-unsplash-150x150.jpg\" alt=\"\" width=\"150\" height=\"150\" srcset=\"https:\/\/auratoria.com\/wp-content\/uploads\/2023\/03\/chris-liverani-9cd8qOgeNIY-unsplash-150x150.jpg 150w, https:\/\/auratoria.com\/wp-content\/uploads\/2023\/03\/chris-liverani-9cd8qOgeNIY-unsplash-100x100.jpg 100w\" sizes=\"(max-width: 150px) 100vw, 150px\" \/><strong>Coaching de bin\u00f4me<\/strong><\/h2>\n<p><strong>Vous \u00eates<\/strong> un duo d&rsquo;associ\u00e9s, de partenaires, de dirigeants, de managers&#8230; qui avez <strong>besoin de renforcer votre relation<\/strong>, votre <strong>collaboration<\/strong> ou votre <strong>vision<\/strong> commune, ou encore votre <strong>dynamique<\/strong> de co-animation de vos \u00e9quipes et de votre organisation.<\/p>\n<p>Votre coach vous accompagne dans vos objectifs, sur la base d&rsquo;une Convention de Coaching \u00e9tablie ensemble, incluant vos Objectifs et vos Indicateurs de r\u00e9sultat. Il\/elle alterne des sessions en bin\u00f4me et des sessions individuelles au service de vos besoins et objectifs communs.<\/p>\n<p><span style=\"color: #800000;\"><em><span class=\"lt-line-clamp__line\">\u201c[Notre coach] <\/span><span class=\"lt-line-clamp__line\">a su parfaitement<\/span>\u00a0<span class=\"lt-line-clamp__line\">s\u2019adapter \u00e0 nos demandes \u00e0 la fois de duo et individuelles. On a<\/span>\u00a0<span class=\"lt-line-clamp__line\">travaill\u00e9 fort dans une super ambiance chaleureuse et accueillante,<\/span>\u00a0<span class=\"lt-line-clamp__line lt-line-clamp__line--last\">et je recommande [cet] accompagnement les yeux ferm\u00e9s !\u201d<\/span><\/em><\/span><\/p>\n<p>D\u00e9roulement d&rsquo;un Coaching de Bin\u00f4me :<\/p>\n<ol>\n<li>Entretien individuel avec chaque membre du bin\u00f4me<\/li>\n<li>Session commune de coaching pour cadrer les besoins et enjeux et d\u00e9finir collectivement Objectifs et Indicateurs de r\u00e9sultat<\/li>\n<li>Conception des modalit\u00e9s de travail : nombre de sessions, dur\u00e9e et contenu, pendant et entre les sessions<\/li>\n<li>Sessions de travail en bin\u00f4me, altern\u00e9es avec des sessions individuelles<\/li>\n<li>Bilan collectif et individuel<\/li>\n<\/ol>\n<p style=\"text-align: center;\"><a href=\"https:\/\/auratoria.com\/contact\/\" target=\"_blank\" rel=\"noopener\">Nous contacter pour une pr\u00e9sentation d\u00e9taill\u00e9e<\/a><\/p>\n<p style=\"text-align: center;\"><a class=\"btn btn-default\" href=\"#\">Retour en haut de page \u2191<\/a><\/p>\n<p><a name=\"fresque-du-management\"><\/a><\/p>\n<hr \/>\n<h2><strong><img decoding=\"async\" loading=\"lazy\" class=\"alignleft wp-image-1032 size-thumbnail\" src=\"https:\/\/auratoria.com\/wp-content\/uploads\/2019\/11\/group-of-people-standing-inside-room-2608517-Photo-by-Matheus-Bertelli-from-Pexels-150x150.jpg\" alt=\"\" width=\"150\" height=\"150\" srcset=\"https:\/\/auratoria.com\/wp-content\/uploads\/2019\/11\/group-of-people-standing-inside-room-2608517-Photo-by-Matheus-Bertelli-from-Pexels-150x150.jpg 150w, https:\/\/auratoria.com\/wp-content\/uploads\/2019\/11\/group-of-people-standing-inside-room-2608517-Photo-by-Matheus-Bertelli-from-Pexels-100x100.jpg 100w\" sizes=\"(max-width: 150px) 100vw, 150px\" \/>Coaching collectif : la Fresque du Management\u00a9<\/strong><\/h2>\n<p>Un point d&rsquo;\u00e9tape constructif pour vos managers, afin de revisiter et mettre \u00e0 jour en intelligence collective et sur un mode ludique et efficace votre r\u00e9f\u00e9rentiel manag\u00e9rial.<br \/>\nIl vous permet \u00e9galement d&rsquo;identifier vos besoins sp\u00e9cifiques d\u2019accompagnement et de formation compl\u00e9mentaires pour vos managers.<\/p>\n<p>La Fresque du Management\u00a9 est <strong>une approche innovante et structur\u00e9e<\/strong> :<\/p>\n<p><strong>Un atelier d\u2019intelligence collective autour du management et de ses d\u00e9fis actuels et futurs<\/strong><\/p>\n<p>Une exp\u00e9rience Collaborative, Ludique &#038; Apprenante pour :<\/p>\n<ul>\n<li>S\u2019aligner sur un r\u00e9f\u00e9rentiel de comportements cibles<\/li>\n<li>Favoriser les prises de conscience pour se mettre en mouvement<\/li>\n<li>Echanger avec ses pairs sur les bonnes pratiques<\/li>\n<\/ul>\n<p>La Fresque du Management\u00a9 peut vous aider \u00e0 :<\/p>\n<ul>\n<li>D\u00e9ployer et ancrer votre mod\u00e8le manag\u00e9rial au sein de votre organisation<\/li>\n<li>Le challenger si vous souhaitez le faire \u00e9voluer<\/li>\n<li>Faire r\u00e9fl\u00e9chir et travailler vos managers sur les comportements souhait\u00e9s<\/li>\n<\/ul>\n<p><strong>Dans quel but organiser un atelier ?<\/strong><\/p>\n<ul>\n<li><strong>D\u00e9finir un r\u00e9f\u00e9rentiel<\/strong> sous forme d&rsquo;un atelier de travail avec des managers et des repr\u00e9sentants des RH pour d\u00e9finir ou faire \u00e9voluer votre r\u00e9f\u00e9rentiel manag\u00e9rial en termes de \u00ab comportements cibles \u00bb<\/li>\n<li><strong>Sensibiliser<\/strong> \u00e0 l&rsquo;occasion de conventions ou s\u00e9minaires pour sensibiliser vos managers aux enjeux de la transformation manag\u00e9riale et susciter une mise en mouvement<\/li>\n<li><strong>D\u00e9ployer &#038; ancrer<\/strong> au travers d&rsquo;ateliers manag\u00e9riaux pour faire conna\u00eetre et favoriser l\u2019appropriation de votre mod\u00e8le par vos managers ; tester sa pertinence et identifier les besoins concrets d\u2019accompagnement<\/li>\n<\/ul>\n<p style=\"text-align: center;\"><a href=\"https:\/\/auratoria.com\/contact\/\" target=\"_blank\" rel=\"noopener\">Nous contacter pour une pr\u00e9sentation d\u00e9taill\u00e9e<\/a><\/p>\n<p style=\"text-align: center;\"><a class=\"btn btn-default\" href=\"#\">Retour en haut de page \u2191<\/a><\/p>\n<p><a name=\"coaching-collectif-equipe-ComEx-CoDir\"><\/a><\/p>\n<hr \/>\n<h2><img decoding=\"async\" loading=\"lazy\" class=\"alignleft wp-image-1515 size-thumbnail\" src=\"https:\/\/auratoria.com\/wp-content\/uploads\/2020\/06\/photo_reunion_people-coffee-meeting-team-7096-Photo-de-Startup-Stock-Photos-provenant-de-Pexels-150x150.jpg\" alt=\"\" width=\"150\" height=\"150\" \/><strong>Coaching collectif : \u00e9quipe et CoDir\/ComEx<\/strong><\/h2>\n<p>Vous cr\u00e9ez, recr\u00e9ez ou reprenez une \u00e9quipe, vous cherchez \u00e0 la <strong>(re)dynamiser<\/strong> apr\u00e8s une p\u00e9riode d\u00e9licate, une cr\u00e9ation ou une fusion, une <strong>transformation<\/strong> en cours ou \u00e0 venir, \u00e0 g\u00e9n\u00e9rer une collaboration plus efficace, \u00e0 cr\u00e9er un esprit et une coh\u00e9sion entre les co\u00e9quipiers\/\u00e8res, au sein du collectif dirigeant, \u00e0 am\u00e9liorer la confiance et les relations au sein de l\u2019\u00e9quipe, \u00e0 cr\u00e9er une vision partag\u00e9e, \u00e0 f\u00e9d\u00e9rer les \u00e9nergies autour d\u2019un projet, d\u2019un objectif, d\u2019une vision communs.<\/p>\n<h3><strong>Coaching de ComEx \/ CoDir : CO-View<\/strong><\/h3>\n<ul>\n<li>Pour mettre en \u0153uvre une vision commune<\/li>\n<li>Accompagner l\u2019alignement, la clart\u00e9 et le d\u00e9ploiement d\u2019une vision collective et coconstruite avec les membres dirigeants<\/li>\n<\/ul>\n<h3><strong>Coaching d\u2019\u00e9quipe \u2013 CO-Team<\/strong><\/h3>\n<ul>\n<li>Pour accompagner un manager et son \u00e9quipe \u00e0 des fins de mieux co-construire ensemble dans un but de mieux collaborer, de mieux communiquer et de cr\u00e9er un esprit d\u2019\u00e9quipe performant<\/li>\n<li>Challenger ses pratiques, son organisation, notamment dans des p\u00e9riodes dechangement ou de transformation<\/li>\n<\/ul>\n<p><strong>Pour tout coaching collectif, nous proc\u00e9dons en 6 \u00e9tapes avec vous :<br \/>\n<\/strong><\/p>\n<ol>\n<li>Cadrage des besoins et enjeux avec le\/la responsable de l\u2019\u00e9quipe<\/li>\n<li>Entretien individuel avec chaque membre de l\u2019\u00e9quipe<\/li>\n<li>Session de coaching d\u2019\u00e9quipe pour d\u00e9finir collectivement Objectifs et Indicateurs de r\u00e9sultat<\/li>\n<li>Conception des modalit\u00e9s de travail : nombre de coaches, de sessions et contenu, pendant et entre les sessions<\/li>\n<li>Sessions de travail en \u00e9quipe (ateliers ou s\u00e9minaires)<\/li>\n<li>Bilan collectif et individuel<\/li>\n<\/ol>\n<p>NB : un atelier <a href=\"https:\/\/auratoria.com\/coaching-professionnel-individuel-et-collectif\/executive-coaching-pour-managers-managers-et-dirigeants\/#fresque-du-management\" target=\"_blank\" rel=\"noopener\">Fresque du Management<\/a> permet d&rsquo;acc\u00e9l\u00e9rer ce processus.<\/p>\n<p style=\"text-align: center;\"><a href=\"https:\/\/auratoria.com\/contact\/\" target=\"_blank\" rel=\"noopener\">Nous contacter pour une pr\u00e9sentation d\u00e9taill\u00e9e<\/a><\/p>\n<p style=\"text-align: center;\"><a class=\"btn btn-default\" href=\"#\">Retour en haut de page \u2191<\/a><\/p>\n<p><a name=\"co-developpement\"><\/a><\/p>\n<hr \/>\n<h2><img decoding=\"async\" loading=\"lazy\" class=\"alignleft wp-image-1229 size-thumbnail\" src=\"https:\/\/auratoria.com\/wp-content\/uploads\/2020\/02\/Gestion_Du_Stress_AURATORIA-150x150.jpg\" alt=\"\" width=\"150\" height=\"150\" srcset=\"https:\/\/auratoria.com\/wp-content\/uploads\/2020\/02\/Gestion_Du_Stress_AURATORIA-150x150.jpg 150w, https:\/\/auratoria.com\/wp-content\/uploads\/2020\/02\/Gestion_Du_Stress_AURATORIA-100x100.jpg 100w\" sizes=\"(max-width: 150px) 100vw, 150px\" \/><strong>Cod\u00e9veloppement<\/strong><\/h2>\n<p><strong>CO-Head Up \u2013 D\u00e9finir des solutions internes en cod\u00e9veloppement<br \/>\n<\/strong>Vous souhaitez\u00a0<strong>rompre la routine<\/strong>\u00a0du \u201ctop-down\u201d et des silos pour rendre votre organisation plus\u00a0<strong>agile<\/strong>\u00a0et\u00a0<strong>faire \u00e9merger des solutions<\/strong> applicables de la part de vos collaborateurs ?<br \/>\nCe programme en cod\u00e9veloppement <strong>lib\u00e8re les \u00e9nergies internes et les forces de proposition<\/strong>.<\/p>\n<p><strong>Son objectif ? <span style=\"font-size: 1rem;\">Co-\u00e9laborer des solutions entre pairs<\/span><\/strong><\/p>\n<ul>\n<li>Le co-d\u00e9veloppement est un processus innovant de coaching entre pairs, de <strong>niveau hi\u00e9rarchique similaire<\/strong>, pour apprendre et am\u00e9liorer les pratiques professionnelles des participants.<\/li>\n<li>Les participants apprennent les uns des autres et se soutiennent mutuellement tout au long des sessions, en se concentrant sur leurs sujets concrets et actuels.<\/li>\n<li>Le\/la coach facilite le groupe pour assurer et s\u00e9curiser le processus.<\/li>\n<\/ul>\n<p style=\"text-align: center;\"><a href=\"https:\/\/auratoria.com\/contact\/\" target=\"_blank\" rel=\"noopener\">Nous contacter pour une pr\u00e9sentation d\u00e9taill\u00e9e<\/a><\/p>\n<p style=\"text-align: center;\"><a class=\"btn btn-default\" href=\"#\">Retour en haut de page \u2191<\/a><\/p>\n<hr \/>\n<h2><strong>Nos th\u00e9matiques de formation sur-mesure<\/strong><\/h2>\n<ul>\n<li>D\u00e9velopper sa posture manag\u00e9riale<\/li>\n<li>D\u00e9ployer son leadership humain<\/li>\n<li>Prendre la parole en public<\/li>\n<li>Adapter sa communication orale manag\u00e9riale<\/li>\n<li>Susciter l\u2019engagement et la collaboration des membres de l\u2019\u00e9quipe<\/li>\n<\/ul>\n<h2><strong>Nos modalit\u00e9s d\u2019accompagnement<\/strong><\/h2>\n<ul>\n<li>Notre accompagnement peut se d\u00e9ployer aupr\u00e8s d\u2019un dirigeant, d\u2019un ou plusieurs de vos managers, d\u2019un CoDir ou ComEx, d\u2019une \u00e9quipe.<\/li>\n<li>Il est adaptable et modulable selon les enjeux, les objectifs et votre environnement.<\/li>\n<li>En coaching individuel, un entretien tripartite est organis\u00e9 syst\u00e9matiquement au d\u00e9marrage de chaque accompagnement de \u00ab jeune \u00bb manager.<\/li>\n<li>Selon votre implantation g\u00e9ographique, nous pouvons r\u00e9aliser les coachings en visio, ou organiser du pr\u00e9sentiel si nous coachons plusieurs personnes ou groupes sur la m\u00eame journ\u00e9e et le m\u00eame site.<\/li>\n<li>Et nous pouvons, selon vos besoins, compl\u00e9ter le dispositif avec des modalit\u00e9s comme un 360\u00b0, un questionnaire de personnalit\u00e9 ou d\u2019assessment, du cod\u00e9veloppement, mixer du coaching individuel et collectif, et mettre en place des ateliers ou formations selon les objectifs du coaching.<\/li>\n<\/ul>\n<p style=\"text-align: center;\"><a href=\"https:\/\/auratoria.com\/contact\/\" target=\"_blank\" rel=\"noopener\">Nous contacter pour une pr\u00e9sentation d\u00e9taill\u00e9e<\/a><\/p>\n<p style=\"text-align: center;\"><a class=\"btn btn-default\" href=\"#\">Retour en haut de page \u2191<\/a><\/p>\n<hr \/>\n<p><a href=\"http:\/\/auratoria.com\/contact\/\"><img decoding=\"async\" loading=\"lazy\" class=\"alignleft wp-image-2087 size-thumbnail\" src=\"https:\/\/auratoria.com\/wp-content\/uploads\/2021\/04\/pexels-negative-space-33999-150x150.jpg\" sizes=\"(max-width: 150px) 100vw, 150px\" srcset=\"https:\/\/auratoria.com\/wp-content\/uploads\/2021\/04\/pexels-negative-space-33999-150x150.jpg 150w, https:\/\/auratoria.com\/wp-content\/uploads\/2021\/04\/pexels-negative-space-33999-100x100.jpg 100w\" alt=\"\" width=\"150\" height=\"150\" \/><\/a>Vous souhaitez mettre en place d&rsquo;autres formes d&rsquo;accompagnement pour votre entreprise ou pour vous-m\u00eame ?<br \/>\nPour des interventions en \u00a0<a href=\"https:\/\/auratoria.com\/coaching-professionnel-individuel-et-collectif\/\" target=\"_blank\" rel=\"noopener\">coaching individuel et collectif<\/a>, <a style=\"font-size: 1rem;\" href=\"https:\/\/auratoria.com\/coaching-professionnel-individuel-et-collectif\/coaching-prise-de-parole-et-communication\/\" target=\"_blank\" rel=\"noopener\">coachings prise de parole en public et communication<\/a><span style=\"font-size: 1rem;\">, <\/span><a href=\"https:\/\/auratoria.com\/formations-intraentreprise-sur-mesure\/\" target=\"_blank\" rel=\"noopener\">formations intra-entreprise<\/a><span style=\"font-size: 1rem;\">, <\/span><a style=\"font-size: 1rem;\" href=\"https:\/\/auratoria.com\/prestations-animation-evenements-et-conseil\/\" target=\"_blank\" rel=\"noopener\">s\u00e9minaires ou ateliers sur-mesure<\/a><span style=\"font-size: 1rem;\">, voir les pages d\u00e9di\u00e9es ou\u00a0<\/span><a style=\"font-size: 1rem;\" href=\"https:\/\/auratoria.com\/contact\/\" target=\"_blank\" rel=\"noopener\">nous consulter<\/a><span style=\"font-size: 1rem;\">.\u00a0<\/span><\/p>\n<hr \/>\n<\/div>","protected":false},"excerpt":{"rendered":"<p>Nos services de coaching pour managers, dirigeants et leurs \u00e9quipes &#8211; executive coaching et coaching collectif &nbsp; En route vers ou d\u00e9j\u00e0 install\u00e9\/e \u00e0 un poste de dirigeant, de manager ? Soucieux de d\u00e9velopper un leadership centr\u00e9 sur l&rsquo;humain ? Notre conviction : le management le plus efficace implique l&rsquo;humain dans son enti\u00e8ret\u00e9. Pour vous &hellip; <\/p>\n<p class=\"link-more\"><a href=\"https:\/\/auratoria.com\/fr\/coaching-professionnel-individuel-et-collectif\/executive-coaching-pour-managers-managers-et-dirigeants\/\" class=\"more-link\">Continuer la lecture<span class=\"screen-reader-text\"> de &laquo;&nbsp;Executive coaching pour managers, dirigeants et \u00e9quipes&nbsp;&raquo;<\/span><\/a><\/p>\n","protected":false},"author":1,"featured_media":0,"parent":296,"menu_order":0,"comment_status":"closed","ping_status":"closed","template":"","meta":{"footnotes":""},"_links":{"self":[{"href":"https:\/\/auratoria.com\/fr\/wp-json\/wp\/v2\/pages\/3390"}],"collection":[{"href":"https:\/\/auratoria.com\/fr\/wp-json\/wp\/v2\/pages"}],"about":[{"href":"https:\/\/auratoria.com\/fr\/wp-json\/wp\/v2\/types\/page"}],"author":[{"embeddable":true,"href":"https:\/\/auratoria.com\/fr\/wp-json\/wp\/v2\/users\/1"}],"replies":[{"embeddable":true,"href":"https:\/\/auratoria.com\/fr\/wp-json\/wp\/v2\/comments?post=3390"}],"version-history":[{"count":46,"href":"https:\/\/auratoria.com\/fr\/wp-json\/wp\/v2\/pages\/3390\/revisions"}],"predecessor-version":[{"id":3841,"href":"https:\/\/auratoria.com\/fr\/wp-json\/wp\/v2\/pages\/3390\/revisions\/3841"}],"up":[{"embeddable":true,"href":"https:\/\/auratoria.com\/fr\/wp-json\/wp\/v2\/pages\/296"}],"wp:attachment":[{"href":"https:\/\/auratoria.com\/fr\/wp-json\/wp\/v2\/media?parent=3390"}],"curies":[{"name":"wp","href":"https:\/\/api.w.org\/{rel}","templated":true}]}}