{"id":3393,"date":"2024-09-06T16:57:50","date_gmt":"2024-09-06T14:57:50","guid":{"rendered":"https:\/\/auratoria.com\/?page_id=3393"},"modified":"2025-12-17T22:48:23","modified_gmt":"2025-12-17T21:48:23","slug":"coaching-prise-de-parole-et-communication","status":"publish","type":"page","link":"https:\/\/auratoria.com\/fr\/coaching-professionnel-individuel-et-collectif\/coaching-prise-de-parole-et-communication\/","title":{"rendered":"Coaching prise de parole et communication interpersonnelle"},"content":{"rendered":"<div class=\"bt_bb_wrapper\"><h1><img decoding=\"async\" loading=\"lazy\" class=\"alignnone size-medium wp-image-786\" src=\"http:\/\/auratoria.com\/wp-content\/uploads\/2018\/11\/ligne_rouge_haut-1-300x11.jpg\" alt=\"\" width=\"300\" height=\"11\" srcset=\"https:\/\/auratoria.com\/wp-content\/uploads\/2018\/11\/ligne_rouge_haut-1-300x11.jpg 300w, https:\/\/auratoria.com\/wp-content\/uploads\/2018\/11\/ligne_rouge_haut-1.jpg 400w\" sizes=\"(max-width: 300px) 100vw, 300px\" \/><br \/>\nNos services de coaching prise de parole en public et communication interpersonnelle<\/h1>\n<p><img decoding=\"async\" loading=\"lazy\" class=\"size-medium wp-image-787 alignright\" src=\"http:\/\/auratoria.com\/wp-content\/uploads\/2018\/11\/ligne_rouge_bas-1-300x11.jpg\" alt=\"\" width=\"300\" height=\"11\" srcset=\"https:\/\/auratoria.com\/wp-content\/uploads\/2018\/11\/ligne_rouge_bas-1-300x11.jpg 300w, https:\/\/auratoria.com\/wp-content\/uploads\/2018\/11\/ligne_rouge_bas-1.jpg 400w\" sizes=\"(max-width: 300px) 100vw, 300px\" \/><\/p>\n<h2>Prise de parole et communication, des leviers de performance en entreprise<\/h2>\n<p>Aujourd\u2019hui, <b>acc\u00e9l\u00e9ration digitale<\/b>,<b> distanciation <\/b>et<b> accompagnement du changement <\/b>accentuent le besoin de <b>comp\u00e9tences communicationnelles et comportementales<\/b>.<\/p>\n<p>Les projets, \u00e9volutions et transformations organisationnelles ne peuvent se mettre en \u0153uvre efficacement et sur la dur\u00e9e qu\u2019avec ce moteur puissant et essentiel : <b>l\u2019humain, et sa conviction partag\u00e9e<\/b>.<\/p>\n<p>Les <b>comp\u00e9tences en\u00a0communication interpersonnelle et prise de parole<\/b> sont essentielles :<\/p>\n<ul>\n<li>Parce que\u00a0<b>r\u00e9ussir son oral<\/b>, c\u2019est\u00a0<b>gagner en confiance\u00a0<\/b>: confiance en soi,<br \/>\nconfiance de tous. C\u2019est gagner aussi les <b>ressources n\u00e9cessaires <\/b>pour vos projets, votre vision.<\/li>\n<li>Parce que chacun et chacune en a la capacit\u00e9. Avec m\u00e9thode et entra\u00eenement, dans le respect de sa personnalit\u00e9 et le d\u00e9ploiement de ses talents.<\/li>\n<\/ul>\n<h2>O\u00f9 en \u00eates-vous en communication orale ?<\/h2>\n<p>Vous faites face \u00e0 des <strong>prises de parole \u00e0 enjeu<\/strong>, qu&rsquo;il s&rsquo;agisse de prendre la parole devant un large auditoire, en r\u00e9union, avec des journalistes ou face cam\u00e9ra, solo ou \u00e0 plusieurs ?<br \/>\nVous avez besoin d&rsquo;am\u00e9liorer votre <strong>communication interpersonnelle<\/strong> dans le cadre professionnel &#8211; vous affirmer, apaiser les relations, adapter votre communication lors de situations d\u00e9licates ou relations difficiles ?<\/p>\n<p>Nos coaches vous accompagnent aussi bien dans la structuration de vos interventions que sur son appropriation et son incarnation. Fond et forme sont au menu, selon vos besoins et vos objectifs.\u00a0 Parfois anciens com\u00e9diens et chanteurs, nos coachs communication et prise de parole sont experts en techniques de communication pour vous aider \u00e0 gagner en impact.<\/p>\n<p><img decoding=\"async\" loading=\"lazy\" class=\"alignleft wp-image-1517 size-thumbnail\" src=\"https:\/\/auratoria.com\/wp-content\/uploads\/2020\/06\/louis-mornaud-L80cC_5nAFI-unsplash-Photo-by-Louis-Mornaud-on-Unsplash-150x150.jpg\" alt=\"\" width=\"150\" height=\"150\" \/><\/p>\n<p>Nos\u00a0<b>coachings <\/b>sont r\u00e9alis\u00e9s par des\u00a0<strong>coachs professionnels certifi\u00e9s et supervis\u00e9s, <\/strong>exp\u00e9riment\u00e9s dans l\u2019accompagnement individuel et collectif, et dans les postes \u00e0 responsabilit\u00e9.<br \/>\nIls donnent lieu \u00e0 un accompagnement\u00a0<strong>sur mesure \u2013\u00a0<\/strong>adapt\u00e9 \u00e0 votre personnalit\u00e9, votre point de d\u00e9part, vos contraintes et votre environnement sp\u00e9cifiques, pour vous aider \u00e0 atteindre vos objectifs.<\/p>\n<p>Durant les s\u00e9ances, vous vous appropriez les questionnements et explorez les ressources n\u00e9cessaires \u00e0 lever vos freins et op\u00e9rer des changements en profondeur, et les mettez en pratique. Votre coach \u00e9labore avec vous des <strong>exercices<\/strong> pratiques ou <strong>d\u00e9fis<\/strong> cibl\u00e9s \u00e0 r\u00e9aliser d&rsquo;une s\u00e9ance \u00e0 l&rsquo;autre pour prolonger la dynamique de la s\u00e9ance et vous mettre en situation et en action.<\/p>\n<p><i><em><img decoding=\"async\" loading=\"lazy\" class=\"alignleft wp-image-2122 size-thumbnail\" src=\"https:\/\/auratoria.com\/wp-content\/uploads\/2021\/04\/pexels-cottonbro-4676443-carre-mug-anglais-150x150.jpg\" sizes=\"(max-width: 150px) 100vw, 150px\" srcset=\"https:\/\/auratoria.com\/wp-content\/uploads\/2021\/04\/pexels-cottonbro-4676443-carre-mug-anglais-150x150.jpg 150w, https:\/\/auratoria.com\/wp-content\/uploads\/2021\/04\/pexels-cottonbro-4676443-carre-mug-anglais-300x300.jpg 300w, https:\/\/auratoria.com\/wp-content\/uploads\/2021\/04\/pexels-cottonbro-4676443-carre-mug-anglais-768x769.jpg 768w, https:\/\/auratoria.com\/wp-content\/uploads\/2021\/04\/pexels-cottonbro-4676443-carre-mug-anglais-1024x1024.jpg 1024w, https:\/\/auratoria.com\/wp-content\/uploads\/2021\/04\/pexels-cottonbro-4676443-carre-mug-anglais-100x100.jpg 100w, https:\/\/auratoria.com\/wp-content\/uploads\/2021\/04\/pexels-cottonbro-4676443-carre-mug-anglais.jpg 1162w\" alt=\"\" width=\"150\" height=\"150\" \/>Prestations en\u00a0<strong>fran\u00e7ais<\/strong>\u00a0ou en\u00a0<strong>anglais<\/strong>, sur Paris, France enti\u00e8re ou \u00e0 l\u2019\u00e9tranger.<\/em><\/i><\/p>\n<p><img decoding=\"async\" loading=\"lazy\" class=\"wp-image-1648 size-thumbnail alignright\" src=\"https:\/\/auratoria.com\/wp-content\/uploads\/2020\/09\/photo-of-people-touching-each-other-s-hands-3184428_Photo-de-fauxels-provenant-de-Pexels_Programme_Team_Power_accelerer_la_performance_de_votre_equipe-150x150.jpg\" sizes=\"(max-width: 150px) 100vw, 150px\" srcset=\"https:\/\/auratoria.com\/wp-content\/uploads\/2020\/09\/photo-of-people-touching-each-other-s-hands-3184428_Photo-de-fauxels-provenant-de-Pexels_Programme_Team_Power_accelerer_la_performance_de_votre_equipe-150x150.jpg 150w, https:\/\/auratoria.com\/wp-content\/uploads\/2020\/09\/photo-of-people-touching-each-other-s-hands-3184428_Photo-de-fauxels-provenant-de-Pexels_Programme_Team_Power_accelerer_la_performance_de_votre_equipe-100x100.jpg 100w\" alt=\"\" width=\"150\" height=\"150\" \/><\/p>\n<p><strong>Nos coach\u00e9s :<\/strong>\u00a0dirigeants, cadres ou managers,\u00a0 intrapreneurs, chefs de projet, ainsi que journalistes, com\u00e9diens, entrepreneurs.<\/p>\n<p>En savoir plus sur :<\/p>\n<ul>\n<li><a href=\"#coaching-individuel-prise-de-parole\">Coaching individuel prise de parole en public et communication<\/a><\/li>\n<li><a href=\"#coaching-collectif-prise-de-parole\">Coaching collectif prise de parole<\/a><a name=\"coaching-individuel-prise-de-parole\"><\/a><br \/>\n<hr \/>\n<\/li>\n<\/ul>\n<h2><span style=\"color: #993300;\"><strong>Coaching individuel prise de parole en public et communication<\/strong><\/span><\/h2>\n<h3><strong><img decoding=\"async\" loading=\"lazy\" class=\"size-full wp-image-1127 alignleft\" src=\"https:\/\/auratoria.com\/wp-content\/uploads\/2020\/01\/Picto_Parole_AURATORIA_neg.png\" alt=\"Picto_Parole_AURATORIA_neg\" width=\"161\" height=\"161\" srcset=\"https:\/\/auratoria.com\/wp-content\/uploads\/2020\/01\/Picto_Parole_AURATORIA_neg.png 161w, https:\/\/auratoria.com\/wp-content\/uploads\/2020\/01\/Picto_Parole_AURATORIA_neg-150x150.png 150w, https:\/\/auratoria.com\/wp-content\/uploads\/2020\/01\/Picto_Parole_AURATORIA_neg-100x100.png 100w\" sizes=\"(max-width: 161px) 100vw, 161px\" \/>Ce que nos coach\u00e9s disent de nos accompagnements<\/strong><\/h3>\n<p><span style=\"color: #800000;\"><em>\u201cJ\u2019ai eu la chance de profiter d\u2019un coaching avec [ma coach] sur des sujets de communication et d\u2019empowerment. Son \u00e9coute et son professionnalisme ont \u00e9t\u00e9 des atouts d\u00e9terminants dans la r\u00e9solution des probl\u00e8mes. Son accompagnement est un super booster et r\u00e9v\u00e9lateur de talents. Je vous recommande vivement de croiser [sa] route.\u201d<\/em><\/span><\/p>\n<p style=\"text-align: center;\"><a href=\"https:\/\/auratoria.com\/nos-references\/ils-disent-de-nous\/\">Lire plus de verbatims de nos clients<\/a><\/p>\n<p style=\"text-align: center;\"><a href=\"https:\/\/auratoria.com\/contact\/\" target=\"_blank\" rel=\"noopener\">Nous contacter<\/a><\/p>\n<hr \/>\n<h3><strong><img decoding=\"async\" loading=\"lazy\" class=\"alignleft wp-image-348 size-thumbnail\" src=\"https:\/\/auratoria.com\/wp-content\/uploads\/2018\/04\/Coaching_Auratoria_AdobeStock_104820474_low_res-150x150.jpeg\" alt=\"Coaching Auratoria Prise de Parole en Public\" width=\"150\" height=\"150\" \/><\/strong><strong>Coaching<\/strong> <strong>BoostYourSpeech<\/strong><\/h3>\n<p>Au service soit d&rsquo;une ou de deux typologies d&rsquo;interventions cibles, soit d&rsquo;une conf\u00e9rence ou TEDx, soit du d\u00e9veloppement de votre communication interpersonnelle.<\/p>\n<p>L&rsquo;accompagnement, en face-\u00e0-face en pr\u00e9sence ou visioconf\u00e9rence, inclut une rencontre, et selon vos objectifs et votre organisation 1h Bipartite ou Tripartite de Diagnostic Personnalis\u00e9 Initial, 3 \u00e0 5 sessions de 2h, 1h de Bilan de Fin de Parcours Bipartite ou Tripartite.<\/p>\n<p>Les sessions sont espac\u00e9es de 1 \u00e0 3 semaines maximum pour maintenir votre dynamique de changement.<\/p>\n<p><strong>Typologies d&rsquo;intervention prise de parole en public :<\/strong> voir ci-dessous.<\/p>\n<p><strong>Communication interpersonnelle :<\/strong> vos objectifs rel\u00e8vent de :<\/p>\n<ul>\n<li>Trouver votre posture d\u2019assertivit\u00e9<\/li>\n<li>Poser des limites de fa\u00e7on entendable<\/li>\n<li>Renforcer votre l\u00e9gitimit\u00e9 et votre leadership<\/li>\n<li>D\u00e9velopper votre confiance en vous<\/li>\n<li>R\u00e9guler votre stress, vos \u00e9motions<\/li>\n<li>Ajuster votre posture vis-\u00e0-vis de votre interlocuteur\/trice<\/li>\n<li>Apaiser les relations<\/li>\n<li>Adapter votre communication lors de situations d\u00e9licates ou relations difficiles<\/li>\n<\/ul>\n<h3><img decoding=\"async\" loading=\"lazy\" class=\"wp-image-1512 alignleft\" src=\"https:\/\/auratoria.com\/wp-content\/uploads\/2020\/06\/Go_black-microphone-1840320-Photo-by-Teemu-R-from-Pexels-rect-300x172.jpg\" alt=\"\" width=\"300\" height=\"172\" \/><\/h3>\n<h3><strong>Typologies d&rsquo;intervention prise de parole en public accompagn\u00e9es<\/strong><\/h3>\n<ul>\n<li>intervention en table ronde,<\/li>\n<li>animation de table ronde,<\/li>\n<li>animation de r\u00e9union,<\/li>\n<li>pr\u00e9sentation de projet en r\u00e9union en pr\u00e9sence,<\/li>\n<li>pitch personnel\u00a0 de projet ou d&rsquo;entreprise,<\/li>\n<li>pr\u00e9sentation de projet en r\u00e9union \u00e0 distance,<\/li>\n<li>discours motivationnel en s\u00e9minaire ou convention,<\/li>\n<li>conf\u00e9rence ou TEDx,<\/li>\n<li>intervention face aux m\u00e9dia (m\u00e9diatraining),<\/li>\n<li>intervention face cam\u00e9ra (vid\u00e9otraining),<\/li>\n<li>oral de soutenance (projet, poste \u00e0 responsabilit\u00e9, examen),<\/li>\n<li>intervention au tribunal.<\/li>\n<\/ul>\n<p style=\"text-align: center;\"><a href=\"https:\/\/auratoria.com\/contact\/\" target=\"_blank\" rel=\"noopener\">Nous contacter<\/a><\/p>\n<p style=\"text-align: center;\"><a class=\"btn btn-default\" href=\"#\">Retour en haut de page \u2191<\/a><\/p>\n<hr \/>\n<h3 style=\"text-align: left;\"><strong><img decoding=\"async\" loading=\"lazy\" class=\"alignleft wp-image-1936 size-thumbnail\" src=\"https:\/\/auratoria.com\/wp-content\/uploads\/2021\/03\/miguel-bruna-TzVN0xQhWaQ-unsplash_Photo-by-Miguel-Bruna-on-Unsplash-150x150.jpg\" alt=\"\" width=\"150\" height=\"150\" srcset=\"https:\/\/auratoria.com\/wp-content\/uploads\/2021\/03\/miguel-bruna-TzVN0xQhWaQ-unsplash_Photo-by-Miguel-Bruna-on-Unsplash-150x150.jpg 150w, https:\/\/auratoria.com\/wp-content\/uploads\/2021\/03\/miguel-bruna-TzVN0xQhWaQ-unsplash_Photo-by-Miguel-Bruna-on-Unsplash-100x100.jpg 100w\" sizes=\"(max-width: 150px) 100vw, 150px\" \/>Coaching Female Voice Empowerment<\/strong><\/h3>\n<p style=\"text-align: left;\">Un coaching vocal individuel et court, d\u00e9di\u00e9 au d\u00e9veloppement des <strong>voix f\u00e9minines<\/strong>.<br \/>\nSelon vos objectifs, votre coach vous accompagne dans l&rsquo;affirmation et la modulation de votre voix parl\u00e9e, pour vous faire mieux entendre, mieux comprendre, capter et maintenir l&rsquo;attention de vos interlocuteurs.<br \/>\nL&rsquo;accompagnement sur 8h, en face-\u00e0-face ou visioconf\u00e9rence, inclut 1h de Diagnostic Personnalis\u00e9 Bipartite ou Tripartite, 3\u00a0 sessions de 2h, 1h de Bilan de Fin de Parcours Bipartite ou Tripartite.<\/p>\n<hr \/>\n<p style=\"text-align: center;\"><a href=\"https:\/\/auratoria.com\/contact\/\" target=\"_blank\" rel=\"noopener\">Nous contacter<\/a><\/p>\n<p style=\"text-align: center;\"><a class=\"btn btn-default\" href=\"#\">Retour en haut de page \u2191<\/a><\/p>\n<p><a name=\"coaching-collectif-prise-de-parole\"><\/a><\/p>\n<hr \/>\n<h2><span style=\"color: #993300;\"><strong>Coaching prise de parole en collectif<\/strong><\/span><\/h2>\n<p><strong><img decoding=\"async\" loading=\"lazy\" class=\"wp-image-1531 size-medium alignright\" src=\"https:\/\/auratoria.com\/wp-content\/uploads\/2020\/06\/NuitPhilanthropie_ADS_NDP_2019_resultat-300x200.jpg\" alt=\"\" width=\"300\" height=\"200\" \/><\/strong><\/p>\n<p><span style=\"font-size: 1rem;\">L\u2019enjeu en est de stimuler vos\u00a0<\/span><strong style=\"font-size: 1rem;\">projets innovants<\/strong><span style=\"font-size: 1rem;\">\u00a0et les\u00a0<\/span><strong style=\"font-size: 1rem;\">transformations de votre entreprise<\/strong><span style=\"font-size: 1rem;\">\u00a0en amenant vos porte-parole et porteurs de projet internes au niveau conf\u00e9rencier TED pour embarquer votre organisation lors de prises de parole marquantes et inspirantes pour tous.<\/span><\/p>\n<p>Cette approche est adapt\u00e9e pour un petit nombre de personnes cl\u00e9s devant intervenir collectivement et\/ou individuellement\u00a0 face \u00e0 un public commun et sous la m\u00eame forme.<\/p>\n<p>Selon le nombre de coach\u00e9s, nous accompagnons votre collectif par un collectif de coaches experts en prise de parole en public.<\/p>\n<p>Les sessions de\u00a0<strong>coaching collectif<\/strong>\u00a0sont coupl\u00e9es \u00e0 des sessions de\u00a0<strong>coaching individuel<\/strong>\u00a0pour permettre \u00e0 chacun\/e de formaliser et mettre en \u0153uvre sa propre partie de la partition.<\/p>\n<p>Selon le nombre de coach\u00e9s, nous accompagnons votre collectif par un collectif de coaches experts en prise de parole en public.<\/p>\n<p>Les sessions de <strong>coaching collectif<\/strong> sont coupl\u00e9es \u00e0 des sessions de <strong>coaching individuel<\/strong> pour permettre \u00e0 chacun\/e de formaliser et mettre en \u0153uvre sa propre partie de la partition.<\/p>\n<p><strong>Exemples de missions : <\/strong>concours de pitchs, lev\u00e9e de fonds ou de dons, dynamique de coanimation, pr\u00e9sentation de projets, projets innovants, TEDx et \u00e9v\u00e9nements type TED.<\/p>\n<p><strong>Pour tout coaching collectif, nous proc\u00e9dons en 6 \u00e9tapes avec vous :<br \/>\n<\/strong><\/p>\n<ol>\n<li>Cadrage des besoins et enjeux avec le\/la responsable de l\u2019\u00e9quipe<\/li>\n<li>Entretien individuel avec chaque membre de l\u2019\u00e9quipe<\/li>\n<li>Session de coaching d\u2019\u00e9quipe pour d\u00e9finir collectivement Objectifs et Indicateurs de r\u00e9sultat<\/li>\n<li>Conception des modalit\u00e9s de travail : nombre de coaches, de sessions et contenu, pendant et entre les sessions<\/li>\n<li>Sessions de travail en \u00e9quipe (ateliers ou s\u00e9minaires)<\/li>\n<li>Bilan collectif et individuel<\/li>\n<\/ol>\n<p><img decoding=\"async\" loading=\"lazy\" class=\"wp-image-734 size-medium aligncenter\" src=\"https:\/\/auratoria.com\/wp-content\/uploads\/2018\/11\/TeamTEDxCelsa2018-300x225.jpeg\" alt=\"\" width=\"300\" height=\"225\" srcset=\"https:\/\/auratoria.com\/wp-content\/uploads\/2018\/11\/TeamTEDxCelsa2018-300x225.jpeg 300w, https:\/\/auratoria.com\/wp-content\/uploads\/2018\/11\/TeamTEDxCelsa2018-768x576.jpeg 768w, https:\/\/auratoria.com\/wp-content\/uploads\/2018\/11\/TeamTEDxCelsa2018-1024x768.jpeg 1024w, https:\/\/auratoria.com\/wp-content\/uploads\/2018\/11\/TeamTEDxCelsa2018.jpeg 1478w\" sizes=\"(max-width: 300px) 100vw, 300px\" \/><\/p>\n<p style=\"text-align: center;\"><a href=\"https:\/\/auratoria.com\/contact\/\" target=\"_blank\" rel=\"noopener\">Nous contacter pour une pr\u00e9sentation d\u00e9taill\u00e9e<\/a><\/p>\n<p style=\"text-align: center;\"><a class=\"btn btn-default\" href=\"#\">Retour en haut de page \u2191<\/a><\/p>\n<h3 style=\"text-align: left;\"><strong style=\"color: #666666; font-size: 1.25rem;\">Nos modalit\u00e9s d\u2019accompagnement<\/strong><\/h3>\n<ul>\n<li>Notre accompagnement peut se d\u00e9ployer aupr\u00e8s d&rsquo;un ou plusieurs collaborateurs, d\u2019un dirigeant, d\u2019un ou plusieurs de vos managers, d\u2019un CoDir ou ComEx, d\u2019une \u00e9quipe.<\/li>\n<li>Il est adaptable et modulable selon les enjeux, les objectifs et votre environnement.<\/li>\n<li>En coaching individuel en entreprise, un entretien tripartite est organis\u00e9 syst\u00e9matiquement au d\u00e9marrage de chaque accompagnement.<\/li>\n<li>Selon votre implantation g\u00e9ographique, nous pouvons r\u00e9aliser les coachings en visio, ou organiser du pr\u00e9sentiel si nous coachons plusieurs personnes ou groupes sur la m\u00eame journ\u00e9e et le m\u00eame site.<\/li>\n<li>Et nous pouvons, selon vos besoins, compl\u00e9ter le dispositif avec des modalit\u00e9s comme un 360\u00b0, un questionnaire de personnalit\u00e9 ou d\u2019assessment, du cod\u00e9veloppement, mixer du coaching individuel et collectif, et mettre en place des ateliers ou formations selon les objectifs du coaching.<\/li>\n<\/ul>\n<hr \/>\n<p><a href=\"http:\/\/auratoria.com\/contact\/\"><img decoding=\"async\" loading=\"lazy\" class=\"alignleft wp-image-2087 size-thumbnail\" src=\"https:\/\/auratoria.com\/wp-content\/uploads\/2021\/04\/pexels-negative-space-33999-150x150.jpg\" sizes=\"(max-width: 150px) 100vw, 150px\" srcset=\"https:\/\/auratoria.com\/wp-content\/uploads\/2021\/04\/pexels-negative-space-33999-150x150.jpg 150w, https:\/\/auratoria.com\/wp-content\/uploads\/2021\/04\/pexels-negative-space-33999-100x100.jpg 100w\" alt=\"\" width=\"150\" height=\"150\" \/><\/a>Vous souhaitez mettre en place d&rsquo;autres formes d&rsquo;accompagnement pour votre entreprise ou pour vous-m\u00eame ?<br \/>\nPour des interventions en\u00a0<a style=\"font-size: 1rem;\" href=\"https:\/\/auratoria.com\/coaching-professionnel-individuel-et-collectif\/\" target=\"_blank\" rel=\"noopener\">coaching individuel et collectif<\/a><span style=\"font-size: 1rem;\">, <\/span><a style=\"font-size: 1rem;\" href=\"https:\/\/auratoria.com\/coaching-professionnel-individuel-et-collectif\/executive-coaching-pour-managers-managers-et-dirigeants\/\" target=\"_blank\" rel=\"noopener\">coaching de managers, de dirigeants et leurs \u00e9quipes<\/a>,\u00a0<a href=\"https:\/\/auratoria.com\/formations-intraentreprise-sur-mesure\/\" target=\"_blank\" rel=\"noopener\">formations intra-entreprise<\/a><span style=\"font-size: 1rem;\">, <\/span><a style=\"font-size: 1rem;\" href=\"https:\/\/auratoria.com\/prestations-animation-evenements-et-conseil\/\" target=\"_blank\" rel=\"noopener\">s\u00e9minaires ou ateliers sur-mesure<\/a><span style=\"font-size: 1rem;\">,<br \/>\nvoir les pages d\u00e9di\u00e9es ou <\/span><a style=\"font-size: 1rem;\" href=\"https:\/\/auratoria.com\/contact\/\" target=\"_blank\" rel=\"noopener\">nous consulter<\/a>.<\/p>\n<\/div>","protected":false},"excerpt":{"rendered":"<p>Nos services de coaching prise de parole en public et communication interpersonnelle Prise de parole et communication, des leviers de performance en entreprise Aujourd\u2019hui, acc\u00e9l\u00e9ration digitale, distanciation et accompagnement du changement accentuent le besoin de comp\u00e9tences communicationnelles et comportementales. Les projets, \u00e9volutions et transformations organisationnelles ne peuvent se mettre en \u0153uvre efficacement et sur la &hellip; <\/p>\n<p class=\"link-more\"><a href=\"https:\/\/auratoria.com\/fr\/coaching-professionnel-individuel-et-collectif\/coaching-prise-de-parole-et-communication\/\" class=\"more-link\">Continuer la lecture<span class=\"screen-reader-text\"> de &laquo;&nbsp;Coaching prise de parole et communication interpersonnelle&nbsp;&raquo;<\/span><\/a><\/p>\n","protected":false},"author":1,"featured_media":3350,"parent":296,"menu_order":0,"comment_status":"closed","ping_status":"closed","template":"","meta":{"footnotes":""},"_links":{"self":[{"href":"https:\/\/auratoria.com\/fr\/wp-json\/wp\/v2\/pages\/3393"}],"collection":[{"href":"https:\/\/auratoria.com\/fr\/wp-json\/wp\/v2\/pages"}],"about":[{"href":"https:\/\/auratoria.com\/fr\/wp-json\/wp\/v2\/types\/page"}],"author":[{"embeddable":true,"href":"https:\/\/auratoria.com\/fr\/wp-json\/wp\/v2\/users\/1"}],"replies":[{"embeddable":true,"href":"https:\/\/auratoria.com\/fr\/wp-json\/wp\/v2\/comments?post=3393"}],"version-history":[{"count":28,"href":"https:\/\/auratoria.com\/fr\/wp-json\/wp\/v2\/pages\/3393\/revisions"}],"predecessor-version":[{"id":3847,"href":"https:\/\/auratoria.com\/fr\/wp-json\/wp\/v2\/pages\/3393\/revisions\/3847"}],"up":[{"embeddable":true,"href":"https:\/\/auratoria.com\/fr\/wp-json\/wp\/v2\/pages\/296"}],"wp:featuredmedia":[{"embeddable":true,"href":"https:\/\/auratoria.com\/fr\/wp-json\/wp\/v2\/media\/3350"}],"wp:attachment":[{"href":"https:\/\/auratoria.com\/fr\/wp-json\/wp\/v2\/media?parent=3393"}],"curies":[{"name":"wp","href":"https:\/\/api.w.org\/{rel}","templated":true}]}}