{"id":475,"date":"2018-05-27T17:35:43","date_gmt":"2018-05-27T15:35:43","guid":{"rendered":"http:\/\/auratoria.com\/?page_id=475"},"modified":"2025-09-10T10:53:15","modified_gmt":"2025-09-10T08:53:15","slug":"credits-et-mentions-legales","status":"publish","type":"page","link":"https:\/\/auratoria.com\/fr\/contact\/credits-et-mentions-legales\/","title":{"rendered":"Cr\u00e9dits et Mentions L\u00e9gales"},"content":{"rendered":"<div class=\"bt_bb_wrapper\"><p><strong>Cr\u00e9dits :\u00a0<\/strong>Copyright Auratoria\u00ae, tous droits r\u00e9serv\u00e9s.<br \/>\n<span style=\"text-decoration: underline;\">Cr\u00e9dits Photos :<\/span> Adobe Stock ; Pexels ; Unsplash ; courtesy of Arc : Cristal d\u2019Arques Paris, Chef&#038;Sommelier, Arcoroc ; Jonathan Aomar ; Rapha\u00eble de La Laurencie ; Arnaud Lancelot<br \/>\n<span style=\"text-decoration: underline;\">Cr\u00e9dit graphismes\/logos et pictos :<\/span> Roxane Aparicio<\/p>\n<p><strong>Editeur<\/strong>\u00a0: les sites auratoria.com et auratoria.fr sont \u00e9dit\u00e9s par :<\/p>\n<p><strong>AURATORIA<br \/>\n<\/strong>SAS \u00e0 capital variable au capital social de 6 000 euros<br \/>\n85 rue Duhesme\u00a075018 Paris, France<br \/>\nTel : +33(0)1 40 65 02 94<br \/>\n<b>RCS\u00a0<\/b><b><\/b><b>:<\/b>\u00a0845\u00a0211\u00a0812 RCS Paris<br \/>\n<b>SIRET :\u00a0<\/b>845\u00a0211\u00a0812 00019<br \/>\n<b><\/b><b>SIREN\u00a0:\u00a0<\/b>845\u00a0211\u00a0812<br \/>\n<b><\/b><b>Code NAF\/APE<\/b>\u00a0: 8559A \u2013 Formation continue d\u2019adultes<br \/>\n<strong>NDA :<\/strong> D\u00e9claration d&rsquo;activit\u00e9 enregistr\u00e9e sous le num\u00e9ro <strong>11755882475<\/strong> aupr\u00e8s du Pr\u00e9fet de r\u00e9gion d\u2019Ile-de-France.<br \/>\n<strong>Qualiopi : <\/strong>certificat B03724 le 22\/02\/2025<strong><br \/>\n<\/strong><b>N\u00b0 de TVA intracommunautaire<\/b>\u00a0: FR 61\u00a0845\u00a0211 812<\/p>\n<p><strong>Directrice de la publication<span style=\"display: inline !important; float: none; background-color: #ffffff; color: #333333; cursor: text; font-family: 'Libre Franklin','Helvetica Neue',helvetica,arial,sans-serif; font-size: 16px; font-style: normal; font-variant: normal; font-weight: 400; letter-spacing: normal; orphans: 2; text-align: left; text-decoration: none; text-indent: 0px; text-transform: none; -webkit-text-stroke-width: 0px; white-space: normal; word-spacing: 0px;\">\u00a0: Rapha\u00eble de La Laurencie<\/span><br \/>\n<span style=\"display: inline !important; float: none; background-color: #ffffff; color: #333333; cursor: text; font-family: 'Libre Franklin','Helvetica Neue',helvetica,arial,sans-serif; font-size: 16px; font-style: normal; font-variant: normal; font-weight: 400; letter-spacing: normal; orphans: 2; text-align: left; text-decoration: none; text-indent: 0px; text-transform: none; -webkit-text-stroke-width: 0px; white-space: normal; word-spacing: 0px;\">E-mail : postmaster(a)auratoria.com<\/span><br \/>\n<span style=\"display: inline !important; float: none; background-color: #ffffff; color: #333333; cursor: text; font-family: 'Libre Franklin','Helvetica Neue',helvetica,arial,sans-serif; font-size: 16px; font-style: normal; font-variant: normal; font-weight: 400; letter-spacing: normal; orphans: 2; text-align: left; text-decoration: none; text-indent: 0px; text-transform: none; -webkit-text-stroke-width: 0px; white-space: normal; word-spacing: 0px;\">85 rue Duhesme\u00a075018 Paris,\u00a0France<\/span><br \/>\n<span style=\"display: inline !important; float: none; background-color: #ffffff; color: #333333; cursor: text; font-family: 'Libre Franklin','Helvetica Neue',helvetica,arial,sans-serif; font-size: 16px; font-style: normal; font-variant: normal; font-weight: 400; letter-spacing: normal; orphans: 2; text-align: left; text-decoration: none; text-indent: 0px; text-transform: none; -webkit-text-stroke-width: 0px; white-space: normal; word-spacing: 0px;\">Tel : 01 40 65 02 94<\/span><\/strong><\/p>\n<p><strong>AURATORIA\u00ae, EMPOWER YOUR SPEECH\u00ae, ANCRAGE&#038;PARTAGE\u00ae et ANCHOR&#038;SHARE\u00ae <\/strong>sont des marques prot\u00e9g\u00e9es et enregistr\u00e9es aupr\u00e8s de l&rsquo;INPI, tous droits d&rsquo;exploitation et d&rsquo;utilisation r\u00e9serv\u00e9s.<\/p>\n<p><strong>H\u00e9bergeur\u00a0: <\/strong>le\u00a0site\u00a0<a href=\"http:\/\/www.auratoria.com\/\">www.auratoria.com<\/a> est h\u00e9berg\u00e9 par : SAS OVH<br \/>\n<a href=\"http:\/\/www.ovh.com\/\">http:\/\/www.ovh.com<\/a><br \/>\n2 rue Kellermann<br \/>\nBP 80157<br \/>\n59100 Roubaix<br \/>\nFrance<\/p>\n<p><strong>RGPD :<br \/>\n<\/strong>Parmi les informations que vous soumettez \u00e0 AURATORIA SAS via le site www.auratoria.com, certaines sont obligatoires, car indispensables \u00e0 la r\u00e9alisation des prestations et services dans les meilleures conditions, d\u2019autres sont facultatives, et collect\u00e9es dans le but de mieux vous satisfaire, en r\u00e9pondant de mani\u00e8re plus personnalis\u00e9e \u00e0 vos attentes. Ces donn\u00e9es sont collect\u00e9es par AURATORIA SAS, enregistr\u00e9es sous format \u00e9lectronique, et certaines sont susceptibles d\u2019\u00eatre transmises aux prestataires de AURATORIA SAS dans le but du traitement de votre demande ou de r\u00e9alisation de la prestation command\u00e9e.<\/p>\n<p>Conform\u00e9ment aux articles 15 et suivants du r\u00e8glement UE n\u00b0216\/679 du 27 avril 2016, relatif \u00e0 la protection des personnes physiques \u00e0 l\u2019\u00e9gard du traitement des donn\u00e9es \u00e0 caract\u00e8re personnel et \u00e0 la libre circulation de ces donn\u00e9es, dit \u00ab R\u00e8glement G\u00e9n\u00e9ral sur la Protection des Donn\u00e9es \u00bb, vous disposez d\u2019un droit d\u2019acc\u00e8s, de rectification et d\u2019effacement de vos donn\u00e9es personnelles. Vous pouvez exercer ce droit par courrier simple \u00e0 AURATORIA SAS, 85 rue Duhesme 75018 Paris, France, ou par courriel \u00e0 postmaster(a)auratoria.com.<\/p>\n<\/div>","protected":false},"excerpt":{"rendered":"<p>Cr\u00e9dits :\u00a0Copyright Auratoria\u00ae, tous droits r\u00e9serv\u00e9s. Cr\u00e9dits Photos : Adobe Stock ; Pexels ; Unsplash ; courtesy of Arc : Cristal d\u2019Arques Paris, Chef&#038;Sommelier, Arcoroc ; Jonathan Aomar ; Rapha\u00eble de La Laurencie ; Arnaud Lancelot Cr\u00e9dit graphismes\/logos et pictos : Roxane Aparicio Editeur\u00a0: les sites auratoria.com et auratoria.fr sont \u00e9dit\u00e9s par : AURATORIA SAS &hellip; <\/p>\n<p class=\"link-more\"><a href=\"https:\/\/auratoria.com\/fr\/contact\/credits-et-mentions-legales\/\" class=\"more-link\">Continuer la lecture<span class=\"screen-reader-text\"> de &laquo;&nbsp;Cr\u00e9dits et Mentions L\u00e9gales&nbsp;&raquo;<\/span><\/a><\/p>\n","protected":false},"author":1,"featured_media":504,"parent":27,"menu_order":0,"comment_status":"closed","ping_status":"closed","template":"","meta":{"footnotes":""},"_links":{"self":[{"href":"https:\/\/auratoria.com\/fr\/wp-json\/wp\/v2\/pages\/475"}],"collection":[{"href":"https:\/\/auratoria.com\/fr\/wp-json\/wp\/v2\/pages"}],"about":[{"href":"https:\/\/auratoria.com\/fr\/wp-json\/wp\/v2\/types\/page"}],"author":[{"embeddable":true,"href":"https:\/\/auratoria.com\/fr\/wp-json\/wp\/v2\/users\/1"}],"replies":[{"embeddable":true,"href":"https:\/\/auratoria.com\/fr\/wp-json\/wp\/v2\/comments?post=475"}],"version-history":[{"count":25,"href":"https:\/\/auratoria.com\/fr\/wp-json\/wp\/v2\/pages\/475\/revisions"}],"predecessor-version":[{"id":3753,"href":"https:\/\/auratoria.com\/fr\/wp-json\/wp\/v2\/pages\/475\/revisions\/3753"}],"up":[{"embeddable":true,"href":"https:\/\/auratoria.com\/fr\/wp-json\/wp\/v2\/pages\/27"}],"wp:featuredmedia":[{"embeddable":true,"href":"https:\/\/auratoria.com\/fr\/wp-json\/wp\/v2\/media\/504"}],"wp:attachment":[{"href":"https:\/\/auratoria.com\/fr\/wp-json\/wp\/v2\/media?parent=475"}],"curies":[{"name":"wp","href":"https:\/\/api.w.org\/{rel}","templated":true}]}}